{"id":157,"date":"2017-02-14T06:44:08","date_gmt":"2017-02-14T06:44:08","guid":{"rendered":"http:\/\/localhost\/foobla\/free-themes\/university\/?page_id=18"},"modified":"2024-12-14T12:05:26","modified_gmt":"2024-12-14T11:05:26","slug":"kontakt","status":"publish","type":"page","link":"https:\/\/www.empathicway.pl\/online\/kontakt\/","title":{"rendered":"Kontakt"},"content":{"rendered":"\t\t<div data-elementor-type=\"wp-page\" data-elementor-id=\"157\" class=\"elementor elementor-157\">\n\t\t\t\t\t\t<section class=\"elementor-section elementor-top-section elementor-element elementor-element-6a35b7ab elementor-section-stretched elementor-section-boxed elementor-section-height-default elementor-section-height-default\" data-id=\"6a35b7ab\" data-element_type=\"section\" data-e-type=\"section\" data-settings=\"{&quot;stretch_section&quot;:&quot;section-stretched&quot;,&quot;background_background&quot;:&quot;gradient&quot;}\">\n\t\t\t\t\t\t<div class=\"elementor-container elementor-column-gap-default\">\n\t\t\t\t\t<div class=\"elementor-column elementor-col-100 elementor-top-column elementor-element elementor-element-4fdd20a7\" data-id=\"4fdd20a7\" data-element_type=\"column\" data-e-type=\"column\">\n\t\t\t<div class=\"elementor-widget-wrap elementor-element-populated\">\n\t\t\t\t\t\t<section class=\"elementor-section elementor-inner-section elementor-element elementor-element-5122f4b2 elementor-section-content-middle elementor-section-boxed elementor-section-height-default elementor-section-height-default\" data-id=\"5122f4b2\" data-element_type=\"section\" data-e-type=\"section\">\n\t\t\t\t\t\t<div class=\"elementor-container elementor-column-gap-default\">\n\t\t\t\t\t<div class=\"elementor-column elementor-col-50 elementor-inner-column elementor-element elementor-element-5883e3d7\" data-id=\"5883e3d7\" data-element_type=\"column\" data-e-type=\"column\">\n\t\t\t<div class=\"elementor-widget-wrap elementor-element-populated\">\n\t\t\t\t\t\t<div class=\"elementor-element elementor-element-2872e8ee elementor-widget elementor-widget-image\" data-id=\"2872e8ee\" data-element_type=\"widget\" data-e-type=\"widget\" data-widget_type=\"image.default\">\n\t\t\t\t<div class=\"elementor-widget-container\">\n\t\t\t\t\t\t\t\t\t\t\t\t\t\t\t<img fetchpriority=\"high\" decoding=\"async\" width=\"1259\" height=\"1259\" src=\"https:\/\/www.empathicway.pl\/online\/wp-content\/uploads\/2018\/06\/Magdalena-Malinowska-Empathic-Way-Porozumienie-bez-Przemocy-NVC.jpg\" class=\"attachment-full size-full wp-image-1487\" alt=\"Magdalena Malinowska-Berggren Empathic Way NVC online\" srcset=\"https:\/\/www.empathicway.pl\/online\/wp-content\/uploads\/2018\/06\/Magdalena-Malinowska-Empathic-Way-Porozumienie-bez-Przemocy-NVC.jpg 1259w, https:\/\/www.empathicway.pl\/online\/wp-content\/uploads\/2018\/06\/Magdalena-Malinowska-Empathic-Way-Porozumienie-bez-Przemocy-NVC-300x300.jpg 300w, https:\/\/www.empathicway.pl\/online\/wp-content\/uploads\/2018\/06\/Magdalena-Malinowska-Empathic-Way-Porozumienie-bez-Przemocy-NVC-100x100.jpg 100w, https:\/\/www.empathicway.pl\/online\/wp-content\/uploads\/2018\/06\/Magdalena-Malinowska-Empathic-Way-Porozumienie-bez-Przemocy-NVC-600x600.jpg 600w, https:\/\/www.empathicway.pl\/online\/wp-content\/uploads\/2018\/06\/Magdalena-Malinowska-Empathic-Way-Porozumienie-bez-Przemocy-NVC-150x150.jpg 150w, https:\/\/www.empathicway.pl\/online\/wp-content\/uploads\/2018\/06\/Magdalena-Malinowska-Empathic-Way-Porozumienie-bez-Przemocy-NVC-768x768.jpg 768w, https:\/\/www.empathicway.pl\/online\/wp-content\/uploads\/2018\/06\/Magdalena-Malinowska-Empathic-Way-Porozumienie-bez-Przemocy-NVC-1024x1024.jpg 1024w, https:\/\/www.empathicway.pl\/online\/wp-content\/uploads\/2018\/06\/Magdalena-Malinowska-Empathic-Way-Porozumienie-bez-Przemocy-NVC-800x800.jpg 800w\" sizes=\"(max-width: 1259px) 100vw, 1259px\" \/>\t\t\t\t\t\t\t\t\t\t\t\t\t\t\t<\/div>\n\t\t\t\t<\/div>\n\t\t\t\t\t<\/div>\n\t\t<\/div>\n\t\t\t\t<div class=\"elementor-column elementor-col-50 elementor-inner-column elementor-element elementor-element-6820916b\" data-id=\"6820916b\" data-element_type=\"column\" data-e-type=\"column\" data-settings=\"{&quot;background_background&quot;:&quot;classic&quot;}\">\n\t\t\t<div class=\"elementor-widget-wrap elementor-element-populated\">\n\t\t\t\t\t\t<div class=\"elementor-element elementor-element-2160d61 elementor-widget elementor-widget-text-editor\" data-id=\"2160d61\" data-element_type=\"widget\" data-e-type=\"widget\" data-widget_type=\"text-editor.default\">\n\t\t\t\t<div class=\"elementor-widget-container\">\n\t\t\t\t\t<div class=\"bb-theme-elementor-wrap bb-elementor-custom-color bb-elementor-custom-size bb-elementor-custom-line-height\">\t\t\t\t<h3><span style=\"color: #ffffff;\">Empathic Way<\/span><br \/><span style=\"color: #ffffff;\">Magdalena Malinowska-Berggren<\/span><\/h3><p>Waszyngtona 38\/40m30, 03-910 Warszawa<\/p><p><strong>NIP: <\/strong>5422766833 <strong>REGON:<\/strong> 363534068<\/p><p><strong>Numer konta: <\/strong>ING Bank \u015al\u0105ski S.A. 72 1050 1025 1000 0097 2270 5523<\/p><p>E-mail: <a href=\"https:\/\/www.empathicway.pl\/online\/kontakt\/\">kontakt@empathicway.pl<\/a><br \/>Numer telefonu: <a href=\"https:\/\/www.empathicway.pl\/online\/kontakt\/\">+48 694 816 616<\/a><\/p>\t\t\t\t<\/div>\t\t\t\t<\/div>\n\t\t\t\t<\/div>\n\t\t\t\t<div class=\"elementor-element elementor-element-de80b40 elementor-shape-circle e-grid-align-left elementor-grid-0 elementor-widget elementor-widget-social-icons\" data-id=\"de80b40\" data-element_type=\"widget\" data-e-type=\"widget\" data-widget_type=\"social-icons.default\">\n\t\t\t\t<div class=\"elementor-widget-container\">\n\t\t\t\t\t\t\t<div class=\"elementor-social-icons-wrapper elementor-grid\" role=\"list\">\n\t\t\t\t\t\t\t<span class=\"elementor-grid-item\" role=\"listitem\">\n\t\t\t\t\t<a class=\"elementor-icon elementor-social-icon elementor-social-icon-facebook elementor-repeater-item-32f9b53\" href=\"https:\/\/www.facebook.com\/empathicwaypl\/\" target=\"_blank\" rel=\"nofollow\">\n\t\t\t\t\t\t<span class=\"elementor-screen-only\">Facebook<\/span>\n\t\t\t\t\t\t<i aria-hidden=\"true\" class=\"fab fa-facebook\"><\/i>\t\t\t\t\t<\/a>\n\t\t\t\t<\/span>\n\t\t\t\t\t\t\t<span class=\"elementor-grid-item\" role=\"listitem\">\n\t\t\t\t\t<a class=\"elementor-icon elementor-social-icon elementor-social-icon-instagram elementor-repeater-item-af826e8\" href=\"https:\/\/www.instagram.com\/magdalenamalinowskaberggren\/\" target=\"_blank\" rel=\"nofollow\">\n\t\t\t\t\t\t<span class=\"elementor-screen-only\">Instagram<\/span>\n\t\t\t\t\t\t<i aria-hidden=\"true\" class=\"fab fa-instagram\"><\/i>\t\t\t\t\t<\/a>\n\t\t\t\t<\/span>\n\t\t\t\t\t\t\t<span class=\"elementor-grid-item\" role=\"listitem\">\n\t\t\t\t\t<a class=\"elementor-icon elementor-social-icon elementor-social-icon-linkedin elementor-repeater-item-4c9931a\" href=\"https:\/\/www.linkedin.com\/in\/mmalinowska\/\" target=\"_blank\">\n\t\t\t\t\t\t<span class=\"elementor-screen-only\">Linkedin<\/span>\n\t\t\t\t\t\t<i aria-hidden=\"true\" class=\"fab fa-linkedin\"><\/i>\t\t\t\t\t<\/a>\n\t\t\t\t<\/span>\n\t\t\t\t\t\t\t<span class=\"elementor-grid-item\" role=\"listitem\">\n\t\t\t\t\t<a class=\"elementor-icon elementor-social-icon elementor-social-icon-pinterest elementor-repeater-item-76828fe\" href=\"https:\/\/pl.pinterest.com\/empathicway\/\" target=\"_blank\" rel=\"nofollow\">\n\t\t\t\t\t\t<span class=\"elementor-screen-only\">Pinterest<\/span>\n\t\t\t\t\t\t<i aria-hidden=\"true\" class=\"fab fa-pinterest\"><\/i>\t\t\t\t\t<\/a>\n\t\t\t\t<\/span>\n\t\t\t\t\t<\/div>\n\t\t\t\t\t\t<\/div>\n\t\t\t\t<\/div>\n\t\t\t\t\t<\/div>\n\t\t<\/div>\n\t\t\t\t\t<\/div>\n\t\t<\/section>\n\t\t\t\t\t<\/div>\n\t\t<\/div>\n\t\t\t\t\t<\/div>\n\t\t<\/section>\n\t\t\t\t<section class=\"elementor-section elementor-top-section elementor-element elementor-element-00d50c7 elementor-section-boxed elementor-section-height-default elementor-section-height-default\" data-id=\"00d50c7\" data-element_type=\"section\" data-e-type=\"section\">\n\t\t\t\t\t\t<div class=\"elementor-container elementor-column-gap-default\">\n\t\t\t\t\t<div class=\"elementor-column elementor-col-33 elementor-top-column elementor-element elementor-element-15181da\" data-id=\"15181da\" data-element_type=\"column\" data-e-type=\"column\">\n\t\t\t<div class=\"elementor-widget-wrap\">\n\t\t\t\t\t\t\t<\/div>\n\t\t<\/div>\n\t\t\t\t<div class=\"elementor-column elementor-col-33 elementor-top-column elementor-element elementor-element-4ecb2c1\" data-id=\"4ecb2c1\" data-element_type=\"column\" data-e-type=\"column\">\n\t\t\t<div class=\"elementor-widget-wrap elementor-element-populated\">\n\t\t\t\t\t\t<div class=\"elementor-element elementor-element-4babba0 elementor-widget elementor-widget-text-editor\" data-id=\"4babba0\" data-element_type=\"widget\" data-e-type=\"widget\" data-widget_type=\"text-editor.default\">\n\t\t\t\t<div class=\"elementor-widget-container\">\n\t\t\t\t\t\t\t\t\t<h2 style=\"text-align: center;\">Masz jakie\u015b pytanie? Wy\u015blij wiadomo\u015b\u0107!<\/h2><p style=\"text-align: center;\"><i><span style=\"font-weight: 400;\">Na maile odpowiadam od poniedzia\u0142ku do pi\u0105tku, zazwyczaj w godzinach od 9:00 do 15:00.<\/span><\/i><\/p><p style=\"text-align: center;\">\n<div class=\"wpcf7 no-js\" id=\"wpcf7-f4193-o1\" lang=\"pl-PL\" dir=\"ltr\" data-wpcf7-id=\"4193\">\n<div class=\"screen-reader-response\"><p role=\"status\" aria-live=\"polite\" aria-atomic=\"true\"><\/p> <ul><\/ul><\/div>\n<form action=\"\/online\/wp-json\/wp\/v2\/pages\/157#wpcf7-f4193-o1\" method=\"post\" class=\"wpcf7-form init\" aria-label=\"Formularz kontaktowy\" novalidate=\"novalidate\" data-status=\"init\">\n<fieldset class=\"hidden-fields-container\"><input type=\"hidden\" name=\"_wpcf7\" value=\"4193\" \/><input type=\"hidden\" name=\"_wpcf7_version\" value=\"6.1.5\" \/><input type=\"hidden\" name=\"_wpcf7_locale\" value=\"pl_PL\" \/><input type=\"hidden\" name=\"_wpcf7_unit_tag\" value=\"wpcf7-f4193-o1\" \/><input type=\"hidden\" name=\"_wpcf7_container_post\" value=\"0\" \/><input type=\"hidden\" name=\"_wpcf7_posted_data_hash\" value=\"\" \/><input type=\"hidden\" name=\"_wpcf7_recaptcha_response\" value=\"\" \/>\n<\/fieldset>\n<p><label> Twoje imi\u0119<br \/>\n<span class=\"wpcf7-form-control-wrap\" data-name=\"your-name\"><input size=\"40\" maxlength=\"400\" class=\"wpcf7-form-control wpcf7-text wpcf7-validates-as-required\" aria-required=\"true\" aria-invalid=\"false\" value=\"\" type=\"text\" name=\"your-name\" \/><\/span> <\/label>\n<\/p>\n<p><label> Tw\u00f3j email<br \/>\n<span class=\"wpcf7-form-control-wrap\" data-name=\"your-email\"><input size=\"40\" maxlength=\"400\" class=\"wpcf7-form-control wpcf7-email wpcf7-validates-as-required wpcf7-text wpcf7-validates-as-email\" aria-required=\"true\" aria-invalid=\"false\" value=\"\" type=\"email\" name=\"your-email\" \/><\/span> <\/label>\n<\/p>\n<p><label> Twoja wiadomo\u015b\u0107<br \/>\n<span class=\"wpcf7-form-control-wrap\" data-name=\"your-message\"><textarea cols=\"40\" rows=\"10\" maxlength=\"2000\" class=\"wpcf7-form-control wpcf7-textarea\" aria-invalid=\"false\" name=\"your-message\"><\/textarea><\/span> <\/label>\n<\/p>\n<p><span class=\"wpcf7-form-control-wrap\" data-name=\"acceptance-634\"><span class=\"wpcf7-form-control wpcf7-acceptance\"><span class=\"wpcf7-list-item\"><label><input type=\"checkbox\" name=\"acceptance-634\" value=\"1\" aria-invalid=\"false\" \/><span class=\"wpcf7-list-item-label\">Dane osobowe podane w formularzu b\u0119d\u0105 przetwarzane wy\u0142\u0105cznie w celu obs\u0142ugi Twojego zapytania, a ich administratorem b\u0119dzie Empathic Way Magdalena Malinowska-Berggren, ul. Waszyngtona 38\/40m30, 03-910 Warszawa, NIP: 5422766833. Szczeg\u00f3\u0142y znajdziesz w Polityce Prywatno\u015bci.<\/span><\/label><\/span><\/span><\/span>\n<\/p>\n<p><span class=\"wpcf7-form-control-wrap wpgdprc\"><span class=\"wpcf7-form-control wpcf7-wpgdprc wpcf7-validates-as-required\"><span class=\"wpcf7-list-item\"><input type=\"checkbox\" name=\"wpgdprc\" value=\"1\" aria-required=\"true\" aria-invalid=\"false\" \/><span class=\"wpcf7-list-item-label\">Korzystaj\u0105c z formularza zgadzam si\u0119 na przechowywanie i przetwarzanie moich danych w witrynie.<\/span><\/span><\/span>    <\/span>\n<\/p>\n<p><input class=\"wpcf7-form-control wpcf7-submit has-spinner\" type=\"submit\" value=\"Wy\u015blij\" \/>\n<\/p><div class=\"wpcf7-response-output\" aria-hidden=\"true\"><\/div>\n<\/form>\n<\/div>\n<\/p>\t\t\t\t\t\t\t\t<\/div>\n\t\t\t\t<\/div>\n\t\t\t\t\t<\/div>\n\t\t<\/div>\n\t\t\t\t<div class=\"elementor-column elementor-col-33 elementor-top-column elementor-element elementor-element-6aa4073\" data-id=\"6aa4073\" data-element_type=\"column\" data-e-type=\"column\">\n\t\t\t<div class=\"elementor-widget-wrap\">\n\t\t\t\t\t\t\t<\/div>\n\t\t<\/div>\n\t\t\t\t\t<\/div>\n\t\t<\/section>\n\t\t\t\t<\/div>\n\t\t","protected":false},"excerpt":{"rendered":"<p>Empathic WayMagdalena Malinowska-Berggren Waszyngtona 38\/40m30, 03-910 Warszawa NIP: 5422766833 REGON: 363534068 Numer konta: ING Bank \u015al\u0105ski S.A. 72 1050 1025 1000 0097 2270 5523 E-mail:&hellip;<\/p>\n","protected":false},"author":1,"featured_media":1276,"parent":0,"menu_order":0,"comment_status":"closed","ping_status":"closed","template":"","meta":{"_monsterinsights_skip_tracking":false,"_monsterinsights_sitenote_active":false,"_monsterinsights_sitenote_note":"","_monsterinsights_sitenote_category":0,"footnotes":""},"class_list":["post-157","page","type-page","status-publish","has-post-thumbnail","hentry"],"yoast_head":"<!-- This site is optimized with the Yoast SEO plugin v27.2 - https:\/\/yoast.com\/product\/yoast-seo-wordpress\/ -->\n<title>Kontakt - Empathic Way Online | Porozumienie bez Przemocy w praktyce<\/title>\n<meta name=\"description\" content=\"Empathic Way Online \u2013 kontakt: kontakt@empathicway.pl Chcesz nawi\u0105za\u0107\u00a0wsp\u00f3\u0142prac\u0119? Masz jakie\u015b pytanie dot. NVC?\u00a0Napisz do mnie.\" \/>\n<meta name=\"robots\" content=\"index, follow, max-snippet:-1, max-image-preview:large, max-video-preview:-1\" \/>\n<link rel=\"canonical\" href=\"https:\/\/www.empathicway.pl\/online\/kontakt\/\" \/>\n<meta property=\"og:locale\" content=\"pl_PL\" \/>\n<meta property=\"og:type\" content=\"article\" \/>\n<meta property=\"og:title\" content=\"Kontakt - Empathic Way Online | Porozumienie bez Przemocy w praktyce\" \/>\n<meta property=\"og:description\" content=\"Empathic Way Online \u2013 kontakt: kontakt@empathicway.pl Chcesz nawi\u0105za\u0107\u00a0wsp\u00f3\u0142prac\u0119? Masz jakie\u015b pytanie dot. NVC?\u00a0Napisz do mnie.\" \/>\n<meta property=\"og:url\" content=\"https:\/\/www.empathicway.pl\/online\/kontakt\/\" \/>\n<meta property=\"og:site_name\" content=\"Empathic Way Online | Porozumienie bez Przemocy w praktyce\" \/>\n<meta property=\"article:publisher\" content=\"https:\/\/www.facebook.com\/empathicwaypl\/\" \/>\n<meta property=\"article:modified_time\" content=\"2024-12-14T11:05:26+00:00\" \/>\n<meta property=\"og:image\" content=\"https:\/\/www.empathicway.pl\/online\/wp-content\/uploads\/2018\/09\/Empathic-Way-Online-Magdalena-Malinowska-Szkolenia-Warsztaty-Porozumienie-bez-Przemocy-NVC.jpg\" \/>\n\t<meta property=\"og:image:width\" content=\"1200\" \/>\n\t<meta property=\"og:image:height\" content=\"630\" \/>\n\t<meta property=\"og:image:type\" content=\"image\/jpeg\" \/>\n<meta name=\"twitter:card\" content=\"summary_large_image\" \/>\n<meta name=\"twitter:label1\" content=\"Szacowany czas czytania\" \/>\n\t<meta name=\"twitter:data1\" content=\"1 minuta\" \/>\n<script type=\"application\/ld+json\" class=\"yoast-schema-graph\">{\"@context\":\"https:\/\/schema.org\",\"@graph\":[{\"@type\":\"WebPage\",\"@id\":\"https:\/\/www.empathicway.pl\/online\/kontakt\/\",\"url\":\"https:\/\/www.empathicway.pl\/online\/kontakt\/\",\"name\":\"Kontakt - Empathic Way Online | Porozumienie bez Przemocy w praktyce\",\"isPartOf\":{\"@id\":\"https:\/\/www.empathicway.pl\/online\/#website\"},\"primaryImageOfPage\":{\"@id\":\"https:\/\/www.empathicway.pl\/online\/kontakt\/#primaryimage\"},\"image\":{\"@id\":\"https:\/\/www.empathicway.pl\/online\/kontakt\/#primaryimage\"},\"thumbnailUrl\":\"https:\/\/www.empathicway.pl\/online\/wp-content\/uploads\/2018\/09\/Empathic-Way-Online-Magdalena-Malinowska-Szkolenia-Warsztaty-Porozumienie-bez-Przemocy-NVC.jpg\",\"datePublished\":\"2017-02-14T06:44:08+00:00\",\"dateModified\":\"2024-12-14T11:05:26+00:00\",\"description\":\"Empathic Way Online \u2013 kontakt: kontakt@empathicway.pl Chcesz nawi\u0105za\u0107\u00a0wsp\u00f3\u0142prac\u0119? Masz jakie\u015b pytanie dot. NVC?\u00a0Napisz do mnie.\",\"breadcrumb\":{\"@id\":\"https:\/\/www.empathicway.pl\/online\/kontakt\/#breadcrumb\"},\"inLanguage\":\"pl-PL\",\"potentialAction\":[{\"@type\":\"ReadAction\",\"target\":[\"https:\/\/www.empathicway.pl\/online\/kontakt\/\"]}]},{\"@type\":\"ImageObject\",\"inLanguage\":\"pl-PL\",\"@id\":\"https:\/\/www.empathicway.pl\/online\/kontakt\/#primaryimage\",\"url\":\"https:\/\/www.empathicway.pl\/online\/wp-content\/uploads\/2018\/09\/Empathic-Way-Online-Magdalena-Malinowska-Szkolenia-Warsztaty-Porozumienie-bez-Przemocy-NVC.jpg\",\"contentUrl\":\"https:\/\/www.empathicway.pl\/online\/wp-content\/uploads\/2018\/09\/Empathic-Way-Online-Magdalena-Malinowska-Szkolenia-Warsztaty-Porozumienie-bez-Przemocy-NVC.jpg\",\"width\":1200,\"height\":630,\"caption\":\"Magdalena Malinowska Empathic Way Online Porozumienie bez Przemocy NVC Kontakt\"},{\"@type\":\"BreadcrumbList\",\"@id\":\"https:\/\/www.empathicway.pl\/online\/kontakt\/#breadcrumb\",\"itemListElement\":[{\"@type\":\"ListItem\",\"position\":1,\"name\":\"Strona g\u0142\u00f3wna\",\"item\":\"https:\/\/www.empathicway.pl\/online\/\"},{\"@type\":\"ListItem\",\"position\":2,\"name\":\"Kontakt\"}]},{\"@type\":\"WebSite\",\"@id\":\"https:\/\/www.empathicway.pl\/online\/#website\",\"url\":\"https:\/\/www.empathicway.pl\/online\/\",\"name\":\"Empathic Way Online | Komunikacja empatyczna krok po kroku\",\"description\":\"Platforma szkoleniowa Empathic Way\",\"publisher\":{\"@id\":\"https:\/\/www.empathicway.pl\/online\/#organization\"},\"potentialAction\":[{\"@type\":\"SearchAction\",\"target\":{\"@type\":\"EntryPoint\",\"urlTemplate\":\"https:\/\/www.empathicway.pl\/online\/?s={search_term_string}\"},\"query-input\":{\"@type\":\"PropertyValueSpecification\",\"valueRequired\":true,\"valueName\":\"search_term_string\"}}],\"inLanguage\":\"pl-PL\"},{\"@type\":\"Organization\",\"@id\":\"https:\/\/www.empathicway.pl\/online\/#organization\",\"name\":\"Empathic Way\",\"url\":\"https:\/\/www.empathicway.pl\/online\/\",\"logo\":{\"@type\":\"ImageObject\",\"inLanguage\":\"pl-PL\",\"@id\":\"https:\/\/www.empathicway.pl\/online\/#\/schema\/logo\/image\/\",\"url\":\"https:\/\/www.empathicway.pl\/online\/wp-content\/uploads\/2017\/10\/Empathic-Way-Online-logo-www.png\",\"contentUrl\":\"https:\/\/www.empathicway.pl\/online\/wp-content\/uploads\/2017\/10\/Empathic-Way-Online-logo-www.png\",\"width\":2892,\"height\":657,\"caption\":\"Empathic Way\"},\"image\":{\"@id\":\"https:\/\/www.empathicway.pl\/online\/#\/schema\/logo\/image\/\"},\"sameAs\":[\"https:\/\/www.facebook.com\/empathicwaypl\/\"]}]}<\/script>\n<!-- \/ Yoast SEO plugin. -->","yoast_head_json":{"title":"Kontakt - Empathic Way Online | Porozumienie bez Przemocy w praktyce","description":"Empathic Way Online \u2013 kontakt: kontakt@empathicway.pl Chcesz nawi\u0105za\u0107\u00a0wsp\u00f3\u0142prac\u0119? Masz jakie\u015b pytanie dot. NVC?\u00a0Napisz do mnie.","robots":{"index":"index","follow":"follow","max-snippet":"max-snippet:-1","max-image-preview":"max-image-preview:large","max-video-preview":"max-video-preview:-1"},"canonical":"https:\/\/www.empathicway.pl\/online\/kontakt\/","og_locale":"pl_PL","og_type":"article","og_title":"Kontakt - Empathic Way Online | Porozumienie bez Przemocy w praktyce","og_description":"Empathic Way Online \u2013 kontakt: kontakt@empathicway.pl Chcesz nawi\u0105za\u0107\u00a0wsp\u00f3\u0142prac\u0119? Masz jakie\u015b pytanie dot. NVC?\u00a0Napisz do mnie.","og_url":"https:\/\/www.empathicway.pl\/online\/kontakt\/","og_site_name":"Empathic Way Online | Porozumienie bez Przemocy w praktyce","article_publisher":"https:\/\/www.facebook.com\/empathicwaypl\/","article_modified_time":"2024-12-14T11:05:26+00:00","og_image":[{"width":1200,"height":630,"url":"https:\/\/www.empathicway.pl\/online\/wp-content\/uploads\/2018\/09\/Empathic-Way-Online-Magdalena-Malinowska-Szkolenia-Warsztaty-Porozumienie-bez-Przemocy-NVC.jpg","type":"image\/jpeg"}],"twitter_card":"summary_large_image","twitter_misc":{"Szacowany czas czytania":"1 minuta"},"schema":{"@context":"https:\/\/schema.org","@graph":[{"@type":"WebPage","@id":"https:\/\/www.empathicway.pl\/online\/kontakt\/","url":"https:\/\/www.empathicway.pl\/online\/kontakt\/","name":"Kontakt - Empathic Way Online | Porozumienie bez Przemocy w praktyce","isPartOf":{"@id":"https:\/\/www.empathicway.pl\/online\/#website"},"primaryImageOfPage":{"@id":"https:\/\/www.empathicway.pl\/online\/kontakt\/#primaryimage"},"image":{"@id":"https:\/\/www.empathicway.pl\/online\/kontakt\/#primaryimage"},"thumbnailUrl":"https:\/\/www.empathicway.pl\/online\/wp-content\/uploads\/2018\/09\/Empathic-Way-Online-Magdalena-Malinowska-Szkolenia-Warsztaty-Porozumienie-bez-Przemocy-NVC.jpg","datePublished":"2017-02-14T06:44:08+00:00","dateModified":"2024-12-14T11:05:26+00:00","description":"Empathic Way Online \u2013 kontakt: kontakt@empathicway.pl Chcesz nawi\u0105za\u0107\u00a0wsp\u00f3\u0142prac\u0119? Masz jakie\u015b pytanie dot. NVC?\u00a0Napisz do mnie.","breadcrumb":{"@id":"https:\/\/www.empathicway.pl\/online\/kontakt\/#breadcrumb"},"inLanguage":"pl-PL","potentialAction":[{"@type":"ReadAction","target":["https:\/\/www.empathicway.pl\/online\/kontakt\/"]}]},{"@type":"ImageObject","inLanguage":"pl-PL","@id":"https:\/\/www.empathicway.pl\/online\/kontakt\/#primaryimage","url":"https:\/\/www.empathicway.pl\/online\/wp-content\/uploads\/2018\/09\/Empathic-Way-Online-Magdalena-Malinowska-Szkolenia-Warsztaty-Porozumienie-bez-Przemocy-NVC.jpg","contentUrl":"https:\/\/www.empathicway.pl\/online\/wp-content\/uploads\/2018\/09\/Empathic-Way-Online-Magdalena-Malinowska-Szkolenia-Warsztaty-Porozumienie-bez-Przemocy-NVC.jpg","width":1200,"height":630,"caption":"Magdalena Malinowska Empathic Way Online Porozumienie bez Przemocy NVC Kontakt"},{"@type":"BreadcrumbList","@id":"https:\/\/www.empathicway.pl\/online\/kontakt\/#breadcrumb","itemListElement":[{"@type":"ListItem","position":1,"name":"Strona g\u0142\u00f3wna","item":"https:\/\/www.empathicway.pl\/online\/"},{"@type":"ListItem","position":2,"name":"Kontakt"}]},{"@type":"WebSite","@id":"https:\/\/www.empathicway.pl\/online\/#website","url":"https:\/\/www.empathicway.pl\/online\/","name":"Empathic Way Online | Komunikacja empatyczna krok po kroku","description":"Platforma szkoleniowa Empathic Way","publisher":{"@id":"https:\/\/www.empathicway.pl\/online\/#organization"},"potentialAction":[{"@type":"SearchAction","target":{"@type":"EntryPoint","urlTemplate":"https:\/\/www.empathicway.pl\/online\/?s={search_term_string}"},"query-input":{"@type":"PropertyValueSpecification","valueRequired":true,"valueName":"search_term_string"}}],"inLanguage":"pl-PL"},{"@type":"Organization","@id":"https:\/\/www.empathicway.pl\/online\/#organization","name":"Empathic Way","url":"https:\/\/www.empathicway.pl\/online\/","logo":{"@type":"ImageObject","inLanguage":"pl-PL","@id":"https:\/\/www.empathicway.pl\/online\/#\/schema\/logo\/image\/","url":"https:\/\/www.empathicway.pl\/online\/wp-content\/uploads\/2017\/10\/Empathic-Way-Online-logo-www.png","contentUrl":"https:\/\/www.empathicway.pl\/online\/wp-content\/uploads\/2017\/10\/Empathic-Way-Online-logo-www.png","width":2892,"height":657,"caption":"Empathic Way"},"image":{"@id":"https:\/\/www.empathicway.pl\/online\/#\/schema\/logo\/image\/"},"sameAs":["https:\/\/www.facebook.com\/empathicwaypl\/"]}]}},"_links":{"self":[{"href":"https:\/\/www.empathicway.pl\/online\/wp-json\/wp\/v2\/pages\/157","targetHints":{"allow":["GET"]}}],"collection":[{"href":"https:\/\/www.empathicway.pl\/online\/wp-json\/wp\/v2\/pages"}],"about":[{"href":"https:\/\/www.empathicway.pl\/online\/wp-json\/wp\/v2\/types\/page"}],"author":[{"embeddable":true,"href":"https:\/\/www.empathicway.pl\/online\/wp-json\/wp\/v2\/users\/1"}],"replies":[{"embeddable":true,"href":"https:\/\/www.empathicway.pl\/online\/wp-json\/wp\/v2\/comments?post=157"}],"version-history":[{"count":9,"href":"https:\/\/www.empathicway.pl\/online\/wp-json\/wp\/v2\/pages\/157\/revisions"}],"predecessor-version":[{"id":8564,"href":"https:\/\/www.empathicway.pl\/online\/wp-json\/wp\/v2\/pages\/157\/revisions\/8564"}],"wp:featuredmedia":[{"embeddable":true,"href":"https:\/\/www.empathicway.pl\/online\/wp-json\/wp\/v2\/media\/1276"}],"wp:attachment":[{"href":"https:\/\/www.empathicway.pl\/online\/wp-json\/wp\/v2\/media?parent=157"}],"curies":[{"name":"wp","href":"https:\/\/api.w.org\/{rel}","templated":true}]}}