{"id":16,"date":"2017-02-14T06:43:44","date_gmt":"2017-02-14T06:43:44","guid":{"rendered":"http:\/\/localhost\/foobla\/free-themes\/university\/?page_id=16"},"modified":"2023-07-15T11:09:59","modified_gmt":"2023-07-15T09:09:59","slug":"o-mnie","status":"publish","type":"page","link":"https:\/\/www.empathicway.pl\/online\/o-mnie\/","title":{"rendered":"O mnie"},"content":{"rendered":"<h3><strong><em><a href=\"https:\/\/www.empathicway.pl\/online\/wp-content\/uploads\/2018\/06\/Magdalena-Malinowska-Empathic-Way-Porozumienie-bez-Przemocy-NVC.jpg\"><img fetchpriority=\"high\" decoding=\"async\" class=\"alignleft wp-image-1487\" src=\"https:\/\/www.empathicway.pl\/online\/wp-content\/uploads\/2018\/06\/Magdalena-Malinowska-Empathic-Way-Porozumienie-bez-Przemocy-NVC.jpg\" alt=\"\" width=\"273\" height=\"273\" srcset=\"https:\/\/www.empathicway.pl\/online\/wp-content\/uploads\/2018\/06\/Magdalena-Malinowska-Empathic-Way-Porozumienie-bez-Przemocy-NVC.jpg 1259w, https:\/\/www.empathicway.pl\/online\/wp-content\/uploads\/2018\/06\/Magdalena-Malinowska-Empathic-Way-Porozumienie-bez-Przemocy-NVC-300x300.jpg 300w, https:\/\/www.empathicway.pl\/online\/wp-content\/uploads\/2018\/06\/Magdalena-Malinowska-Empathic-Way-Porozumienie-bez-Przemocy-NVC-100x100.jpg 100w, https:\/\/www.empathicway.pl\/online\/wp-content\/uploads\/2018\/06\/Magdalena-Malinowska-Empathic-Way-Porozumienie-bez-Przemocy-NVC-600x600.jpg 600w, https:\/\/www.empathicway.pl\/online\/wp-content\/uploads\/2018\/06\/Magdalena-Malinowska-Empathic-Way-Porozumienie-bez-Przemocy-NVC-150x150.jpg 150w, https:\/\/www.empathicway.pl\/online\/wp-content\/uploads\/2018\/06\/Magdalena-Malinowska-Empathic-Way-Porozumienie-bez-Przemocy-NVC-768x768.jpg 768w, https:\/\/www.empathicway.pl\/online\/wp-content\/uploads\/2018\/06\/Magdalena-Malinowska-Empathic-Way-Porozumienie-bez-Przemocy-NVC-1024x1024.jpg 1024w, https:\/\/www.empathicway.pl\/online\/wp-content\/uploads\/2018\/06\/Magdalena-Malinowska-Empathic-Way-Porozumienie-bez-Przemocy-NVC-800x800.jpg 800w\" sizes=\"(max-width: 273px) 100vw, 273px\" \/><\/a><\/em><\/strong>Magdalena Malinowska-Berggren<\/h3>\n<p><em>Certyfikowana Trenerka CNVC<\/em><\/p>\n<p>Wspieram w budowaniu <strong>satysfakcjonuj\u0105cego \u017cycia<\/strong> i <strong>dobrych relacji<\/strong>, prywatnych i zawodowych, poprzez szkolenia indywidualne i grupowe pog\u0142\u0119biaj\u0105ce umiej\u0119tno\u015b\u0107 <strong>skutecznej komunikacji<\/strong>. Inspiruj\u0119 do szczerego dawania <strong>informacji zwrotnych<\/strong> oraz otwarto\u015bci na <strong>perspektyw\u0119<\/strong> innych os\u00f3b. Pomagam we wdra\u017caniu <strong><a href=\"https:\/\/www.empathicway.pl\/porozumienie-bez-przemocy-podstawowe-informacje\/\">Porozumienia bez Przemocy (NVC)<\/a> <\/strong>m.in. w <strong>zwi\u0105zkach<\/strong>, <strong>firmach<\/strong> i w <strong>organizacjach pozarz\u0105dowych<\/strong>. Pracuj\u0119 g\u0142\u00f3wnie z osobami, kt\u00f3re pragn\u0105 czerpa\u0107 rado\u015b\u0107 i spe\u0142nienie z autentycznych relacji z innymi. Jestem certyfikowan\u0105 trenerk\u0105 Porozumienia bez Przemocy (certyfikat CNVC, USA).<\/p>\n<p>Moje dzia\u0142ania oparte s\u0105 o <strong>Porozumienie bez Przemocy (NVC)<\/strong>, kt\u00f3rego tw\u00f3rc\u0105 jest <a href=\"https:\/\/www.empathicway.pl\/marshall-b-rosenberg\/\"><strong>Marshall B. Rosenberg<\/strong><\/a>, o metody <strong>edukacji pozaformalnej<\/strong> oraz podej\u015bcie <strong>Coaching for Transformation<\/strong>. Prowadz\u0119 firm\u0119 <strong>Empathic Way<\/strong> (www.empathicway.pl), w ramach kt\u00f3rej propaguj\u0119 <strong>Porozumienie bez Przemocy (NVC)<\/strong> oraz rozpowszechniam szczere i jasne wyra\u017canie siebie oraz s\u0142uchanie innych z szacunkiem i empati\u0105. Oferuj\u0119 regularne warsztaty grupowe i szkolenia indywidualne zar\u00f3wno w j\u0119zyku <strong>polskim<\/strong>, jak i <strong>angielskim<\/strong>. Jestem autork\u0105 <a href=\"http:\/\/online.empathicway.pl\/cztery-kroki-do-lepszej-relacji-z-innymi-i-soba\/\"><strong>kursu online \u201eCztery kroki do lepszej relacji z innymi i sob\u0105\u201d<\/strong><\/a>.<\/p>\n<p>Uko\u0144czy\u0142am <strong>psychologi\u0119 stosunk\u00f3w mi\u0119dzykulturowych<\/strong> w Szkole Wy\u017cszej Psychologii Spo\u0142ecznej w Warszawie, roczn\u0105 Szko\u0142\u0119 Treningu i Warsztatu Psychologicznego w O\u015brodku Edukacji i Pomocy Psychologicznej INTRA, trzyletni\u0105 <strong>Szko\u0142\u0119 Trener\u00f3w Komunikacji opartej na Empatii<\/strong> w Dojrzewalni R\u00f3\u017c oraz szkolenie <strong>\u201eCoaching oparty na potrzebach\u201d<\/strong> prowadzone przez Pernille Plantener z Danii, kt\u00f3ra jest akredytowanym coachem PCC ICF oraz Coaching for Transformation. Uko\u0144czy\u0142am te\u017c <strong>studia podyplomowe Life Coaching Start Up<\/strong> w Collegium Civitas, kt\u00f3rego program zosta\u0142 zaakceptowany przez ICF (Approved Coach Specific Training Hours ACSTH).<\/p>\n<p>Porozumienie bez Przemocy pozna\u0142am w <strong>2010 roku<\/strong> i \u201eprzepad\u0142am\u201d na zawsze. Uczestniczy\u0142am w ponad 400 godzinach szkole\u0144 i warsztat\u00f3w z zakresu Porozumienia bez Przemocy prowadzonych przez polskich i zagranicznych trener\u00f3w NVC, m.in.: Miki Kashtan, Yoram Mosenzon, Roxy Manning, Sabine Geiger, Kay Rung, Liv Larsson, Joanna M\u0142ynarz, Lucyna Wieczorek, Ewa Or\u0142owska, Pernille Plantener, Towe Widstrand, Shona Cameron, Deborah Bellamy, Joachim Berggren, Marta Ku\u0142aga, Aga Rzewuska-Paca i Magdalena Sendor.<\/p>\n<p><strong>Prowadzi\u0142am szkolenia <\/strong>mi\u0119dzy innymi dla WTW Services, Stanley Black &amp; Decker, Interdisciplinary Division for Energy Analyses, McCormick, Fundacji Konsument\u00f3w, Fundacji Dajemy Dzieciom Si\u0142\u0119 (dawniej Dzieci Niczyje), Polskiej Akcji Humanitarnej, Fundacji EY, Fundacji Koocham, Stowarzyszenia Otwarte Drzwi, dla student\u00f3w Akademii Pedagogiki Specjalnej i O\u015brodka Studi\u00f3w Ameryka\u0144skich. Mam prawie dziesi\u0119cioletnie do\u015bwiadczenie w edukacji pozaformalnej oraz we wsp\u00f3\u0142pracy z organizacjami pozarz\u0105dowymi z Polski i Europy, m.in. z NaturKultur (Niemcy), YouthWatch (S\u0142owacja), Asociace neform\u00e1ln\u00edho vzdel\u00e1van\u00ed ANEV (Czechy).<\/p>\n<p>Wsp\u00f3\u0142organizowa\u0142am <strong>Maraton Empatii<\/strong> w 2016 roku oraz dwie edycje <strong>Polskiego Festiwalu NVC<\/strong> (w 2017 i 2018 roku). Zorganizowa\u0142am mi\u0119dzynarodowe projekty <a href=\"http:\/\/www.empathiceurope.com\/time-for-empathy\/\"><strong>Time for Empathy<\/strong><\/a> oraz <a href=\"https:\/\/www.empathiceurope.com\/time-for-honesty\/\"><strong>Time for Honesty<\/strong><\/a>, w ramach kt\u00f3rych trenerzy z ca\u0142ej Europy dzielili si\u0119 za darmo swoj\u0105 wiedz\u0105 z zakresu NVC.<\/p>\n<p>&nbsp;<\/p>\n<h3><em>Moje wykszta\u0142cenie:<\/em><\/h3>\n<ul>\n<li>Psychologia stosunk\u00f3w mi\u0119dzykulturowych w Szkole Wy\u017cszej Psychologii Spo\u0142ecznej w Warszawie<\/li>\n<li>Szko\u0142a Treningu i Warsztatu Psychologicznego w O\u015brodku Edukacji i Pomocy Psychologicznej INTRA<\/li>\n<li>Szko\u0142a Trener\u00f3w Komunikacji opartej na Empatii w Dojrzewalni R\u00f3\u017c<\/li>\n<li>Szkolenie \u201eCoaching oparty na potrzebach\u201d prowadzone przez Pernille Plantener z Danii<\/li>\n<li>Studia podyplomowe Life Coaching Start Up w Collegium Civitas<\/li>\n<\/ul>\n","protected":false},"excerpt":{"rendered":"<p>Magdalena Malinowska-Berggren Certyfikowana Trenerka CNVC Wspieram w budowaniu satysfakcjonuj\u0105cego \u017cycia i dobrych relacji, prywatnych i zawodowych, poprzez szkolenia indywidualne i grupowe pog\u0142\u0119biaj\u0105ce umiej\u0119tno\u015b\u0107 skutecznej komunikacji.&hellip;<\/p>\n","protected":false},"author":1,"featured_media":1276,"parent":0,"menu_order":0,"comment_status":"closed","ping_status":"closed","template":"","meta":{"_monsterinsights_skip_tracking":false,"_monsterinsights_sitenote_active":false,"_monsterinsights_sitenote_note":"","_monsterinsights_sitenote_category":0,"footnotes":""},"class_list":["post-16","page","type-page","status-publish","has-post-thumbnail","hentry"],"yoast_head":"<!-- This site is optimized with the Yoast SEO plugin v27.2 - https:\/\/yoast.com\/product\/yoast-seo-wordpress\/ -->\n<title>O mnie - Empathic Way Online | Porozumienie bez Przemocy w praktyce<\/title>\n<meta name=\"description\" content=\"Magdalena Malinowska-Berggren \u2013 propaguj\u0119\u00a0Porozumienie bez Przemocy (NVC)\u00a0i szczere wyra\u017canie siebie oraz s\u0142uchanie innych z empati\u0105.\" \/>\n<meta name=\"robots\" content=\"index, follow, max-snippet:-1, max-image-preview:large, max-video-preview:-1\" \/>\n<link rel=\"canonical\" href=\"https:\/\/www.empathicway.pl\/online\/o-mnie\/\" \/>\n<meta property=\"og:locale\" content=\"pl_PL\" \/>\n<meta property=\"og:type\" content=\"article\" \/>\n<meta property=\"og:title\" content=\"O mnie - Empathic Way Online | Porozumienie bez Przemocy w praktyce\" \/>\n<meta property=\"og:description\" content=\"Magdalena Malinowska-Berggren \u2013 propaguj\u0119\u00a0Porozumienie bez Przemocy (NVC)\u00a0i szczere wyra\u017canie siebie oraz s\u0142uchanie innych z empati\u0105.\" \/>\n<meta property=\"og:url\" content=\"https:\/\/www.empathicway.pl\/online\/o-mnie\/\" \/>\n<meta property=\"og:site_name\" content=\"Empathic Way Online | Porozumienie bez Przemocy w praktyce\" \/>\n<meta property=\"article:publisher\" content=\"https:\/\/www.facebook.com\/empathicwaypl\/\" \/>\n<meta property=\"article:modified_time\" content=\"2023-07-15T09:09:59+00:00\" \/>\n<meta property=\"og:image\" content=\"https:\/\/www.empathicway.pl\/online\/wp-content\/uploads\/2018\/09\/Empathic-Way-Online-Magdalena-Malinowska-Szkolenia-Warsztaty-Porozumienie-bez-Przemocy-NVC.jpg\" \/>\n\t<meta property=\"og:image:width\" content=\"1200\" \/>\n\t<meta property=\"og:image:height\" content=\"630\" \/>\n\t<meta property=\"og:image:type\" content=\"image\/jpeg\" \/>\n<meta name=\"twitter:card\" content=\"summary_large_image\" \/>\n<meta name=\"twitter:label1\" content=\"Szacowany czas czytania\" \/>\n\t<meta name=\"twitter:data1\" content=\"4 minuty\" \/>\n<script type=\"application\/ld+json\" class=\"yoast-schema-graph\">{\"@context\":\"https:\/\/schema.org\",\"@graph\":[{\"@type\":\"WebPage\",\"@id\":\"https:\/\/www.empathicway.pl\/online\/o-mnie\/\",\"url\":\"https:\/\/www.empathicway.pl\/online\/o-mnie\/\",\"name\":\"O mnie - Empathic Way Online | Porozumienie bez Przemocy w praktyce\",\"isPartOf\":{\"@id\":\"https:\/\/www.empathicway.pl\/online\/#website\"},\"primaryImageOfPage\":{\"@id\":\"https:\/\/www.empathicway.pl\/online\/o-mnie\/#primaryimage\"},\"image\":{\"@id\":\"https:\/\/www.empathicway.pl\/online\/o-mnie\/#primaryimage\"},\"thumbnailUrl\":\"https:\/\/www.empathicway.pl\/online\/wp-content\/uploads\/2018\/09\/Empathic-Way-Online-Magdalena-Malinowska-Szkolenia-Warsztaty-Porozumienie-bez-Przemocy-NVC.jpg\",\"datePublished\":\"2017-02-14T06:43:44+00:00\",\"dateModified\":\"2023-07-15T09:09:59+00:00\",\"description\":\"Magdalena Malinowska-Berggren \u2013 propaguj\u0119\u00a0Porozumienie bez Przemocy (NVC)\u00a0i szczere wyra\u017canie siebie oraz s\u0142uchanie innych z empati\u0105.\",\"breadcrumb\":{\"@id\":\"https:\/\/www.empathicway.pl\/online\/o-mnie\/#breadcrumb\"},\"inLanguage\":\"pl-PL\",\"potentialAction\":[{\"@type\":\"ReadAction\",\"target\":[\"https:\/\/www.empathicway.pl\/online\/o-mnie\/\"]}]},{\"@type\":\"ImageObject\",\"inLanguage\":\"pl-PL\",\"@id\":\"https:\/\/www.empathicway.pl\/online\/o-mnie\/#primaryimage\",\"url\":\"https:\/\/www.empathicway.pl\/online\/wp-content\/uploads\/2018\/09\/Empathic-Way-Online-Magdalena-Malinowska-Szkolenia-Warsztaty-Porozumienie-bez-Przemocy-NVC.jpg\",\"contentUrl\":\"https:\/\/www.empathicway.pl\/online\/wp-content\/uploads\/2018\/09\/Empathic-Way-Online-Magdalena-Malinowska-Szkolenia-Warsztaty-Porozumienie-bez-Przemocy-NVC.jpg\",\"width\":1200,\"height\":630,\"caption\":\"Magdalena Malinowska Empathic Way Online Porozumienie bez Przemocy NVC Kontakt\"},{\"@type\":\"BreadcrumbList\",\"@id\":\"https:\/\/www.empathicway.pl\/online\/o-mnie\/#breadcrumb\",\"itemListElement\":[{\"@type\":\"ListItem\",\"position\":1,\"name\":\"Strona g\u0142\u00f3wna\",\"item\":\"https:\/\/www.empathicway.pl\/online\/\"},{\"@type\":\"ListItem\",\"position\":2,\"name\":\"O mnie\"}]},{\"@type\":\"WebSite\",\"@id\":\"https:\/\/www.empathicway.pl\/online\/#website\",\"url\":\"https:\/\/www.empathicway.pl\/online\/\",\"name\":\"Empathic Way Online | Komunikacja empatyczna krok po kroku\",\"description\":\"Platforma szkoleniowa Empathic Way\",\"publisher\":{\"@id\":\"https:\/\/www.empathicway.pl\/online\/#organization\"},\"potentialAction\":[{\"@type\":\"SearchAction\",\"target\":{\"@type\":\"EntryPoint\",\"urlTemplate\":\"https:\/\/www.empathicway.pl\/online\/?s={search_term_string}\"},\"query-input\":{\"@type\":\"PropertyValueSpecification\",\"valueRequired\":true,\"valueName\":\"search_term_string\"}}],\"inLanguage\":\"pl-PL\"},{\"@type\":\"Organization\",\"@id\":\"https:\/\/www.empathicway.pl\/online\/#organization\",\"name\":\"Empathic Way\",\"url\":\"https:\/\/www.empathicway.pl\/online\/\",\"logo\":{\"@type\":\"ImageObject\",\"inLanguage\":\"pl-PL\",\"@id\":\"https:\/\/www.empathicway.pl\/online\/#\/schema\/logo\/image\/\",\"url\":\"https:\/\/www.empathicway.pl\/online\/wp-content\/uploads\/2017\/10\/Empathic-Way-Online-logo-www.png\",\"contentUrl\":\"https:\/\/www.empathicway.pl\/online\/wp-content\/uploads\/2017\/10\/Empathic-Way-Online-logo-www.png\",\"width\":2892,\"height\":657,\"caption\":\"Empathic Way\"},\"image\":{\"@id\":\"https:\/\/www.empathicway.pl\/online\/#\/schema\/logo\/image\/\"},\"sameAs\":[\"https:\/\/www.facebook.com\/empathicwaypl\/\"]}]}<\/script>\n<!-- \/ Yoast SEO plugin. -->","yoast_head_json":{"title":"O mnie - Empathic Way Online | Porozumienie bez Przemocy w praktyce","description":"Magdalena Malinowska-Berggren \u2013 propaguj\u0119\u00a0Porozumienie bez Przemocy (NVC)\u00a0i szczere wyra\u017canie siebie oraz s\u0142uchanie innych z empati\u0105.","robots":{"index":"index","follow":"follow","max-snippet":"max-snippet:-1","max-image-preview":"max-image-preview:large","max-video-preview":"max-video-preview:-1"},"canonical":"https:\/\/www.empathicway.pl\/online\/o-mnie\/","og_locale":"pl_PL","og_type":"article","og_title":"O mnie - Empathic Way Online | Porozumienie bez Przemocy w praktyce","og_description":"Magdalena Malinowska-Berggren \u2013 propaguj\u0119\u00a0Porozumienie bez Przemocy (NVC)\u00a0i szczere wyra\u017canie siebie oraz s\u0142uchanie innych z empati\u0105.","og_url":"https:\/\/www.empathicway.pl\/online\/o-mnie\/","og_site_name":"Empathic Way Online | Porozumienie bez Przemocy w praktyce","article_publisher":"https:\/\/www.facebook.com\/empathicwaypl\/","article_modified_time":"2023-07-15T09:09:59+00:00","og_image":[{"width":1200,"height":630,"url":"https:\/\/www.empathicway.pl\/online\/wp-content\/uploads\/2018\/09\/Empathic-Way-Online-Magdalena-Malinowska-Szkolenia-Warsztaty-Porozumienie-bez-Przemocy-NVC.jpg","type":"image\/jpeg"}],"twitter_card":"summary_large_image","twitter_misc":{"Szacowany czas czytania":"4 minuty"},"schema":{"@context":"https:\/\/schema.org","@graph":[{"@type":"WebPage","@id":"https:\/\/www.empathicway.pl\/online\/o-mnie\/","url":"https:\/\/www.empathicway.pl\/online\/o-mnie\/","name":"O mnie - Empathic Way Online | Porozumienie bez Przemocy w praktyce","isPartOf":{"@id":"https:\/\/www.empathicway.pl\/online\/#website"},"primaryImageOfPage":{"@id":"https:\/\/www.empathicway.pl\/online\/o-mnie\/#primaryimage"},"image":{"@id":"https:\/\/www.empathicway.pl\/online\/o-mnie\/#primaryimage"},"thumbnailUrl":"https:\/\/www.empathicway.pl\/online\/wp-content\/uploads\/2018\/09\/Empathic-Way-Online-Magdalena-Malinowska-Szkolenia-Warsztaty-Porozumienie-bez-Przemocy-NVC.jpg","datePublished":"2017-02-14T06:43:44+00:00","dateModified":"2023-07-15T09:09:59+00:00","description":"Magdalena Malinowska-Berggren \u2013 propaguj\u0119\u00a0Porozumienie bez Przemocy (NVC)\u00a0i szczere wyra\u017canie siebie oraz s\u0142uchanie innych z empati\u0105.","breadcrumb":{"@id":"https:\/\/www.empathicway.pl\/online\/o-mnie\/#breadcrumb"},"inLanguage":"pl-PL","potentialAction":[{"@type":"ReadAction","target":["https:\/\/www.empathicway.pl\/online\/o-mnie\/"]}]},{"@type":"ImageObject","inLanguage":"pl-PL","@id":"https:\/\/www.empathicway.pl\/online\/o-mnie\/#primaryimage","url":"https:\/\/www.empathicway.pl\/online\/wp-content\/uploads\/2018\/09\/Empathic-Way-Online-Magdalena-Malinowska-Szkolenia-Warsztaty-Porozumienie-bez-Przemocy-NVC.jpg","contentUrl":"https:\/\/www.empathicway.pl\/online\/wp-content\/uploads\/2018\/09\/Empathic-Way-Online-Magdalena-Malinowska-Szkolenia-Warsztaty-Porozumienie-bez-Przemocy-NVC.jpg","width":1200,"height":630,"caption":"Magdalena Malinowska Empathic Way Online Porozumienie bez Przemocy NVC Kontakt"},{"@type":"BreadcrumbList","@id":"https:\/\/www.empathicway.pl\/online\/o-mnie\/#breadcrumb","itemListElement":[{"@type":"ListItem","position":1,"name":"Strona g\u0142\u00f3wna","item":"https:\/\/www.empathicway.pl\/online\/"},{"@type":"ListItem","position":2,"name":"O mnie"}]},{"@type":"WebSite","@id":"https:\/\/www.empathicway.pl\/online\/#website","url":"https:\/\/www.empathicway.pl\/online\/","name":"Empathic Way Online | Komunikacja empatyczna krok po kroku","description":"Platforma szkoleniowa Empathic Way","publisher":{"@id":"https:\/\/www.empathicway.pl\/online\/#organization"},"potentialAction":[{"@type":"SearchAction","target":{"@type":"EntryPoint","urlTemplate":"https:\/\/www.empathicway.pl\/online\/?s={search_term_string}"},"query-input":{"@type":"PropertyValueSpecification","valueRequired":true,"valueName":"search_term_string"}}],"inLanguage":"pl-PL"},{"@type":"Organization","@id":"https:\/\/www.empathicway.pl\/online\/#organization","name":"Empathic Way","url":"https:\/\/www.empathicway.pl\/online\/","logo":{"@type":"ImageObject","inLanguage":"pl-PL","@id":"https:\/\/www.empathicway.pl\/online\/#\/schema\/logo\/image\/","url":"https:\/\/www.empathicway.pl\/online\/wp-content\/uploads\/2017\/10\/Empathic-Way-Online-logo-www.png","contentUrl":"https:\/\/www.empathicway.pl\/online\/wp-content\/uploads\/2017\/10\/Empathic-Way-Online-logo-www.png","width":2892,"height":657,"caption":"Empathic Way"},"image":{"@id":"https:\/\/www.empathicway.pl\/online\/#\/schema\/logo\/image\/"},"sameAs":["https:\/\/www.facebook.com\/empathicwaypl\/"]}]}},"_links":{"self":[{"href":"https:\/\/www.empathicway.pl\/online\/wp-json\/wp\/v2\/pages\/16","targetHints":{"allow":["GET"]}}],"collection":[{"href":"https:\/\/www.empathicway.pl\/online\/wp-json\/wp\/v2\/pages"}],"about":[{"href":"https:\/\/www.empathicway.pl\/online\/wp-json\/wp\/v2\/types\/page"}],"author":[{"embeddable":true,"href":"https:\/\/www.empathicway.pl\/online\/wp-json\/wp\/v2\/users\/1"}],"replies":[{"embeddable":true,"href":"https:\/\/www.empathicway.pl\/online\/wp-json\/wp\/v2\/comments?post=16"}],"version-history":[{"count":3,"href":"https:\/\/www.empathicway.pl\/online\/wp-json\/wp\/v2\/pages\/16\/revisions"}],"predecessor-version":[{"id":7243,"href":"https:\/\/www.empathicway.pl\/online\/wp-json\/wp\/v2\/pages\/16\/revisions\/7243"}],"wp:featuredmedia":[{"embeddable":true,"href":"https:\/\/www.empathicway.pl\/online\/wp-json\/wp\/v2\/media\/1276"}],"wp:attachment":[{"href":"https:\/\/www.empathicway.pl\/online\/wp-json\/wp\/v2\/media?parent=16"}],"curies":[{"name":"wp","href":"https:\/\/api.w.org\/{rel}","templated":true}]}}