{"id":2318,"date":"2022-03-25T14:06:15","date_gmt":"2022-03-25T13:06:15","guid":{"rendered":"https:\/\/www.empathicway.pl\/online\/?post_type=product&#038;p=2318"},"modified":"2023-09-05T10:28:41","modified_gmt":"2023-09-05T08:28:41","slug":"intensywne-szkolenie-nvc-w-oparciu-o-kurs-online","status":"publish","type":"product","link":"https:\/\/www.empathicway.pl\/online\/produkt\/intensywne-szkolenie-nvc-w-oparciu-o-kurs-online\/","title":{"rendered":"Intensywne szkolenie NVC w oparciu o kurs online"},"content":{"rendered":"<p>Sprawd\u017a daty najbli\u017cszej edycji tego szkolenia (pod zmienionym tytu\u0142em) tu: <a href=\"https:\/\/www.empathicway.pl\/online\/produkt\/szkolenie-online-cztery-kroki-do-lepszej-relacji-z-innymi\/\">https:\/\/www.empathicway.pl\/online\/produkt\/szkolenie-online-cztery-kroki-do-lepszej-relacji-z-innymi\/<\/a><\/p>\n<p>&#8212;&#8212;&#8212;&#8212;&#8212;&#8212;&#8212;&#8212;&#8212;&#8212;&#8212;&#8212;&#8212;-<\/p>\n<h3><strong>Intensywne szkolenie NVC w oparciu o kurs online \u201eCztery kroki\u00a0do\u00a0lepszej relacji\u00a0z innymi\u201d<\/strong><\/h3>\n<ul>\n<li><strong>4 warsztaty online<\/strong> + dost\u0119p do platformy online<\/li>\n<li><strong>Dost\u0119p do kursu \u201eCztery kroki do lepszej relacji z innymi\u201d <\/strong>na platformie<\/li>\n<li><strong>Soboty<\/strong>, 11:00-13:00<\/li>\n<li>Materia\u0142 kursu przerabiany <strong>samodzielnie<\/strong> mi\u0119dzy warsztatami<\/li>\n<\/ul>\n<p>Zapraszam na jedenast\u0105 edycj\u0119 <strong>Intensywnego szkolenia NVC<\/strong> w oparciu o kurs online \u201eCztery kroki\u00a0do\u00a0lepszej relacji\u00a0z innymi\u201d!<\/p>\n<p>Teraz jest idealny moment, by zaj\u0105\u0107 si\u0119 wreszcie sob\u0105 i swoimi relacjami. Je\u015bli do tej pory odk\u0142ada\u0142e\u015b\/odk\u0142ada\u0142a\u015b to na dalszy plan, brakowa\u0142o Ci czasu by usprawni\u0107 spos\u00f3b, w jaki si\u0119 komunikujesz z innymi, zamiast szuka\u0107 kolejnych wym\u00f3wek \u2013 do\u0142\u0105cz do tego szkolenia!<\/p>\n<p>W\u00a0<strong>cztery tygodnie<\/strong>\u00a0poznasz podstawy Porozumienia bez Przemocy (NVC), zastosujesz je w praktyce przy moim wsparciu i dokonasz zmian na lepsze w swoim \u017cyciu. Przygotuj si\u0119 na\u00a0<strong>udzia\u0142 w spotkaniach<\/strong>\u00a0<strong>na \u017cywo<\/strong>\u00a0oraz\u00a0<strong>prac\u0119 w\u0142asn\u0105<\/strong>\u00a0z kursem (min. 20-30 minut\u00a0<strong>dziennie<\/strong>).<\/p>\n<p>Szkolenie skierowane jest do os\u00f3b, kt\u00f3re preferuj\u0105\u00a0<strong>samodzielne uczenie si\u0119 we w\u0142asnym rytmie<\/strong>\u00a0\u2013 poznawanie\u00a0<strong>teorii<\/strong>\u00a0czytaj\u0105c materia\u0142y oraz\u00a0<strong>robienie \u0107wicze\u0144<\/strong>\u00a0mi\u0119dzy warsztatami, i jednocze\u015bnie chc\u0105 mie\u0107\u00a0<strong>kontakt z trenerk\u0105<\/strong>\u00a0i pozosta\u0142ymi uczestnikami by\u00a0<strong>utrzyma\u0107 motywacj\u0119<\/strong>.<\/p>\n<p>&nbsp;<\/p>\n<h4><strong>To szkolenie online zawiera:<\/strong><\/h4>\n<p>&#8211; <strong>4 warsztaty online<\/strong>: cztery 2-godzinne spotkania na platformie ZOOM w soboty o godzinie 11:00-13:00. Daty: <strong>21.05<\/strong>, <strong>28.05<\/strong>, <strong>4.06<\/strong> oraz <strong>18.06.2022<\/strong>.<\/p>\n<p>&#8211; <strong>Dost\u0119p do kursu online<\/strong>: otrzymasz 6-miesi\u0119czny dost\u0119p do kursu online \u201eCztery kroki do lepszej relacji z innymi\u201d.<\/p>\n<p>&#8211; <strong>15 modu\u0142\u00f3w<\/strong>: kurs online sk\u0142ada si\u0119 z 15 modu\u0142\u00f3w zawieraj\u0105cych dawk\u0119 teorii oraz PDFy z \u0107wiczeniami.<\/p>\n<p>\u2013\u00a0<strong>Za\u015bwiadczenie o uko\u0144czeniu<\/strong>\u00a0<strong>szkolenia<\/strong>\u00a0z wyszczeg\u00f3lnion\u0105 liczb\u0105 godzin, w kt\u00f3rych b\u0119dziesz uczestniczy\u0107 na \u017cywo.<\/p>\n<p><strong>UWAGA<\/strong>: Ta edycja szkolenia <strong>NIE B\u0118DZIE NAGRYWANA<\/strong>! Aby w pe\u0142ni skorzysta\u0107 ze szkolenia, b\u0105d\u017a <strong>na \u017cywo<\/strong>.<\/p>\n<p>&nbsp;<\/p>\n<h4><strong>Podczas warsztat\u00f3w online:<\/strong><\/h4>\n<p>\u2013 poznasz\u00a0<strong>podstawy teoretyczne<\/strong>\u00a0Porozumienia bez Przemocy;<\/p>\n<p>\u2013 zrobisz niekt\u00f3re\u00a0<strong>\u0107wiczenia z kursu online<\/strong>\u00a0wsp\u00f3lnie ze mn\u0105 i innymi uczestnikami;<\/p>\n<p>\u2013 otrzymasz\u00a0<strong>odpowiedzi na pytania<\/strong>, kt\u00f3re mog\u0105 Ci si\u0119 pojawi\u0107 w trakcie realizacji kursu;<\/p>\n<p>\u2013 zbierzesz\u00a0<strong>praktyczne przyk\u0142ady<\/strong>\u00a0zastosowania NVC\u00a0w \u017cyciu codziennym;<\/p>\n<p>\u2013 wymienisz si\u0119\u00a0<strong>osi\u0105gni\u0119ciami\u00a0<\/strong>i\u00a0<strong>trudno\u015bciami\u00a0<\/strong>oraz do\u015bwiadczysz\u00a0wsparcia grupy, je\u015bli zaczniesz traci\u0107 motywacj\u0119.<\/p>\n<p>&nbsp;<\/p>\n<h4><strong>Jakich rezultat\u00f3w mo\u017cesz oczekiwa\u0107?<\/strong><\/h4>\n<p>\u2013 wprowadzisz znacz\u0105c\u0105\u00a0<strong>zmian\u0119 jako\u015bciow\u0105<\/strong>\u00a0do swoich relacji z innymi;<\/p>\n<p>\u2013 poznasz\u00a0<strong>za\u0142o\u017cenia Porozumienia bez Przemocy<\/strong>\u00a0i zastosowanie czterech krok\u00f3w komunikacji empatycznej;<\/p>\n<p>\u2013 dowiesz si\u0119, jak prawdziwie\u00a0<strong>wys\u0142ucha\u0107<\/strong>\u00a0drug\u0105 osob\u0119;<\/p>\n<p>\u2013 b\u0119dziesz potrafi\u0107\u00a0<strong>szczerze wyra\u017ca\u0107 swoje uczucia i potrzeby<\/strong>\u00a0oraz w prosty spos\u00f3b samodzielnie o nie zadba\u0107;<\/p>\n<p>\u2013 b\u0119dziesz mie\u0107\u00a0<strong>wi\u0119cej spokoju<\/strong>\u00a0potrafi\u0105c lepiej zrozumie\u0107 siebie i innych;<\/p>\n<p>\u2013 pozb\u0119dziesz si\u0119 potencjalnych\u00a0<strong>barier<\/strong>\u00a0w komunikacji;<\/p>\n<p>\u2013 poznasz\u00a0<strong>narz\u0119dzia<\/strong>\u00a0przydatne podczas s\u0142uchania, wyra\u017cania siebie oraz okazywania empatii sobie, a wype\u0142niaj\u0105c zadania prze\u0107wiczysz je\u00a0<strong>w<\/strong>\u00a0<strong>praktyce<\/strong>.<\/p>\n<p>&nbsp;<\/p>\n<h4><strong>Czas trwania:<\/strong><\/h4>\n<p>Ca\u0142e szkolenie b\u0119dzie trwa\u0142o <strong>4 tygodnie<\/strong>, w czasie kt\u00f3rych<strong> spotkamy si\u0119 4 razy online<\/strong> na platformie ZOOM. Dost\u0119p do materia\u0142\u00f3w b\u0119dziesz mie\u0107 <strong>przez 6 miesi\u0119cy<\/strong> od momentu zakupu szkolenia.<\/p>\n<p>Terminy spotka\u0144 online: soboty (<strong>21.05<\/strong>, <strong>28.05<\/strong>, <strong>4.06<\/strong> oraz <strong>18.06.2022<\/strong>) o godz. 11:00-13:00<\/p>\n<p>&nbsp;<\/p>\n<h4><strong>Zapisy:<\/strong><\/h4>\n<p>Zapisz si\u0119 <strong>dodaj\u0105c<\/strong> to szkolenie <strong>do koszyka powy\u017cej<\/strong>.<\/p>\n<p>Zapisy trwaj\u0105 do 20 maja 2022, chyba \u017ce wcze\u015bniej sko\u0144cz\u0105 si\u0119 miejsca.<\/p>\n<p>Przygotuj si\u0119 na intensywne 4 tygodnie pe\u0142ne odkry\u0107 i inspiracji!<\/p>\n<p>&nbsp;<\/p>\n<h4><strong>Co m\u00f3wi\u0105 uczestnicy o szkoleniach ze mn\u0105?<\/strong><\/h4>\n<p><em>\u201eDzi\u0119ki temu kursowi w bardzo kr\u00f3tkim czasie wynosz\u0119 o wiele lepsz\u0105 relacj\u0119 z moim synem \u2013 mieli\u015bmy trudny okres, a teraz jest o wiele, wiele lepiej z mojej perspektywy i z jego. I mam takie poczucie, \u017ce i on lepiej mnie rozumie, i on chyba te\u017c, \u017ce ja jego lepiej rozumiem, i \u017ce rozmawiamy na ca\u0142kiem innym poziomie ni\u017c wcze\u015bniej, gdzie by\u0142o z mojej strony bardzo du\u017co emocji (przede wszystkim frustracji wynikaj\u0105cej z poczucia odpowiedzialno\u015bci za t\u0119 nasz\u0105 relacj\u0119, kt\u00f3ra zaczyna\u0142a zmierza\u0107 w z\u0142ym kierunku).\u201d<\/em> Mariusz<\/p>\n<p><em>\u201ePrzez d\u0142ugi czas mia\u0142am wra\u017cenie, \u017ce rani\u0119 swoich domownik\u00f3w podczas trudnych rozm\u00f3w mi\u0119dzy nami. Bardzo mnie to irytowa\u0142o a jednocze\u015bnie nie wiedzia\u0142am, jak z tego wybrn\u0105\u0107. Chcia\u0142am nauczy\u0107 si\u0119 rozmawia\u0107 j\u0119zykiem mi\u0142o\u015bci, bez oskar\u017cania oraz krytykowania drugiej osoby. Ten kurs NVC da\u0142 mi ku temu doskona\u0142e narz\u0119dzia. Zauwa\u017cenie swoich emocji, kt\u00f3re s\u0105 dzie\u0107mi naszych potrzeb, oddzielenie fakt\u00f3w od mojej nadinterpretacji zdarzenia oraz zrozumienie w\u0142asnych potrzeb sprawi\u0142o, \u017ce zacz\u0119\u0142am rozmawia\u0107 o rzeczach trudnych w spos\u00f3b nie rani\u0105cy drugiej osoby.\u201d<\/em> Monika<\/p>\n<div class=\"et_pb_testimonial_description_inner\">\n<div class=\"et_pb_testimonial_content\"><em>\u201eJestem bardzo zadowolona z kursu. Uwa\u017cam, \u017ce ma du\u017c\u0105 warto\u015b\u0107 merytoryczn\u0105 \u2013 pozwala pozna\u0107 g\u0142\u00f3wne za\u0142o\u017cenia NVC i prze\u0107wiczy\u0107 umiej\u0119tno\u015b\u0107 porozumiewania si\u0119. Profesjonalnie przygotowane materia\u0142y i platforma. Jestem te\u017c bardzo zadowolona z kontaktu z prowadz\u0105c\u0105. Polecam.&#8221;<\/em> Ewa<\/div>\n<\/div>\n<p>&nbsp;<\/p>\n<h4><strong><a href=\"https:\/\/www.empathicway.pl\/wp-content\/uploads\/2018\/12\/Magdalena-Malinowska-Empathic-Way-Porozumienie-bez-Przemocy-NVC.jpg\"><img decoding=\"async\" class=\"wp-image-2825 alignleft\" src=\"https:\/\/www.empathicway.pl\/wp-content\/uploads\/2018\/12\/Magdalena-Malinowska-Empathic-Way-Porozumienie-bez-Przemocy-NVC.jpg\" alt=\"Magdalena Malinowska Empathic Way O mnie\" width=\"145\" height=\"145\" \/><\/a>Trenerka:<\/strong><\/h4>\n<p>Magdalena Malinowska<\/p>\n<p>Jestem certyfikowan\u0105 trenerk\u0105 Porozumienia bez Przemocy (certyfikat CNVC, USA).\u00a0Wspieram w budowaniu\u00a0satysfakcjonuj\u0105cego \u017cycia\u00a0i\u00a0dobrych relacji, prywatnych i zawodowych, poprzez szkolenia indywidualne i grupowe pog\u0142\u0119biaj\u0105ce umiej\u0119tno\u015b\u0107\u00a0skutecznej komunikacji. Inspiruj\u0119 do szczerego dawania\u00a0informacji zwrotnych\u00a0oraz otwarto\u015bci na\u00a0perspektyw\u0119\u00a0innych os\u00f3b. Pomagam we wdra\u017caniu\u00a0<a href=\"https:\/\/www.empathicway.pl\/porozumienie-bez-przemocy-podstawowe-informacje\/\">Porozumienia bez Przemocy (NVC)<\/a>\u00a0m.in. w\u00a0zwi\u0105zkach,\u00a0firmach\u00a0i w\u00a0organizacjach pozarz\u0105dowych.<\/p>\n<p>Pracuj\u0119 g\u0142\u00f3wnie z osobami, kt\u00f3re\u00a0pragn\u0105 czerpa\u0107 rado\u015b\u0107\u00a0i\u00a0spe\u0142nienie\u00a0z autentycznych relacji z innymi.\u00a0Chc\u0105\u00a0do\u015bwiadcza\u0107\u00a0\u017cycia\u00a0we wszelkich jego aspektach,\u00a0nie boj\u0105 si\u0119 wyzwa\u0144\u00a0oraz\u00a0maj\u0105 odwag\u0119\u00a0poznawa\u0107 siebie i innych.<\/p>\n<p>Je\u015bli jeste\u015b jedn\u0105 z takich os\u00f3b, to zapraszam na moje warsztaty oraz szkolenia indywidualne podczas kt\u00f3rych pomagam przeku\u0107 teori\u0119 w praktyk\u0119. Zach\u0119cam do ma\u0142ych krok\u00f3w, kt\u00f3rych ostatecznym rezultatem s\u0105 namacalne efekty.<\/p>\n<p><a href=\"https:\/\/www.empathicway.pl\/\">www.empathicway.pl<\/a><\/p>\n<p>\u2014\u2014\u2014\u2014\u2014\u2014\u2014\u2014\u2014\u2014\u2014\u2014\u2014\u2014<\/p>\n<p><strong>UWAGA:<\/strong><\/p>\n<p><strong>Szkolenia online <\/strong>odbywa\u0107 si\u0119 b\u0119d\u0105 przy u\u017cyciu darmowej aplikacji ZOOM. Aby do\u0142\u0105czy\u0107 do spotka\u0144 na \u017cywo, potrzebujesz komputer\/laptop z kamer\u0105 i mikrofonem. Szkolenia <strong>nie b\u0119d\u0105 nagrywane<\/strong>.<\/p>\n<p><strong>Tre\u015bci<\/strong> <strong>kursu online &#8220;Cztery kroki&#8230;&#8221;<\/strong> nie b\u0119d\u0105 wysy\u0142ane mailem.\u00a0Ca\u0142o\u015b\u0107 kursu jest dost\u0119pna na platformie. Masz do niej dost\u0119p w dowolnym czasie i z dowolnego komputera\/telefonu. Wymaga to posiadania konta na platformie (utworzy si\u0119 samodzielnie przy sk\u0142adaniu zam\u00f3wienia) i zalogowania si\u0119.<\/p>\n<p>Po z\u0142o\u017ceniu zam\u00f3wienia, <strong>link do kursu\u00a0<\/strong>b\u0119dzie dost\u0119pny w mailu potwierdzaj\u0105cym oraz na stronie <span style=\"color: #000000;\"><a href=\"https:\/\/www.empathicway.pl\/online\/moje-konto\/\"><strong>Moje konto<\/strong><\/a> widocznej po zalogowaniu si\u0119.<\/span><\/p>\n","protected":false},"excerpt":{"rendered":"<p>Sprawd\u017a daty oraz aktualn\u0105 cen\u0119 najbli\u017cszej edycji tego szkolenia (pod zmienionym tytu\u0142em) <a href=\"https:\/\/www.empathicway.pl\/online\/produkt\/szkolenie-online-cztery-kroki-do-lepszej-relacji-z-innymi\/\"><strong>TUTAJ<\/strong><\/a><\/p>\n","protected":false},"featured_media":6329,"template":"","meta":{"_monsterinsights_skip_tracking":false,"_monsterinsights_sitenote_active":false,"_monsterinsights_sitenote_note":"","_monsterinsights_sitenote_category":0},"product_brand":[],"product_cat":[91],"product_tag":[],"class_list":{"0":"post-2318","1":"product","2":"type-product","3":"status-publish","4":"has-post-thumbnail","6":"product_cat-warsztaty-online","8":"first","9":"instock","10":"shipping-taxable","11":"product-type-external"},"yoast_head":"<!-- This site is optimized with the Yoast SEO plugin v27.2 - https:\/\/yoast.com\/product\/yoast-seo-wordpress\/ -->\n<title>Intensywne szkolenie NVC w oparciu o kurs online - Empathic Way Online | Porozumienie bez Przemocy w praktyce<\/title>\n<meta name=\"description\" content=\"Intensywne szkolenie NVC w oparciu o kurs online \u201eCztery kroki do lepszej relacji z innymi\u201d - poznaj podstawy Porozumienia bez Przemocy.\" \/>\n<meta name=\"robots\" content=\"index, follow, max-snippet:-1, max-image-preview:large, max-video-preview:-1\" \/>\n<link rel=\"canonical\" href=\"https:\/\/www.empathicway.pl\/online\/produkt\/intensywne-szkolenie-nvc-w-oparciu-o-kurs-online\/\" \/>\n<meta property=\"og:locale\" content=\"pl_PL\" \/>\n<meta property=\"og:type\" content=\"article\" \/>\n<meta property=\"og:title\" content=\"Intensywne szkolenie NVC w oparciu o kurs online - Empathic Way Online | Porozumienie bez Przemocy w praktyce\" \/>\n<meta property=\"og:description\" content=\"Intensywne szkolenie NVC w oparciu o kurs online \u201eCztery kroki do lepszej relacji z innymi\u201d - poznaj podstawy Porozumienia bez Przemocy.\" \/>\n<meta property=\"og:url\" content=\"https:\/\/www.empathicway.pl\/online\/produkt\/intensywne-szkolenie-nvc-w-oparciu-o-kurs-online\/\" \/>\n<meta property=\"og:site_name\" content=\"Empathic Way Online | Porozumienie bez Przemocy w praktyce\" \/>\n<meta property=\"article:publisher\" content=\"https:\/\/www.facebook.com\/empathicwaypl\/\" \/>\n<meta property=\"article:modified_time\" content=\"2023-09-05T08:28:41+00:00\" \/>\n<meta property=\"og:image\" content=\"https:\/\/www.empathicway.pl\/online\/wp-content\/uploads\/2022\/03\/Intensywne-szkolenie-NVC-maj-2022-Empathic-Way-Online-Magdalena-Malinowska.jpg\" \/>\n\t<meta property=\"og:image:width\" content=\"1080\" \/>\n\t<meta property=\"og:image:height\" content=\"1080\" \/>\n\t<meta property=\"og:image:type\" content=\"image\/jpeg\" \/>\n<meta name=\"twitter:card\" content=\"summary_large_image\" \/>\n<meta name=\"twitter:label1\" content=\"Szacowany czas czytania\" \/>\n\t<meta name=\"twitter:data1\" content=\"6 minut\" \/>\n<script type=\"application\/ld+json\" class=\"yoast-schema-graph\">{\"@context\":\"https:\/\/schema.org\",\"@graph\":[{\"@type\":\"WebPage\",\"@id\":\"https:\/\/www.empathicway.pl\/online\/produkt\/intensywne-szkolenie-nvc-w-oparciu-o-kurs-online\/\",\"url\":\"https:\/\/www.empathicway.pl\/online\/produkt\/intensywne-szkolenie-nvc-w-oparciu-o-kurs-online\/\",\"name\":\"Intensywne szkolenie NVC w oparciu o kurs online - Empathic Way Online | Porozumienie bez Przemocy w praktyce\",\"isPartOf\":{\"@id\":\"https:\/\/www.empathicway.pl\/online\/#website\"},\"primaryImageOfPage\":{\"@id\":\"https:\/\/www.empathicway.pl\/online\/produkt\/intensywne-szkolenie-nvc-w-oparciu-o-kurs-online\/#primaryimage\"},\"image\":{\"@id\":\"https:\/\/www.empathicway.pl\/online\/produkt\/intensywne-szkolenie-nvc-w-oparciu-o-kurs-online\/#primaryimage\"},\"thumbnailUrl\":\"https:\/\/www.empathicway.pl\/online\/wp-content\/uploads\/2022\/03\/Intensywne-szkolenie-NVC-maj-2022-Empathic-Way-Online-Magdalena-Malinowska.jpg\",\"datePublished\":\"2022-03-25T13:06:15+00:00\",\"dateModified\":\"2023-09-05T08:28:41+00:00\",\"description\":\"Intensywne szkolenie NVC w oparciu o kurs online \u201eCztery kroki do lepszej relacji z innymi\u201d - poznaj podstawy Porozumienia bez Przemocy.\",\"breadcrumb\":{\"@id\":\"https:\/\/www.empathicway.pl\/online\/produkt\/intensywne-szkolenie-nvc-w-oparciu-o-kurs-online\/#breadcrumb\"},\"inLanguage\":\"pl-PL\",\"potentialAction\":[{\"@type\":\"ReadAction\",\"target\":[\"https:\/\/www.empathicway.pl\/online\/produkt\/intensywne-szkolenie-nvc-w-oparciu-o-kurs-online\/\"]}]},{\"@type\":\"ImageObject\",\"inLanguage\":\"pl-PL\",\"@id\":\"https:\/\/www.empathicway.pl\/online\/produkt\/intensywne-szkolenie-nvc-w-oparciu-o-kurs-online\/#primaryimage\",\"url\":\"https:\/\/www.empathicway.pl\/online\/wp-content\/uploads\/2022\/03\/Intensywne-szkolenie-NVC-maj-2022-Empathic-Way-Online-Magdalena-Malinowska.jpg\",\"contentUrl\":\"https:\/\/www.empathicway.pl\/online\/wp-content\/uploads\/2022\/03\/Intensywne-szkolenie-NVC-maj-2022-Empathic-Way-Online-Magdalena-Malinowska.jpg\",\"width\":1080,\"height\":1080,\"caption\":\"Intensywne szkolenie NVC w oparciu o kurs online \u2013 maj 2022\"},{\"@type\":\"BreadcrumbList\",\"@id\":\"https:\/\/www.empathicway.pl\/online\/produkt\/intensywne-szkolenie-nvc-w-oparciu-o-kurs-online\/#breadcrumb\",\"itemListElement\":[{\"@type\":\"ListItem\",\"position\":1,\"name\":\"Strona g\u0142\u00f3wna\",\"item\":\"https:\/\/www.empathicway.pl\/online\/\"},{\"@type\":\"ListItem\",\"position\":2,\"name\":\"Sklep\",\"item\":\"https:\/\/www.empathicway.pl\/online\/sklep\/\"},{\"@type\":\"ListItem\",\"position\":3,\"name\":\"Intensywne szkolenie NVC w oparciu o kurs online\"}]},{\"@type\":\"WebSite\",\"@id\":\"https:\/\/www.empathicway.pl\/online\/#website\",\"url\":\"https:\/\/www.empathicway.pl\/online\/\",\"name\":\"Empathic Way Online | Komunikacja empatyczna krok po kroku\",\"description\":\"Platforma szkoleniowa Empathic Way\",\"publisher\":{\"@id\":\"https:\/\/www.empathicway.pl\/online\/#organization\"},\"potentialAction\":[{\"@type\":\"SearchAction\",\"target\":{\"@type\":\"EntryPoint\",\"urlTemplate\":\"https:\/\/www.empathicway.pl\/online\/?s={search_term_string}\"},\"query-input\":{\"@type\":\"PropertyValueSpecification\",\"valueRequired\":true,\"valueName\":\"search_term_string\"}}],\"inLanguage\":\"pl-PL\"},{\"@type\":\"Organization\",\"@id\":\"https:\/\/www.empathicway.pl\/online\/#organization\",\"name\":\"Empathic Way\",\"url\":\"https:\/\/www.empathicway.pl\/online\/\",\"logo\":{\"@type\":\"ImageObject\",\"inLanguage\":\"pl-PL\",\"@id\":\"https:\/\/www.empathicway.pl\/online\/#\/schema\/logo\/image\/\",\"url\":\"https:\/\/www.empathicway.pl\/online\/wp-content\/uploads\/2017\/10\/Empathic-Way-Online-logo-www.png\",\"contentUrl\":\"https:\/\/www.empathicway.pl\/online\/wp-content\/uploads\/2017\/10\/Empathic-Way-Online-logo-www.png\",\"width\":2892,\"height\":657,\"caption\":\"Empathic Way\"},\"image\":{\"@id\":\"https:\/\/www.empathicway.pl\/online\/#\/schema\/logo\/image\/\"},\"sameAs\":[\"https:\/\/www.facebook.com\/empathicwaypl\/\"]}]}<\/script>\n<!-- \/ Yoast SEO plugin. -->","yoast_head_json":{"title":"Intensywne szkolenie NVC w oparciu o kurs online - Empathic Way Online | Porozumienie bez Przemocy w praktyce","description":"Intensywne szkolenie NVC w oparciu o kurs online \u201eCztery kroki do lepszej relacji z innymi\u201d - poznaj podstawy Porozumienia bez Przemocy.","robots":{"index":"index","follow":"follow","max-snippet":"max-snippet:-1","max-image-preview":"max-image-preview:large","max-video-preview":"max-video-preview:-1"},"canonical":"https:\/\/www.empathicway.pl\/online\/produkt\/intensywne-szkolenie-nvc-w-oparciu-o-kurs-online\/","og_locale":"pl_PL","og_type":"article","og_title":"Intensywne szkolenie NVC w oparciu o kurs online - Empathic Way Online | Porozumienie bez Przemocy w praktyce","og_description":"Intensywne szkolenie NVC w oparciu o kurs online \u201eCztery kroki do lepszej relacji z innymi\u201d - poznaj podstawy Porozumienia bez Przemocy.","og_url":"https:\/\/www.empathicway.pl\/online\/produkt\/intensywne-szkolenie-nvc-w-oparciu-o-kurs-online\/","og_site_name":"Empathic Way Online | Porozumienie bez Przemocy w praktyce","article_publisher":"https:\/\/www.facebook.com\/empathicwaypl\/","article_modified_time":"2023-09-05T08:28:41+00:00","og_image":[{"width":1080,"height":1080,"url":"https:\/\/www.empathicway.pl\/online\/wp-content\/uploads\/2022\/03\/Intensywne-szkolenie-NVC-maj-2022-Empathic-Way-Online-Magdalena-Malinowska.jpg","type":"image\/jpeg"}],"twitter_card":"summary_large_image","twitter_misc":{"Szacowany czas czytania":"6 minut"},"schema":{"@context":"https:\/\/schema.org","@graph":[{"@type":"WebPage","@id":"https:\/\/www.empathicway.pl\/online\/produkt\/intensywne-szkolenie-nvc-w-oparciu-o-kurs-online\/","url":"https:\/\/www.empathicway.pl\/online\/produkt\/intensywne-szkolenie-nvc-w-oparciu-o-kurs-online\/","name":"Intensywne szkolenie NVC w oparciu o kurs online - Empathic Way Online | Porozumienie bez Przemocy w praktyce","isPartOf":{"@id":"https:\/\/www.empathicway.pl\/online\/#website"},"primaryImageOfPage":{"@id":"https:\/\/www.empathicway.pl\/online\/produkt\/intensywne-szkolenie-nvc-w-oparciu-o-kurs-online\/#primaryimage"},"image":{"@id":"https:\/\/www.empathicway.pl\/online\/produkt\/intensywne-szkolenie-nvc-w-oparciu-o-kurs-online\/#primaryimage"},"thumbnailUrl":"https:\/\/www.empathicway.pl\/online\/wp-content\/uploads\/2022\/03\/Intensywne-szkolenie-NVC-maj-2022-Empathic-Way-Online-Magdalena-Malinowska.jpg","datePublished":"2022-03-25T13:06:15+00:00","dateModified":"2023-09-05T08:28:41+00:00","description":"Intensywne szkolenie NVC w oparciu o kurs online \u201eCztery kroki do lepszej relacji z innymi\u201d - poznaj podstawy Porozumienia bez Przemocy.","breadcrumb":{"@id":"https:\/\/www.empathicway.pl\/online\/produkt\/intensywne-szkolenie-nvc-w-oparciu-o-kurs-online\/#breadcrumb"},"inLanguage":"pl-PL","potentialAction":[{"@type":"ReadAction","target":["https:\/\/www.empathicway.pl\/online\/produkt\/intensywne-szkolenie-nvc-w-oparciu-o-kurs-online\/"]}]},{"@type":"ImageObject","inLanguage":"pl-PL","@id":"https:\/\/www.empathicway.pl\/online\/produkt\/intensywne-szkolenie-nvc-w-oparciu-o-kurs-online\/#primaryimage","url":"https:\/\/www.empathicway.pl\/online\/wp-content\/uploads\/2022\/03\/Intensywne-szkolenie-NVC-maj-2022-Empathic-Way-Online-Magdalena-Malinowska.jpg","contentUrl":"https:\/\/www.empathicway.pl\/online\/wp-content\/uploads\/2022\/03\/Intensywne-szkolenie-NVC-maj-2022-Empathic-Way-Online-Magdalena-Malinowska.jpg","width":1080,"height":1080,"caption":"Intensywne szkolenie NVC w oparciu o kurs online \u2013 maj 2022"},{"@type":"BreadcrumbList","@id":"https:\/\/www.empathicway.pl\/online\/produkt\/intensywne-szkolenie-nvc-w-oparciu-o-kurs-online\/#breadcrumb","itemListElement":[{"@type":"ListItem","position":1,"name":"Strona g\u0142\u00f3wna","item":"https:\/\/www.empathicway.pl\/online\/"},{"@type":"ListItem","position":2,"name":"Sklep","item":"https:\/\/www.empathicway.pl\/online\/sklep\/"},{"@type":"ListItem","position":3,"name":"Intensywne szkolenie NVC w oparciu o kurs online"}]},{"@type":"WebSite","@id":"https:\/\/www.empathicway.pl\/online\/#website","url":"https:\/\/www.empathicway.pl\/online\/","name":"Empathic Way Online | Komunikacja empatyczna krok po kroku","description":"Platforma szkoleniowa Empathic Way","publisher":{"@id":"https:\/\/www.empathicway.pl\/online\/#organization"},"potentialAction":[{"@type":"SearchAction","target":{"@type":"EntryPoint","urlTemplate":"https:\/\/www.empathicway.pl\/online\/?s={search_term_string}"},"query-input":{"@type":"PropertyValueSpecification","valueRequired":true,"valueName":"search_term_string"}}],"inLanguage":"pl-PL"},{"@type":"Organization","@id":"https:\/\/www.empathicway.pl\/online\/#organization","name":"Empathic Way","url":"https:\/\/www.empathicway.pl\/online\/","logo":{"@type":"ImageObject","inLanguage":"pl-PL","@id":"https:\/\/www.empathicway.pl\/online\/#\/schema\/logo\/image\/","url":"https:\/\/www.empathicway.pl\/online\/wp-content\/uploads\/2017\/10\/Empathic-Way-Online-logo-www.png","contentUrl":"https:\/\/www.empathicway.pl\/online\/wp-content\/uploads\/2017\/10\/Empathic-Way-Online-logo-www.png","width":2892,"height":657,"caption":"Empathic Way"},"image":{"@id":"https:\/\/www.empathicway.pl\/online\/#\/schema\/logo\/image\/"},"sameAs":["https:\/\/www.facebook.com\/empathicwaypl\/"]}]}},"_links":{"self":[{"href":"https:\/\/www.empathicway.pl\/online\/wp-json\/wp\/v2\/product\/2318","targetHints":{"allow":["GET"]}}],"collection":[{"href":"https:\/\/www.empathicway.pl\/online\/wp-json\/wp\/v2\/product"}],"about":[{"href":"https:\/\/www.empathicway.pl\/online\/wp-json\/wp\/v2\/types\/product"}],"version-history":[{"count":6,"href":"https:\/\/www.empathicway.pl\/online\/wp-json\/wp\/v2\/product\/2318\/revisions"}],"predecessor-version":[{"id":7345,"href":"https:\/\/www.empathicway.pl\/online\/wp-json\/wp\/v2\/product\/2318\/revisions\/7345"}],"wp:featuredmedia":[{"embeddable":true,"href":"https:\/\/www.empathicway.pl\/online\/wp-json\/wp\/v2\/media\/6329"}],"wp:attachment":[{"href":"https:\/\/www.empathicway.pl\/online\/wp-json\/wp\/v2\/media?parent=2318"}],"wp:term":[{"taxonomy":"product_brand","embeddable":true,"href":"https:\/\/www.empathicway.pl\/online\/wp-json\/wp\/v2\/product_brand?post=2318"},{"taxonomy":"product_cat","embeddable":true,"href":"https:\/\/www.empathicway.pl\/online\/wp-json\/wp\/v2\/product_cat?post=2318"},{"taxonomy":"product_tag","embeddable":true,"href":"https:\/\/www.empathicway.pl\/online\/wp-json\/wp\/v2\/product_tag?post=2318"}],"curies":[{"name":"wp","href":"https:\/\/api.w.org\/{rel}","templated":true}]}}