{"id":2461,"date":"2022-01-01T21:00:35","date_gmt":"2022-01-01T20:00:35","guid":{"rendered":"https:\/\/www.empathicway.pl\/online\/?post_type=product&#038;p=2461"},"modified":"2022-03-24T18:37:51","modified_gmt":"2022-03-24T17:37:51","slug":"poglebione-szkolenie-nvc-w-oparciu-o-kurs-online","status":"publish","type":"product","link":"https:\/\/www.empathicway.pl\/online\/produkt\/poglebione-szkolenie-nvc-w-oparciu-o-kurs-online\/","title":{"rendered":"Pog\u0142\u0119bione szkolenie NVC w oparciu o kurs online"},"content":{"rendered":"<h3><strong>Pog\u0142\u0119bione szkolenie NVC w oparciu o kurs online \u201eCztery kroki do lepszej relacji z innymi\u201d<\/strong><\/h3>\n<p>&nbsp;<\/p>\n<p>Zapraszam na\u00a0<strong>sz\u00f3st\u0105 edycj\u0119<\/strong> Pog\u0142\u0119bionego szkolenia NVC w oparciu o kurs online \u201eCztery kroki do lepszej relacji z innymi\u201d.<\/p>\n<ul>\n<li><strong>10 warsztat\u00f3w online<\/strong><\/li>\n<li><strong>Dost\u0119p do kursu \u201eCztery kroki do lepszej relacji z innymi\u201d <\/strong>na platformie<\/li>\n<li><strong>Czwartki<\/strong>, 18:00-20:00.<\/li>\n<li>Materia\u0142 kursu przerabiany\u00a0<strong>wsp\u00f3lnie<\/strong> podczas warsztat\u00f3w.<\/li>\n<li><strong>Do 19 marca 2022<\/strong> ni\u017csza cena!<\/li>\n<\/ul>\n<p>&nbsp;<\/p>\n<p>Chcesz zaj\u0105\u0107 si\u0119 wreszcie sob\u0105 i swoimi relacjami, a do tej pory odk\u0142ada\u0142e\u015b\/odk\u0142ada\u0142a\u015b to na dalszy plan?<\/p>\n<p>Chcesz usprawni\u0107 spos\u00f3b, w jaki komunikujesz si\u0119 z innymi?<\/p>\n<p>Masz ochot\u0119 dog\u0142\u0119bnie pozna\u0107 Porozumienie bez Przemocy (nie tylko w teorii, ale te\u017c w praktyce)?<\/p>\n<p>&nbsp;<\/p>\n<p>Do\u0142\u0105cz do tego szkolenia!<\/p>\n<p>Skierowane jest ono do os\u00f3b, kt\u00f3re preferuj\u0105 <strong>uczenie si\u0119 w grupie<\/strong> &#8211; poznawanie <strong>teorii<\/strong> bezpo\u015brednio <strong>od trenerki<\/strong> (a nie tylko czytaj\u0105c materia\u0142y) oraz <strong>robienie \u0107wicze\u0144<\/strong> podczas warsztat\u00f3w.<\/p>\n<p>Podczas <strong>dziesi\u0119ciu spotka\u0144 <\/strong>poznasz podstawy Porozumienia bez Przemocy (NVC), zastosujesz je w praktyce przy moim wsparciu i dokonasz zmian na lepsze w swoim \u017cyciu. Przygotuj si\u0119 na <strong>udzia\u0142 w spotkaniach<\/strong> <strong>na \u017cywo<\/strong> oraz <strong>prac\u0119 w\u0142asn\u0105<\/strong> z kursem (ok. 30-45 minut <strong>tygodniowo<\/strong>).<\/p>\n<p>&nbsp;<\/p>\n<p><strong>To szkolenie online zawiera:<\/strong><\/p>\n<p>\u2013\u00a0<strong>10 warsztat\u00f3w online<\/strong>: dziesi\u0119\u0107 2-godzinnych spotka\u0144 na platformie ZOOM w czwartki o godzinie 18:00-20:00. Daty: 24.03, 7.04, 14.04, 21.04, 28.04, 5.05, 12.05, 19.05, 2.06 oraz 23.06.2022.<\/p>\n<p>\u2013\u00a0<strong>Dost\u0119p do kursu online<\/strong>: otrzymasz 6-miesi\u0119czny dost\u0119p do kursu online \u201eCztery kroki do lepszej relacji z innymi\u201d.<\/p>\n<p>\u2013\u00a0<strong>15 modu\u0142\u00f3w<\/strong>: kurs online sk\u0142ada si\u0119 z 15 modu\u0142\u00f3w zawieraj\u0105cych dawk\u0119 teorii oraz PDFy z \u0107wiczeniami.<\/p>\n<p>\u2013\u00a0<strong>Wsparcie w grupie na platformie online<\/strong>: b\u0119dziesz mie\u0107 mo\u017cliwo\u015b\u0107\u00a0 bezpo\u015bredniego kontaktu ze mn\u0105 i innymi uczestnikami pomi\u0119dzy spotkaniami.<\/p>\n<p>\u2013 <strong>Za\u015bwiadczenie o uko\u0144czeniu<\/strong> <strong>szkolenia<\/strong> z wyszczeg\u00f3lnion\u0105 liczb\u0105 godzin, w kt\u00f3rych b\u0119dziesz uczestniczy\u0107 na \u017cywo.<\/p>\n<p>&nbsp;<\/p>\n<p><strong>UWAGA<\/strong>: Ta edycja szkolenia <strong>NIE B\u0118DZIE NAGRYWANA<\/strong>! Aby w pe\u0142ni skorzysta\u0107 ze szkolenia, b\u0105d\u017a <strong>na \u017cywo<\/strong>.<\/p>\n<p>&nbsp;<\/p>\n<p><strong>Podczas warsztat\u00f3w online:<\/strong><\/p>\n<p>&#8211; poznasz\u00a0<strong>podstawy teoretyczne<\/strong>\u00a0Porozumienia bez Przemocy;<\/p>\n<p>&#8211; zrobisz <strong>wi\u0119kszo\u015b\u0107 \u0107wicze\u0144 z kursu online<\/strong>\u00a0wsp\u00f3lnie ze mn\u0105 i innymi uczestnikami;<\/p>\n<p>&#8211; otrzymasz\u00a0<strong>odpowiedzi na pytania<\/strong>, kt\u00f3re mog\u0105 Ci si\u0119 pojawi\u0107 w trakcie realizacji kursu;<\/p>\n<p>&#8211; zbierzesz\u00a0<strong>praktyczne przyk\u0142ady<\/strong> zastosowania NVC\u00a0w \u017cyciu codziennym;<\/p>\n<p>&#8211; wymienisz si\u0119\u00a0<strong>osi\u0105gni\u0119ciami\u00a0<\/strong>i\u00a0<strong>trudno\u015bciami\u00a0<\/strong>oraz do\u015bwiadczysz\u00a0wsparcia grupy, je\u015bli zaczniesz traci\u0107 motywacj\u0119.<\/p>\n<p>&nbsp;<\/p>\n<p><strong>Jakich rezultat\u00f3w mo\u017cesz oczekiwa\u0107?<\/strong><\/p>\n<p>&#8211; wprowadzisz znacz\u0105c\u0105 <strong>zmian\u0119 jako\u015bciow\u0105<\/strong> do swoich relacji z innymi;<\/p>\n<p>&#8211; poznasz <strong>za\u0142o\u017cenia Porozumienia bez Przemocy<\/strong> i zastosowanie czterech krok\u00f3w komunikacji empatycznej;<\/p>\n<p>&#8211; dowiesz si\u0119, jak prawdziwie <strong>wys\u0142ucha\u0107<\/strong> drug\u0105 osob\u0119;<\/p>\n<p>&#8211; b\u0119dziesz potrafi\u0107 <strong>szczerze wyra\u017ca\u0107 swoje uczucia i potrzeby<\/strong> oraz w prosty spos\u00f3b samodzielnie o nie zadba\u0107;<\/p>\n<p>&#8211; b\u0119dziesz mie\u0107 <strong>wi\u0119cej spokoju<\/strong> potrafi\u0105c lepiej zrozumie\u0107 siebie i innych;<\/p>\n<p>&#8211; pozb\u0119dziesz si\u0119 potencjalnych <strong>barier<\/strong> w komunikacji;<\/p>\n<p>&#8211; poznasz <strong>narz\u0119dzia<\/strong> przydatne podczas s\u0142uchania, wyra\u017cania siebie oraz okazywania empatii sobie, a wype\u0142niaj\u0105c zadania prze\u0107wiczysz je <strong>w<\/strong> <strong>praktyce<\/strong>.<\/p>\n<p>&nbsp;<\/p>\n<p><strong>Prowadz\u0105ca:<\/strong><\/p>\n<p>Magdalena Malinowska (Certyfikowana trenerka Porozumienia bez Przemocy)<\/p>\n<p>&nbsp;<\/p>\n<p><strong>Czas trwania:<\/strong><\/p>\n<p>Ca\u0142e szkolenie b\u0119dzie trwa\u0142o\u00a0<strong>3 miesi\u0105ce<\/strong>, w czasie kt\u00f3rych spotkamy si\u0119\u00a0<strong>10\u00a0razy online<\/strong> na platformie ZOOM. Dost\u0119p do materia\u0142\u00f3w z kursu online b\u0119dziesz mie\u0107 <strong>przez 6 miesi\u0119cy<\/strong>\u00a0od momentu zakupu szkolenia.<\/p>\n<p>Terminy spotka\u0144 online: <b>czwartki <\/b>(24.03, 7.04, 14.04, 21.04, 28.04, 5.05, 12.05, 19.05, 2.06 oraz 23.06.2022) o godz. 18:00-20:00<\/p>\n<p>&nbsp;<\/p>\n<p><strong>Koszt:<\/strong><\/p>\n<p>Cena regularna od 20 marca 2022:<strong>\u00a0<del>899 z\u0142<\/del><\/strong><\/p>\n<p>Cena promocyjna od 11 marca do 19 marca 2022: <strong>679 z\u0142<\/strong> (oszcz\u0119dzasz 220 z\u0142)<\/p>\n<p>Cena promocyjna do 10 marca 2022: <del><strong>499 z\u0142 <\/strong>(oszcz\u0119dzasz 400 z\u0142)<\/del><\/p>\n<p>&nbsp;<\/p>\n<p>Je\u015bli potrzebujesz <strong>faktur\u0119<\/strong> na firm\u0119\/organizacj\u0119, napisz o tym w uwagach do zam\u00f3wienia i podaj NIP.<\/p>\n<p>&nbsp;<\/p>\n<p><strong>Zapisy:<\/strong><\/p>\n<p>Zarezerwuj swoje miejsce dodaj\u0105c ten produkt do koszyka powy\u017cej.<\/p>\n<p>&nbsp;<\/p>\n<p><strong>Kontakt:<\/strong><\/p>\n<p>Je\u015bli masz pytania lub potrzebujesz wi\u0119cej szczeg\u00f3\u0142owych informacji zach\u0119cam do kontaktu mailowego:\u00a0<a href=\"mailto:kontakt@empathicway.pl\">kontakt@empathicway.pl<\/a><\/p>\n<p>&nbsp;<\/p>\n<p><strong>Co m\u00f3wi\u0105 uczestnicy o szkoleniach ze mn\u0105?<\/strong><\/p>\n<p>\u201eDzi\u0119ki kursowi pozna\u0142am lepiej narz\u0119dzia, kt\u00f3re pomagaj\u0105 skuteczniej i efektywniej komunikowa\u0107 swoje uczucia, potrzeby i pro\u015bby. Mocn\u0105 stron\u0105 kursu jest praca w grupach, dzi\u0119ki kt\u00f3rej wiedza bardziej si\u0119 uk\u0142ada w g\u0142owie i zostaje na d\u0142u\u017cej. Fantastyczna atmosfera, pe\u0142na szacunku, otwarto\u015bci i szczero\u015bci zdecydowanie pomaga w przyswajaniu wiedzy. Polecam\u201d Gosia<\/p>\n<p>\u201eSzkolenie prowadzone by\u0142o w bardzo profesjonalny spos\u00f3b. \u0106wiczenia bardzo ciekawe, pog\u0142\u0119biaj\u0105ce poznawane tre\u015bci. Kurs na platformie mi\u0119dzy spotkaniami utrwala\u0142 to, co by\u0142o na zaj\u0119ciach. Ca\u0142o\u015b\u0107 sp\u00f3jna, bardzo dobrze przemy\u015blana.\u201d Kasia<\/p>\n<p>\u201eTo szkolenie NVC jest jednym z najlepszych szkole\u0144, w jakich uczestniczy\u0142am. Profesjonalizm, ciep\u0142o, \u0142agodno\u015b\u0107 osoby prowadz\u0105cej, sprawia, \u017ce godziny sp\u0119dzone przed komputerem nie s\u0105 stracone. Z jakimkolwiek baga\u017cem z\u0142o\u015bci, czy zm\u0119czenia po ca\u0142ym dniu pracy zaczyna\u0142am szkolenie, ko\u0144czy\u0142am zadowolona, wyciszona, lekka i bogatsza o wiedz\u0119, kt\u00f3ra jest bezcenna w codziennym dialogu z drugim cz\u0142owiekiem, zaczynaj\u0105c od cz\u0142onk\u00f3w mojej rodziny. Dzi\u0119kuj\u0119!\u201d Danuta<\/p>\n<p>\u201eDzi\u0119ki temu szkoleniu zwracam uwag\u0119 na swoje potrzeby i uczucia, gdy\u017c dowiedzia\u0142am si\u0119, \u017ce s\u0105 mega wa\u017cne i ju\u017c do\u015bwiadczy\u0142am w praktyce, \u017ce s\u0105 wa\u017cne i warto o nich m\u00f3wi\u0107 drugiej osobie. S\u0142uchanie z empati\u0105 &#8211; niby zna\u0142am, ale po tym kursie na pewno wiem wi\u0119cej, jestem bogatsza o wiedz\u0119, jak s\u0142ucha\u0107 z empati\u0105. Teraz tylko wdra\u017ca\u0107 w codzienne \u017cycie!\u201d<\/p>\n<p>\u201eBardzo wa\u017cne by\u0142y dla mnie zadania praktyczne. To takie laboratorium, kt\u00f3re stwarza bezpieczne warunki do pr\u00f3b i b\u0142\u0119d\u00f3w\u201d<\/p>\n<p>\u201eDzi\u0119ki temu kursowi w bardzo kr\u00f3tkim czasie wynosz\u0119 o wiele lepsz\u0105 relacj\u0119 z moim synem \u2013 mieli\u015bmy trudny okres, a teraz jest o wiele, wiele lepiej z mojej perspektywy i z jego. I mam takie poczucie, \u017ce i on lepiej mnie rozumie, i on chyba te\u017c, \u017ce ja jego lepiej rozumiem, i \u017ce rozmawiamy na ca\u0142kiem innym poziomie ni\u017c wcze\u015bniej, gdzie by\u0142o z mojej strony bardzo du\u017co emocji (przede wszystkim frustracji wynikaj\u0105cej z poczucia odpowiedzialno\u015bci za t\u0119 nasz\u0105 relacj\u0119, kt\u00f3ra zaczyna\u0142a zmierza\u0107 w z\u0142ym kierunku)\u201d<\/p>\n<p>\u201eWychodz\u0119 z tego kursu du\u017co silniejsza i to nie znaczy, \u017ce nie pope\u0142niam nadal b\u0142\u0119d\u00f3w, czy \u017ce nie \u0142api\u0119 si\u0119 ci\u0105gle na dostrzeganiu tych b\u0142\u0119d\u00f3w u innych, ale naprawd\u0119 mam wi\u0119cej energii do tego, \u017ceby to poprawia\u0107 na tyle, na ile mam si\u0142\u0119. Mam du\u017co wi\u0119ksz\u0105 \u015bwiadomo\u015b\u0107 tego, jak s\u0142ucham, jak m\u00f3wi\u0119, jak my\u015bl\u0119 \u2013 po prostu ilo\u015b\u0107 refleksji, kt\u00f3re mia\u0142am podczas wszystkich modu\u0142\u00f3w kursu i podczas wszystkich rozm\u00f3w z innymi uczestnikami w podgrupach i parach, jest osza\u0142amiaj\u0105ca.\u00a0Korzystaj\u0105c wcze\u015bniej z innych r\u00f3\u017cnych \u017ar\u00f3de\u0142 wiedzy psychologicznej, nigdy nie trafi\u0142am na taki kurs, i jeszcze poprowadzony w taki spos\u00f3b, \u017ce da\u0142 mi du\u017co obserwacji o mnie samej w relacjach z innymi.\u201d<\/p>\n<p>\u201eTo, co bior\u0119 z tego kursu, to jasno\u015b\u0107 wyra\u017cania swoich my\u015bli i uczu\u0107, du\u017co wi\u0119ksz\u0105 umiej\u0119tno\u015b\u0107 wyra\u017cania w pe\u0142ni siebie i szczero\u015bci ze sob\u0105\u2026\u201d<\/p>\n<p>\u201eDzi\u0119ki temu, \u017ce mia\u0142em okazj\u0119 pos\u0142ucha\u0107 innych os\u00f3b opowiadaj\u0105cych o r\u00f3\u017cnych sytuacjach, mog\u0142em g\u0142\u0119biej wnikn\u0105\u0107 w siebie, bo nieraz te sytuacje mi te\u017c si\u0119 zdarza\u0142y \u2013 mo\u017ce fakty by\u0142y inne, ale emocje i potrzeby, kt\u00f3re za tym sta\u0142y, by\u0142y te same. I o ile do tej pory m\u00f3j kontakt z NVC by\u0142 bardziej pod k\u0105tem umiej\u0119tno\u015bci komunikacji z innymi, to dzi\u0119ki temu kursowi po raz pierwszy w tak bardzo \u015bwiadomy spos\u00f3b, w du\u017cym stopniu dzi\u0119ki \u0107wiczeniom, kt\u00f3re Magda przygotowa\u0142a\u015b, mia\u0142em te\u017c okazj\u0119 bardziej spojrze\u0107 w g\u0142\u0105b siebie.\u00a0Dzi\u0119kuj\u0119 Magdo za spos\u00f3b, w jaki poprowadzi\u0142a\u015b to szkolenie \u2013 za przestrze\u0144 kt\u00f3r\u0105 nam dawa\u0142a\u015b do tego, \u017ceby\u015bmy mogli swobodnie rozmawia\u0107 o rzeczach bardzo osobistych\u201d<\/p>\n<p>\u2014\u2014\u2014\u2014\u2014\u2014\u2014\u2014\u2014\u2014\u2014\u2014\u2014\u2014<\/p>\n<p><strong>UWAGA:<\/strong><\/p>\n<p><strong>Szkolenia online <\/strong>odbywa\u0107 si\u0119 b\u0119d\u0105 przy u\u017cyciu darmowej aplikacji <strong>ZOOM<\/strong>. Aby do\u0142\u0105czy\u0107 do spotka\u0144 na \u017cywo, potrzebujesz komputer\/laptop z kamer\u0105 i mikrofonem. Szkolenia w tej edycji <strong>nie b\u0119d\u0105 nagrywane<\/strong>.<\/p>\n<p><strong>Tre\u015bci<\/strong> <strong>kursu online<\/strong> nie b\u0119d\u0105 wysy\u0142ane mailem.\u00a0Ca\u0142o\u015b\u0107 kursu jest dost\u0119pna na platformie. Masz do niej dost\u0119p w dowolnym czasie i z dowolnego komputera\/telefonu. Wymaga to posiadania konta na platformie (utworzy si\u0119 samodzielnie przy sk\u0142adaniu zam\u00f3wienia) i zalogowania si\u0119.<\/p>\n<p>Po z\u0142o\u017ceniu zam\u00f3wienia, <strong>link do kursu\u00a0<\/strong>b\u0119dzie dost\u0119pny w mailu potwierdzaj\u0105cym oraz na stronie <span style=\"color: #000000;\"><a href=\"https:\/\/www.empathicway.pl\/online\/moje-konto\/\"><strong>Moje konto<\/strong><\/a> widocznej po zalogowaniu si\u0119.<\/span><\/p>\n","protected":false},"excerpt":{"rendered":"<p>Pog\u0142\u0119bione szkolenie NVC w oparciu o kurs online \u201eCztery kroki do lepszej relacji z innymi\u201d &nbsp; Zapraszam na\u00a0sz\u00f3st\u0105 edycj\u0119 Pog\u0142\u0119bionego szkolenia NVC w oparciu o&hellip;<\/p>\n","protected":false},"featured_media":6188,"template":"","meta":{"_monsterinsights_skip_tracking":false,"_monsterinsights_sitenote_active":false,"_monsterinsights_sitenote_note":"","_monsterinsights_sitenote_category":0},"product_brand":[],"product_cat":[91],"product_tag":[],"class_list":{"0":"post-2461","1":"product","2":"type-product","3":"status-publish","4":"has-post-thumbnail","6":"product_cat-warsztaty-online","8":"first","9":"outofstock","10":"virtual","11":"purchasable","12":"product-type-simple"},"yoast_head":"<!-- This site is optimized with the Yoast SEO plugin v27.2 - https:\/\/yoast.com\/product\/yoast-seo-wordpress\/ -->\n<title>Pog\u0142\u0119bione szkolenie NVC w oparciu o kurs online - Empathic Way Online | Porozumienie bez Przemocy w praktyce<\/title>\n<meta name=\"description\" content=\"Pog\u0142\u0119bione szkolenie NVC w oparciu o kurs online Cztery kroki do lepszej relacji z innymi, podczas kt\u00f3rego poznasz podstawy NVC.\" \/>\n<meta name=\"robots\" content=\"index, follow, max-snippet:-1, max-image-preview:large, max-video-preview:-1\" \/>\n<link rel=\"canonical\" href=\"https:\/\/www.empathicway.pl\/online\/produkt\/poglebione-szkolenie-nvc-w-oparciu-o-kurs-online\/\" \/>\n<meta property=\"og:locale\" content=\"pl_PL\" \/>\n<meta property=\"og:type\" content=\"article\" \/>\n<meta property=\"og:title\" content=\"Pog\u0142\u0119bione szkolenie NVC w oparciu o kurs online - Empathic Way Online | Porozumienie bez Przemocy w praktyce\" \/>\n<meta property=\"og:description\" content=\"Pog\u0142\u0119bione szkolenie NVC w oparciu o kurs online Cztery kroki do lepszej relacji z innymi, podczas kt\u00f3rego poznasz podstawy NVC.\" \/>\n<meta property=\"og:url\" content=\"https:\/\/www.empathicway.pl\/online\/produkt\/poglebione-szkolenie-nvc-w-oparciu-o-kurs-online\/\" \/>\n<meta property=\"og:site_name\" content=\"Empathic Way Online | Porozumienie bez Przemocy w praktyce\" \/>\n<meta property=\"article:publisher\" content=\"https:\/\/www.facebook.com\/empathicwaypl\/\" \/>\n<meta property=\"article:modified_time\" content=\"2022-03-24T17:37:51+00:00\" \/>\n<meta property=\"og:image\" content=\"https:\/\/www.empathicway.pl\/online\/wp-content\/uploads\/2022\/01\/Poglebione-szkolenie-NVC-Empathic-Way-Online-marzec-2022.png\" \/>\n\t<meta property=\"og:image:width\" content=\"1080\" \/>\n\t<meta property=\"og:image:height\" content=\"1080\" \/>\n\t<meta property=\"og:image:type\" content=\"image\/png\" \/>\n<meta name=\"twitter:card\" content=\"summary_large_image\" \/>\n<meta name=\"twitter:label1\" content=\"Szacowany czas czytania\" \/>\n\t<meta name=\"twitter:data1\" content=\"8 minut\" \/>\n<script type=\"application\/ld+json\" class=\"yoast-schema-graph\">{\"@context\":\"https:\/\/schema.org\",\"@graph\":[{\"@type\":\"WebPage\",\"@id\":\"https:\/\/www.empathicway.pl\/online\/produkt\/poglebione-szkolenie-nvc-w-oparciu-o-kurs-online\/\",\"url\":\"https:\/\/www.empathicway.pl\/online\/produkt\/poglebione-szkolenie-nvc-w-oparciu-o-kurs-online\/\",\"name\":\"Pog\u0142\u0119bione szkolenie NVC w oparciu o kurs online - Empathic Way Online | Porozumienie bez Przemocy w praktyce\",\"isPartOf\":{\"@id\":\"https:\/\/www.empathicway.pl\/online\/#website\"},\"primaryImageOfPage\":{\"@id\":\"https:\/\/www.empathicway.pl\/online\/produkt\/poglebione-szkolenie-nvc-w-oparciu-o-kurs-online\/#primaryimage\"},\"image\":{\"@id\":\"https:\/\/www.empathicway.pl\/online\/produkt\/poglebione-szkolenie-nvc-w-oparciu-o-kurs-online\/#primaryimage\"},\"thumbnailUrl\":\"https:\/\/www.empathicway.pl\/online\/wp-content\/uploads\/2022\/01\/Poglebione-szkolenie-NVC-Empathic-Way-Online-marzec-2022.png\",\"datePublished\":\"2022-01-01T20:00:35+00:00\",\"dateModified\":\"2022-03-24T17:37:51+00:00\",\"description\":\"Pog\u0142\u0119bione szkolenie NVC w oparciu o kurs online Cztery kroki do lepszej relacji z innymi, podczas kt\u00f3rego poznasz podstawy NVC.\",\"breadcrumb\":{\"@id\":\"https:\/\/www.empathicway.pl\/online\/produkt\/poglebione-szkolenie-nvc-w-oparciu-o-kurs-online\/#breadcrumb\"},\"inLanguage\":\"pl-PL\",\"potentialAction\":[{\"@type\":\"ReadAction\",\"target\":[\"https:\/\/www.empathicway.pl\/online\/produkt\/poglebione-szkolenie-nvc-w-oparciu-o-kurs-online\/\"]}]},{\"@type\":\"ImageObject\",\"inLanguage\":\"pl-PL\",\"@id\":\"https:\/\/www.empathicway.pl\/online\/produkt\/poglebione-szkolenie-nvc-w-oparciu-o-kurs-online\/#primaryimage\",\"url\":\"https:\/\/www.empathicway.pl\/online\/wp-content\/uploads\/2022\/01\/Poglebione-szkolenie-NVC-Empathic-Way-Online-marzec-2022.png\",\"contentUrl\":\"https:\/\/www.empathicway.pl\/online\/wp-content\/uploads\/2022\/01\/Poglebione-szkolenie-NVC-Empathic-Way-Online-marzec-2022.png\",\"width\":1080,\"height\":1080,\"caption\":\"Pog\u0142\u0119bione szkolenie NVC w oparciu o kurs online Cztery kroki do lepszej relacji z innymi\"},{\"@type\":\"BreadcrumbList\",\"@id\":\"https:\/\/www.empathicway.pl\/online\/produkt\/poglebione-szkolenie-nvc-w-oparciu-o-kurs-online\/#breadcrumb\",\"itemListElement\":[{\"@type\":\"ListItem\",\"position\":1,\"name\":\"Strona g\u0142\u00f3wna\",\"item\":\"https:\/\/www.empathicway.pl\/online\/\"},{\"@type\":\"ListItem\",\"position\":2,\"name\":\"Sklep\",\"item\":\"https:\/\/www.empathicway.pl\/online\/sklep\/\"},{\"@type\":\"ListItem\",\"position\":3,\"name\":\"Pog\u0142\u0119bione szkolenie NVC w oparciu o kurs online\"}]},{\"@type\":\"WebSite\",\"@id\":\"https:\/\/www.empathicway.pl\/online\/#website\",\"url\":\"https:\/\/www.empathicway.pl\/online\/\",\"name\":\"Empathic Way Online | Komunikacja empatyczna krok po kroku\",\"description\":\"Platforma szkoleniowa Empathic Way\",\"publisher\":{\"@id\":\"https:\/\/www.empathicway.pl\/online\/#organization\"},\"potentialAction\":[{\"@type\":\"SearchAction\",\"target\":{\"@type\":\"EntryPoint\",\"urlTemplate\":\"https:\/\/www.empathicway.pl\/online\/?s={search_term_string}\"},\"query-input\":{\"@type\":\"PropertyValueSpecification\",\"valueRequired\":true,\"valueName\":\"search_term_string\"}}],\"inLanguage\":\"pl-PL\"},{\"@type\":\"Organization\",\"@id\":\"https:\/\/www.empathicway.pl\/online\/#organization\",\"name\":\"Empathic Way\",\"url\":\"https:\/\/www.empathicway.pl\/online\/\",\"logo\":{\"@type\":\"ImageObject\",\"inLanguage\":\"pl-PL\",\"@id\":\"https:\/\/www.empathicway.pl\/online\/#\/schema\/logo\/image\/\",\"url\":\"https:\/\/www.empathicway.pl\/online\/wp-content\/uploads\/2017\/10\/Empathic-Way-Online-logo-www.png\",\"contentUrl\":\"https:\/\/www.empathicway.pl\/online\/wp-content\/uploads\/2017\/10\/Empathic-Way-Online-logo-www.png\",\"width\":2892,\"height\":657,\"caption\":\"Empathic Way\"},\"image\":{\"@id\":\"https:\/\/www.empathicway.pl\/online\/#\/schema\/logo\/image\/\"},\"sameAs\":[\"https:\/\/www.facebook.com\/empathicwaypl\/\"]}]}<\/script>\n<!-- \/ Yoast SEO plugin. -->","yoast_head_json":{"title":"Pog\u0142\u0119bione szkolenie NVC w oparciu o kurs online - Empathic Way Online | Porozumienie bez Przemocy w praktyce","description":"Pog\u0142\u0119bione szkolenie NVC w oparciu o kurs online Cztery kroki do lepszej relacji z innymi, podczas kt\u00f3rego poznasz podstawy NVC.","robots":{"index":"index","follow":"follow","max-snippet":"max-snippet:-1","max-image-preview":"max-image-preview:large","max-video-preview":"max-video-preview:-1"},"canonical":"https:\/\/www.empathicway.pl\/online\/produkt\/poglebione-szkolenie-nvc-w-oparciu-o-kurs-online\/","og_locale":"pl_PL","og_type":"article","og_title":"Pog\u0142\u0119bione szkolenie NVC w oparciu o kurs online - Empathic Way Online | Porozumienie bez Przemocy w praktyce","og_description":"Pog\u0142\u0119bione szkolenie NVC w oparciu o kurs online Cztery kroki do lepszej relacji z innymi, podczas kt\u00f3rego poznasz podstawy NVC.","og_url":"https:\/\/www.empathicway.pl\/online\/produkt\/poglebione-szkolenie-nvc-w-oparciu-o-kurs-online\/","og_site_name":"Empathic Way Online | Porozumienie bez Przemocy w praktyce","article_publisher":"https:\/\/www.facebook.com\/empathicwaypl\/","article_modified_time":"2022-03-24T17:37:51+00:00","og_image":[{"width":1080,"height":1080,"url":"https:\/\/www.empathicway.pl\/online\/wp-content\/uploads\/2022\/01\/Poglebione-szkolenie-NVC-Empathic-Way-Online-marzec-2022.png","type":"image\/png"}],"twitter_card":"summary_large_image","twitter_misc":{"Szacowany czas czytania":"8 minut"},"schema":{"@context":"https:\/\/schema.org","@graph":[{"@type":"WebPage","@id":"https:\/\/www.empathicway.pl\/online\/produkt\/poglebione-szkolenie-nvc-w-oparciu-o-kurs-online\/","url":"https:\/\/www.empathicway.pl\/online\/produkt\/poglebione-szkolenie-nvc-w-oparciu-o-kurs-online\/","name":"Pog\u0142\u0119bione szkolenie NVC w oparciu o kurs online - Empathic Way Online | Porozumienie bez Przemocy w praktyce","isPartOf":{"@id":"https:\/\/www.empathicway.pl\/online\/#website"},"primaryImageOfPage":{"@id":"https:\/\/www.empathicway.pl\/online\/produkt\/poglebione-szkolenie-nvc-w-oparciu-o-kurs-online\/#primaryimage"},"image":{"@id":"https:\/\/www.empathicway.pl\/online\/produkt\/poglebione-szkolenie-nvc-w-oparciu-o-kurs-online\/#primaryimage"},"thumbnailUrl":"https:\/\/www.empathicway.pl\/online\/wp-content\/uploads\/2022\/01\/Poglebione-szkolenie-NVC-Empathic-Way-Online-marzec-2022.png","datePublished":"2022-01-01T20:00:35+00:00","dateModified":"2022-03-24T17:37:51+00:00","description":"Pog\u0142\u0119bione szkolenie NVC w oparciu o kurs online Cztery kroki do lepszej relacji z innymi, podczas kt\u00f3rego poznasz podstawy NVC.","breadcrumb":{"@id":"https:\/\/www.empathicway.pl\/online\/produkt\/poglebione-szkolenie-nvc-w-oparciu-o-kurs-online\/#breadcrumb"},"inLanguage":"pl-PL","potentialAction":[{"@type":"ReadAction","target":["https:\/\/www.empathicway.pl\/online\/produkt\/poglebione-szkolenie-nvc-w-oparciu-o-kurs-online\/"]}]},{"@type":"ImageObject","inLanguage":"pl-PL","@id":"https:\/\/www.empathicway.pl\/online\/produkt\/poglebione-szkolenie-nvc-w-oparciu-o-kurs-online\/#primaryimage","url":"https:\/\/www.empathicway.pl\/online\/wp-content\/uploads\/2022\/01\/Poglebione-szkolenie-NVC-Empathic-Way-Online-marzec-2022.png","contentUrl":"https:\/\/www.empathicway.pl\/online\/wp-content\/uploads\/2022\/01\/Poglebione-szkolenie-NVC-Empathic-Way-Online-marzec-2022.png","width":1080,"height":1080,"caption":"Pog\u0142\u0119bione szkolenie NVC w oparciu o kurs online Cztery kroki do lepszej relacji z innymi"},{"@type":"BreadcrumbList","@id":"https:\/\/www.empathicway.pl\/online\/produkt\/poglebione-szkolenie-nvc-w-oparciu-o-kurs-online\/#breadcrumb","itemListElement":[{"@type":"ListItem","position":1,"name":"Strona g\u0142\u00f3wna","item":"https:\/\/www.empathicway.pl\/online\/"},{"@type":"ListItem","position":2,"name":"Sklep","item":"https:\/\/www.empathicway.pl\/online\/sklep\/"},{"@type":"ListItem","position":3,"name":"Pog\u0142\u0119bione szkolenie NVC w oparciu o kurs online"}]},{"@type":"WebSite","@id":"https:\/\/www.empathicway.pl\/online\/#website","url":"https:\/\/www.empathicway.pl\/online\/","name":"Empathic Way Online | Komunikacja empatyczna krok po kroku","description":"Platforma szkoleniowa Empathic Way","publisher":{"@id":"https:\/\/www.empathicway.pl\/online\/#organization"},"potentialAction":[{"@type":"SearchAction","target":{"@type":"EntryPoint","urlTemplate":"https:\/\/www.empathicway.pl\/online\/?s={search_term_string}"},"query-input":{"@type":"PropertyValueSpecification","valueRequired":true,"valueName":"search_term_string"}}],"inLanguage":"pl-PL"},{"@type":"Organization","@id":"https:\/\/www.empathicway.pl\/online\/#organization","name":"Empathic Way","url":"https:\/\/www.empathicway.pl\/online\/","logo":{"@type":"ImageObject","inLanguage":"pl-PL","@id":"https:\/\/www.empathicway.pl\/online\/#\/schema\/logo\/image\/","url":"https:\/\/www.empathicway.pl\/online\/wp-content\/uploads\/2017\/10\/Empathic-Way-Online-logo-www.png","contentUrl":"https:\/\/www.empathicway.pl\/online\/wp-content\/uploads\/2017\/10\/Empathic-Way-Online-logo-www.png","width":2892,"height":657,"caption":"Empathic Way"},"image":{"@id":"https:\/\/www.empathicway.pl\/online\/#\/schema\/logo\/image\/"},"sameAs":["https:\/\/www.facebook.com\/empathicwaypl\/"]}]}},"_links":{"self":[{"href":"https:\/\/www.empathicway.pl\/online\/wp-json\/wp\/v2\/product\/2461","targetHints":{"allow":["GET"]}}],"collection":[{"href":"https:\/\/www.empathicway.pl\/online\/wp-json\/wp\/v2\/product"}],"about":[{"href":"https:\/\/www.empathicway.pl\/online\/wp-json\/wp\/v2\/types\/product"}],"version-history":[{"count":0,"href":"https:\/\/www.empathicway.pl\/online\/wp-json\/wp\/v2\/product\/2461\/revisions"}],"wp:featuredmedia":[{"embeddable":true,"href":"https:\/\/www.empathicway.pl\/online\/wp-json\/wp\/v2\/media\/6188"}],"wp:attachment":[{"href":"https:\/\/www.empathicway.pl\/online\/wp-json\/wp\/v2\/media?parent=2461"}],"wp:term":[{"taxonomy":"product_brand","embeddable":true,"href":"https:\/\/www.empathicway.pl\/online\/wp-json\/wp\/v2\/product_brand?post=2461"},{"taxonomy":"product_cat","embeddable":true,"href":"https:\/\/www.empathicway.pl\/online\/wp-json\/wp\/v2\/product_cat?post=2461"},{"taxonomy":"product_tag","embeddable":true,"href":"https:\/\/www.empathicway.pl\/online\/wp-json\/wp\/v2\/product_tag?post=2461"}],"curies":[{"name":"wp","href":"https:\/\/api.w.org\/{rel}","templated":true}]}}