{"id":4510,"date":"2021-06-01T21:05:34","date_gmt":"2021-06-01T19:05:34","guid":{"rendered":"https:\/\/www.empathicway.pl\/online\/?post_type=product&#038;p=4510"},"modified":"2023-10-12T11:50:24","modified_gmt":"2023-10-12T09:50:24","slug":"porozumienie-bez-przemocy-quizy","status":"publish","type":"product","link":"https:\/\/www.empathicway.pl\/online\/produkt\/porozumienie-bez-przemocy-quizy\/","title":{"rendered":"Porozumienie bez Przemocy &#8211; quizy"},"content":{"rendered":"<p>Chcesz sprawdzi\u0107, ile wiesz o\u00a0<strong>Porozumieniu bez Przemocy (NVC)<\/strong> Marshalla B. Rosenberga?<\/p>\n<p>Przygotowa\u0142am dla Ciebie <strong>quizy<\/strong>\u00a0dotycz\u0105ce r\u00f3\u017cnych aspekt\u00f3w\u00a0<strong>komunikacji empatycznej<\/strong>. Mo\u017cesz je zrobi\u0107 bezp\u0142atnie i bez konieczno\u015bci logowania si\u0119 na platform\u0119. Wystarczy, \u017ce przejdziesz <a href=\"https:\/\/www.empathicway.pl\/online\/kursy\/porozumienie-bez-przemocy-quizy\/\"><strong>TUTAJ<\/strong><\/a>.<\/p>\n<p>Mam nadziej\u0119, \u017ce pomog\u0105 Ci\u00a0<strong>usystematyzowa\u0107 wiedz\u0119<\/strong>\u00a0oraz\u00a0<strong>sprawdzi\u0107<\/strong>, czy wszystko jest dla Ciebie jasne. Je\u015bli dopiero zaczynasz przygod\u0119 z NVC, jest du\u017ca szansa, \u017ce te quizy <strong>zainspiruj\u0105<\/strong>\u00a0Ci\u0119 do dalszego zg\u0142\u0119biania tego podej\u015bcia do komunikacji i relacji.<\/p>\n<p>Udanej zabawy!<\/p>\n","protected":false},"excerpt":{"rendered":"<p>Chcesz sprawdzi\u0107, ile wiesz o\u00a0Porozumieniu bez Przemocy (NVC) Marshalla B. Rosenberga? Przygotowa\u0142am dla Ciebie quizy\u00a0dotycz\u0105ce r\u00f3\u017cnych aspekt\u00f3w\u00a0komunikacji empatycznej. Mo\u017cesz je zrobi\u0107 bezp\u0142atnie i bez konieczno\u015bci&hellip;<\/p>\n","protected":false},"featured_media":7493,"template":"","meta":{"_monsterinsights_skip_tracking":false,"_monsterinsights_sitenote_active":false,"_monsterinsights_sitenote_note":"","_monsterinsights_sitenote_category":0},"product_brand":[],"product_cat":[127,50],"product_tag":[],"class_list":{"0":"post-4510","1":"product","2":"type-product","3":"status-publish","4":"has-post-thumbnail","6":"product_cat-bezplatne","7":"product_cat-kursy-online","9":"first","10":"instock","11":"shipping-taxable","12":"product-type-external"},"yoast_head":"<!-- This site is optimized with the Yoast SEO plugin v27.2 - https:\/\/yoast.com\/product\/yoast-seo-wordpress\/ -->\n<title>Porozumienie bez Przemocy - quizy - Empathic Way Online | Porozumienie bez Przemocy w praktyce<\/title>\n<meta name=\"description\" content=\"Chcesz sprawdzi\u0107, ile wiesz o\u00a0Porozumieniu bez Przemocy (NVC) Marshalla B. Rosenberga?\u00a0Przygotowa\u0142am dla Ciebie quizy!\" \/>\n<meta name=\"robots\" content=\"index, follow, max-snippet:-1, max-image-preview:large, max-video-preview:-1\" \/>\n<link rel=\"canonical\" href=\"https:\/\/www.empathicway.pl\/online\/produkt\/porozumienie-bez-przemocy-quizy\/\" \/>\n<meta property=\"og:locale\" content=\"pl_PL\" \/>\n<meta property=\"og:type\" content=\"article\" \/>\n<meta property=\"og:title\" content=\"Porozumienie bez Przemocy - quizy - Empathic Way Online | Porozumienie bez Przemocy w praktyce\" \/>\n<meta property=\"og:description\" content=\"Chcesz sprawdzi\u0107, ile wiesz o\u00a0Porozumieniu bez Przemocy (NVC) Marshalla B. Rosenberga?\u00a0Przygotowa\u0142am dla Ciebie quizy!\" \/>\n<meta property=\"og:url\" content=\"https:\/\/www.empathicway.pl\/online\/produkt\/porozumienie-bez-przemocy-quizy\/\" \/>\n<meta property=\"og:site_name\" content=\"Empathic Way Online | Porozumienie bez Przemocy w praktyce\" \/>\n<meta property=\"article:publisher\" content=\"https:\/\/www.facebook.com\/empathicwaypl\/\" \/>\n<meta property=\"article:modified_time\" content=\"2023-10-12T09:50:24+00:00\" \/>\n<meta property=\"og:image\" content=\"https:\/\/www.empathicway.pl\/online\/wp-content\/uploads\/2021\/06\/Porozumienie-bez-Przemocy-Quizy-NVC-Empathic-Way-Online-Magdalena-Malinowska-Berggren.png\" \/>\n\t<meta property=\"og:image:width\" content=\"1080\" \/>\n\t<meta property=\"og:image:height\" content=\"1080\" \/>\n\t<meta property=\"og:image:type\" content=\"image\/png\" \/>\n<meta name=\"twitter:card\" content=\"summary_large_image\" \/>\n<meta name=\"twitter:label1\" content=\"Szacowany czas czytania\" \/>\n\t<meta name=\"twitter:data1\" content=\"1 minuta\" \/>\n<script type=\"application\/ld+json\" class=\"yoast-schema-graph\">{\"@context\":\"https:\/\/schema.org\",\"@graph\":[{\"@type\":\"WebPage\",\"@id\":\"https:\/\/www.empathicway.pl\/online\/produkt\/porozumienie-bez-przemocy-quizy\/\",\"url\":\"https:\/\/www.empathicway.pl\/online\/produkt\/porozumienie-bez-przemocy-quizy\/\",\"name\":\"Porozumienie bez Przemocy - quizy - Empathic Way Online | Porozumienie bez Przemocy w praktyce\",\"isPartOf\":{\"@id\":\"https:\/\/www.empathicway.pl\/online\/#website\"},\"primaryImageOfPage\":{\"@id\":\"https:\/\/www.empathicway.pl\/online\/produkt\/porozumienie-bez-przemocy-quizy\/#primaryimage\"},\"image\":{\"@id\":\"https:\/\/www.empathicway.pl\/online\/produkt\/porozumienie-bez-przemocy-quizy\/#primaryimage\"},\"thumbnailUrl\":\"https:\/\/www.empathicway.pl\/online\/wp-content\/uploads\/2021\/06\/Porozumienie-bez-Przemocy-Quizy-NVC-Empathic-Way-Online-Magdalena-Malinowska-Berggren.png\",\"datePublished\":\"2021-06-01T19:05:34+00:00\",\"dateModified\":\"2023-10-12T09:50:24+00:00\",\"description\":\"Chcesz sprawdzi\u0107, ile wiesz o\u00a0Porozumieniu bez Przemocy (NVC) Marshalla B. Rosenberga?\u00a0Przygotowa\u0142am dla Ciebie quizy!\",\"breadcrumb\":{\"@id\":\"https:\/\/www.empathicway.pl\/online\/produkt\/porozumienie-bez-przemocy-quizy\/#breadcrumb\"},\"inLanguage\":\"pl-PL\",\"potentialAction\":[{\"@type\":\"ReadAction\",\"target\":[\"https:\/\/www.empathicway.pl\/online\/produkt\/porozumienie-bez-przemocy-quizy\/\"]}]},{\"@type\":\"ImageObject\",\"inLanguage\":\"pl-PL\",\"@id\":\"https:\/\/www.empathicway.pl\/online\/produkt\/porozumienie-bez-przemocy-quizy\/#primaryimage\",\"url\":\"https:\/\/www.empathicway.pl\/online\/wp-content\/uploads\/2021\/06\/Porozumienie-bez-Przemocy-Quizy-NVC-Empathic-Way-Online-Magdalena-Malinowska-Berggren.png\",\"contentUrl\":\"https:\/\/www.empathicway.pl\/online\/wp-content\/uploads\/2021\/06\/Porozumienie-bez-Przemocy-Quizy-NVC-Empathic-Way-Online-Magdalena-Malinowska-Berggren.png\",\"width\":1080,\"height\":1080,\"caption\":\"Porozumienie bez Przemocy - quizy NVC Empathic Way\"},{\"@type\":\"BreadcrumbList\",\"@id\":\"https:\/\/www.empathicway.pl\/online\/produkt\/porozumienie-bez-przemocy-quizy\/#breadcrumb\",\"itemListElement\":[{\"@type\":\"ListItem\",\"position\":1,\"name\":\"Strona g\u0142\u00f3wna\",\"item\":\"https:\/\/www.empathicway.pl\/online\/\"},{\"@type\":\"ListItem\",\"position\":2,\"name\":\"Sklep\",\"item\":\"https:\/\/www.empathicway.pl\/online\/sklep\/\"},{\"@type\":\"ListItem\",\"position\":3,\"name\":\"Porozumienie bez Przemocy &#8211; quizy\"}]},{\"@type\":\"WebSite\",\"@id\":\"https:\/\/www.empathicway.pl\/online\/#website\",\"url\":\"https:\/\/www.empathicway.pl\/online\/\",\"name\":\"Empathic Way Online | Komunikacja empatyczna krok po kroku\",\"description\":\"Platforma szkoleniowa Empathic Way\",\"publisher\":{\"@id\":\"https:\/\/www.empathicway.pl\/online\/#organization\"},\"potentialAction\":[{\"@type\":\"SearchAction\",\"target\":{\"@type\":\"EntryPoint\",\"urlTemplate\":\"https:\/\/www.empathicway.pl\/online\/?s={search_term_string}\"},\"query-input\":{\"@type\":\"PropertyValueSpecification\",\"valueRequired\":true,\"valueName\":\"search_term_string\"}}],\"inLanguage\":\"pl-PL\"},{\"@type\":\"Organization\",\"@id\":\"https:\/\/www.empathicway.pl\/online\/#organization\",\"name\":\"Empathic Way\",\"url\":\"https:\/\/www.empathicway.pl\/online\/\",\"logo\":{\"@type\":\"ImageObject\",\"inLanguage\":\"pl-PL\",\"@id\":\"https:\/\/www.empathicway.pl\/online\/#\/schema\/logo\/image\/\",\"url\":\"https:\/\/www.empathicway.pl\/online\/wp-content\/uploads\/2017\/10\/Empathic-Way-Online-logo-www.png\",\"contentUrl\":\"https:\/\/www.empathicway.pl\/online\/wp-content\/uploads\/2017\/10\/Empathic-Way-Online-logo-www.png\",\"width\":2892,\"height\":657,\"caption\":\"Empathic Way\"},\"image\":{\"@id\":\"https:\/\/www.empathicway.pl\/online\/#\/schema\/logo\/image\/\"},\"sameAs\":[\"https:\/\/www.facebook.com\/empathicwaypl\/\"]}]}<\/script>\n<!-- \/ Yoast SEO plugin. -->","yoast_head_json":{"title":"Porozumienie bez Przemocy - quizy - Empathic Way Online | Porozumienie bez Przemocy w praktyce","description":"Chcesz sprawdzi\u0107, ile wiesz o\u00a0Porozumieniu bez Przemocy (NVC) Marshalla B. Rosenberga?\u00a0Przygotowa\u0142am dla Ciebie quizy!","robots":{"index":"index","follow":"follow","max-snippet":"max-snippet:-1","max-image-preview":"max-image-preview:large","max-video-preview":"max-video-preview:-1"},"canonical":"https:\/\/www.empathicway.pl\/online\/produkt\/porozumienie-bez-przemocy-quizy\/","og_locale":"pl_PL","og_type":"article","og_title":"Porozumienie bez Przemocy - quizy - Empathic Way Online | Porozumienie bez Przemocy w praktyce","og_description":"Chcesz sprawdzi\u0107, ile wiesz o\u00a0Porozumieniu bez Przemocy (NVC) Marshalla B. Rosenberga?\u00a0Przygotowa\u0142am dla Ciebie quizy!","og_url":"https:\/\/www.empathicway.pl\/online\/produkt\/porozumienie-bez-przemocy-quizy\/","og_site_name":"Empathic Way Online | Porozumienie bez Przemocy w praktyce","article_publisher":"https:\/\/www.facebook.com\/empathicwaypl\/","article_modified_time":"2023-10-12T09:50:24+00:00","og_image":[{"width":1080,"height":1080,"url":"https:\/\/www.empathicway.pl\/online\/wp-content\/uploads\/2021\/06\/Porozumienie-bez-Przemocy-Quizy-NVC-Empathic-Way-Online-Magdalena-Malinowska-Berggren.png","type":"image\/png"}],"twitter_card":"summary_large_image","twitter_misc":{"Szacowany czas czytania":"1 minuta"},"schema":{"@context":"https:\/\/schema.org","@graph":[{"@type":"WebPage","@id":"https:\/\/www.empathicway.pl\/online\/produkt\/porozumienie-bez-przemocy-quizy\/","url":"https:\/\/www.empathicway.pl\/online\/produkt\/porozumienie-bez-przemocy-quizy\/","name":"Porozumienie bez Przemocy - quizy - Empathic Way Online | Porozumienie bez Przemocy w praktyce","isPartOf":{"@id":"https:\/\/www.empathicway.pl\/online\/#website"},"primaryImageOfPage":{"@id":"https:\/\/www.empathicway.pl\/online\/produkt\/porozumienie-bez-przemocy-quizy\/#primaryimage"},"image":{"@id":"https:\/\/www.empathicway.pl\/online\/produkt\/porozumienie-bez-przemocy-quizy\/#primaryimage"},"thumbnailUrl":"https:\/\/www.empathicway.pl\/online\/wp-content\/uploads\/2021\/06\/Porozumienie-bez-Przemocy-Quizy-NVC-Empathic-Way-Online-Magdalena-Malinowska-Berggren.png","datePublished":"2021-06-01T19:05:34+00:00","dateModified":"2023-10-12T09:50:24+00:00","description":"Chcesz sprawdzi\u0107, ile wiesz o\u00a0Porozumieniu bez Przemocy (NVC) Marshalla B. Rosenberga?\u00a0Przygotowa\u0142am dla Ciebie quizy!","breadcrumb":{"@id":"https:\/\/www.empathicway.pl\/online\/produkt\/porozumienie-bez-przemocy-quizy\/#breadcrumb"},"inLanguage":"pl-PL","potentialAction":[{"@type":"ReadAction","target":["https:\/\/www.empathicway.pl\/online\/produkt\/porozumienie-bez-przemocy-quizy\/"]}]},{"@type":"ImageObject","inLanguage":"pl-PL","@id":"https:\/\/www.empathicway.pl\/online\/produkt\/porozumienie-bez-przemocy-quizy\/#primaryimage","url":"https:\/\/www.empathicway.pl\/online\/wp-content\/uploads\/2021\/06\/Porozumienie-bez-Przemocy-Quizy-NVC-Empathic-Way-Online-Magdalena-Malinowska-Berggren.png","contentUrl":"https:\/\/www.empathicway.pl\/online\/wp-content\/uploads\/2021\/06\/Porozumienie-bez-Przemocy-Quizy-NVC-Empathic-Way-Online-Magdalena-Malinowska-Berggren.png","width":1080,"height":1080,"caption":"Porozumienie bez Przemocy - quizy NVC Empathic Way"},{"@type":"BreadcrumbList","@id":"https:\/\/www.empathicway.pl\/online\/produkt\/porozumienie-bez-przemocy-quizy\/#breadcrumb","itemListElement":[{"@type":"ListItem","position":1,"name":"Strona g\u0142\u00f3wna","item":"https:\/\/www.empathicway.pl\/online\/"},{"@type":"ListItem","position":2,"name":"Sklep","item":"https:\/\/www.empathicway.pl\/online\/sklep\/"},{"@type":"ListItem","position":3,"name":"Porozumienie bez Przemocy &#8211; quizy"}]},{"@type":"WebSite","@id":"https:\/\/www.empathicway.pl\/online\/#website","url":"https:\/\/www.empathicway.pl\/online\/","name":"Empathic Way Online | Komunikacja empatyczna krok po kroku","description":"Platforma szkoleniowa Empathic Way","publisher":{"@id":"https:\/\/www.empathicway.pl\/online\/#organization"},"potentialAction":[{"@type":"SearchAction","target":{"@type":"EntryPoint","urlTemplate":"https:\/\/www.empathicway.pl\/online\/?s={search_term_string}"},"query-input":{"@type":"PropertyValueSpecification","valueRequired":true,"valueName":"search_term_string"}}],"inLanguage":"pl-PL"},{"@type":"Organization","@id":"https:\/\/www.empathicway.pl\/online\/#organization","name":"Empathic Way","url":"https:\/\/www.empathicway.pl\/online\/","logo":{"@type":"ImageObject","inLanguage":"pl-PL","@id":"https:\/\/www.empathicway.pl\/online\/#\/schema\/logo\/image\/","url":"https:\/\/www.empathicway.pl\/online\/wp-content\/uploads\/2017\/10\/Empathic-Way-Online-logo-www.png","contentUrl":"https:\/\/www.empathicway.pl\/online\/wp-content\/uploads\/2017\/10\/Empathic-Way-Online-logo-www.png","width":2892,"height":657,"caption":"Empathic Way"},"image":{"@id":"https:\/\/www.empathicway.pl\/online\/#\/schema\/logo\/image\/"},"sameAs":["https:\/\/www.facebook.com\/empathicwaypl\/"]}]}},"_links":{"self":[{"href":"https:\/\/www.empathicway.pl\/online\/wp-json\/wp\/v2\/product\/4510","targetHints":{"allow":["GET"]}}],"collection":[{"href":"https:\/\/www.empathicway.pl\/online\/wp-json\/wp\/v2\/product"}],"about":[{"href":"https:\/\/www.empathicway.pl\/online\/wp-json\/wp\/v2\/types\/product"}],"version-history":[{"count":1,"href":"https:\/\/www.empathicway.pl\/online\/wp-json\/wp\/v2\/product\/4510\/revisions"}],"predecessor-version":[{"id":7495,"href":"https:\/\/www.empathicway.pl\/online\/wp-json\/wp\/v2\/product\/4510\/revisions\/7495"}],"wp:featuredmedia":[{"embeddable":true,"href":"https:\/\/www.empathicway.pl\/online\/wp-json\/wp\/v2\/media\/7493"}],"wp:attachment":[{"href":"https:\/\/www.empathicway.pl\/online\/wp-json\/wp\/v2\/media?parent=4510"}],"wp:term":[{"taxonomy":"product_brand","embeddable":true,"href":"https:\/\/www.empathicway.pl\/online\/wp-json\/wp\/v2\/product_brand?post=4510"},{"taxonomy":"product_cat","embeddable":true,"href":"https:\/\/www.empathicway.pl\/online\/wp-json\/wp\/v2\/product_cat?post=4510"},{"taxonomy":"product_tag","embeddable":true,"href":"https:\/\/www.empathicway.pl\/online\/wp-json\/wp\/v2\/product_tag?post=4510"}],"curies":[{"name":"wp","href":"https:\/\/api.w.org\/{rel}","templated":true}]}}