{"id":4661,"date":"2018-03-13T17:59:29","date_gmt":"2018-03-13T16:59:29","guid":{"rendered":"https:\/\/www.empathicway.pl\/online\/?post_type=product&#038;p=4661"},"modified":"2023-10-12T11:45:13","modified_gmt":"2023-10-12T09:45:13","slug":"wyzwanie-jedna-rzecz-dziennie-dla-twojego-zwiazku","status":"publish","type":"product","link":"https:\/\/www.empathicway.pl\/online\/produkt\/wyzwanie-jedna-rzecz-dziennie-dla-twojego-zwiazku\/","title":{"rendered":"Wyzwanie \u201eJedna rzecz dziennie dla Twojego zwi\u0105zku\u201d"},"content":{"rendered":"<h5>7-dniowe <strong>wyzwanie online pomagaj\u0105ce p<\/strong><strong>rzywr\u00f3\u0107 harmoni\u0119 i blisko\u015b\u0107 w zwi\u0105zku<\/strong><\/h5>\n<p>&#8212;&#8212;&#8212;&#8212;&#8212;&#8212;&#8212;&#8212;&#8211;<\/p>\n<ul>\n<li>Czy zale\u017cy Ci na\u00a0<strong>dobrych, bliskich relacjach<\/strong>\u00a0przynosz\u0105cych\u00a0<strong>rado\u015b\u0107<\/strong>\u00a0i\u00a0<strong>spe\u0142nienie<\/strong>, jednak rzeczywisto\u015b\u0107 jest\u00a0<strong>daleka od idea\u0142u<\/strong>?<\/li>\n<li>Cz\u0119sto si\u0119\u00a0<strong>k\u0142\u00f3cicie<\/strong>,\u00a0<strong>oskar\u017cacie<\/strong>\u00a0o niepowodzenia i\u00a0<strong>wytykacie swoje wady<\/strong>?<\/li>\n<li>A mo\u017ce czasem ze sob\u0105\u00a0<strong>nie rozmawiacie<\/strong>, bo macie wra\u017cenie, \u017ce\u00a0<strong>nie rozumiecie si\u0119<\/strong>\u00a0nawzajem i ju\u017c?!<\/li>\n<\/ul>\n<p>&nbsp;<\/p>\n<h4><strong>Zacznij dzia\u0142a\u0107!\u00a0<\/strong><\/h4>\n<p>Wprowad\u017a w codzienne \u017cycie\u00a0<strong>kilka poprawek<\/strong>, by szybko zauwa\u017cy\u0107\u00a0<strong>r\u00f3\u017cnic\u0119<\/strong>.\u00a0Jedna rzecz dziennie dla Twojego zwi\u0105zku mo\u017ce zdzia\u0142a\u0107 cuda.<\/p>\n<p class=\"et_pb_slide_title\">Zapro\u015b partnera\/partnerk\u0119 do <strong>eksperymentu<\/strong>!\u00a0Zainwestujcie <strong>15 minut dziennie<\/strong>\u00a0w sw\u00f3j zwi\u0105zek. I sprawd\u017acie\u00a0<strong>rezultaty<\/strong>\u00a0po pierwszym miesi\u0105cu!<\/p>\n<p>&nbsp;<\/p>\n<h4><strong>Do kogo skierowane jest to wyzwanie?<\/strong><\/h4>\n<p>Zapraszam <strong>pary<\/strong>, kt\u00f3re:<\/p>\n<ul>\n<li>pragn\u0105\u00a0<strong>autentycznej, g\u0142\u0119bokiej\u00a0<\/strong>relacji;<\/li>\n<li>t\u0119skni\u0105 za wi\u0119ksz\u0105\u00a0<strong>harmoni\u0105<\/strong>,\u00a0<strong>zrozumieniem<\/strong>\u00a0i\u00a0<strong>jasno\u015bci\u0105<\/strong>\u00a0w swoim zwi\u0105zku;<\/li>\n<li>maj\u0105\u00a0<strong>do\u015b\u0107 k\u0142\u00f3tni<\/strong>\u00a0oraz\u00a0<strong>skrywania swoich uczu\u0107 i potrzeb<\/strong>\u00a0za r\u00f3\u017cnymi maskami;<\/li>\n<li>maj\u0105\u00a0<strong>odwag\u0119 i ch\u0119\u0107<\/strong>, by spr\u00f3bowa\u0107 czego\u015b nowego;<\/li>\n<li>nie zadowalaj\u0105 si\u0119\u00a0<strong>byle jakim zwi\u0105zkiem<\/strong>\u00a0po to tylko, by nie by\u0107 samemu.<\/li>\n<\/ul>\n<p>&nbsp;<\/p>\n<h4><strong>Na czym b\u0119dzie polega\u0142o wyzwanie?<\/strong><\/h4>\n<p>Codziennie\u00a0<strong>przez 7 dni<\/strong>\u00a0otrzymasz\u00a0<strong>wiadomo\u015b\u0107<\/strong>\u00a0z prostym, zajmuj\u0105cym oko\u0142o 15 minut,\u00a0<strong>\u0107wiczeniem<\/strong>.<\/p>\n<p>Wprowad\u017acie je<strong>\u00a0w \u017cycie<\/strong>\u00a0i\u00a0<strong>zapiszcie<\/strong>\u00a0swoje refleksje na stronach\u00a0<strong>dziennika<\/strong>, kt\u00f3rego kolejne\u00a0<strong>strony<\/strong>\u00a0otrzymacie razem z mailem\u00a0<strong>ka\u017cdego dnia<\/strong>.<\/p>\n<p>Do dyspozycji jest te\u017c\u00a0<strong>zamkni\u0119ta grupa<\/strong>\u00a0na Facebooku.<\/p>\n<p><strong>Jeste\u015bcie gotowi? Zapraszam!<\/strong><\/p>\n<p>\u2014\u2014\u2014\u2014\u2014\u2014\u2014\u2014\u2014\u2014\u2014\u2014\u2014\u2014<\/p>\n<p><strong>UWAGA:<\/strong> <strong>Tre\u015bci<\/strong> wyzwania b\u0119d\u0105 <strong>wysy\u0142ane mailem<\/strong>.\u00a0Po zapisaniu si\u0119, <b>potwierd\u017a subskrypcj\u0119<\/b>. Bywa, \u017ce maile trafiaj\u0105 do spamu lub do zak\u0142adki \u201eOferty\u201d.<\/p>\n","protected":false},"excerpt":{"rendered":"<p>7-dniowe wyzwanie online pomagaj\u0105ce przywr\u00f3\u0107 harmoni\u0119 i blisko\u015b\u0107 w zwi\u0105zku &#8212;&#8212;&#8212;&#8212;&#8212;&#8212;&#8212;&#8212;&#8211; Czy zale\u017cy Ci na\u00a0dobrych, bliskich relacjach\u00a0przynosz\u0105cych\u00a0rado\u015b\u0107\u00a0i\u00a0spe\u0142nienie, jednak rzeczywisto\u015b\u0107 jest\u00a0daleka od idea\u0142u? Cz\u0119sto si\u0119\u00a0k\u0142\u00f3cicie,\u00a0oskar\u017cacie\u00a0o niepowodzenia&hellip;<\/p>\n","protected":false},"featured_media":7496,"template":"","meta":{"_monsterinsights_skip_tracking":false,"_monsterinsights_sitenote_active":false,"_monsterinsights_sitenote_note":"","_monsterinsights_sitenote_category":0},"product_brand":[],"product_cat":[127,31],"product_tag":[],"class_list":{"0":"post-4661","1":"product","2":"type-product","3":"status-publish","4":"has-post-thumbnail","6":"product_cat-bezplatne","7":"product_cat-wyzwania-online","9":"first","10":"instock","11":"shipping-taxable","12":"product-type-external"},"yoast_head":"<!-- This site is optimized with the Yoast SEO plugin v27.2 - https:\/\/yoast.com\/product\/yoast-seo-wordpress\/ -->\n<title>Wyzwanie \u201eJedna rzecz dziennie dla Twojego zwi\u0105zku\u201d - Empathic Way Online | Porozumienie bez Przemocy w praktyce<\/title>\n<meta name=\"description\" content=\"Jedna rzecz dziennie dla Twojego zwi\u0105zku przez 7 dni to niewiele. Podejmiesz wyzwanie? Zainwestuj 15 minut dziennie i miej wspania\u0142\u0105 relacj\u0119!\" \/>\n<meta name=\"robots\" content=\"index, follow, max-snippet:-1, max-image-preview:large, max-video-preview:-1\" \/>\n<link rel=\"canonical\" href=\"https:\/\/www.empathicway.pl\/online\/produkt\/wyzwanie-jedna-rzecz-dziennie-dla-twojego-zwiazku\/\" \/>\n<meta property=\"og:locale\" content=\"pl_PL\" \/>\n<meta property=\"og:type\" content=\"article\" \/>\n<meta property=\"og:title\" content=\"Wyzwanie \u201eJedna rzecz dziennie dla Twojego zwi\u0105zku\u201d - Empathic Way Online | Porozumienie bez Przemocy w praktyce\" \/>\n<meta property=\"og:description\" content=\"Jedna rzecz dziennie dla Twojego zwi\u0105zku przez 7 dni to niewiele. Podejmiesz wyzwanie? Zainwestuj 15 minut dziennie i miej wspania\u0142\u0105 relacj\u0119!\" \/>\n<meta property=\"og:url\" content=\"https:\/\/www.empathicway.pl\/online\/produkt\/wyzwanie-jedna-rzecz-dziennie-dla-twojego-zwiazku\/\" \/>\n<meta property=\"og:site_name\" content=\"Empathic Way Online | Porozumienie bez Przemocy w praktyce\" \/>\n<meta property=\"article:publisher\" content=\"https:\/\/www.facebook.com\/empathicwaypl\/\" \/>\n<meta property=\"article:modified_time\" content=\"2023-10-12T09:45:13+00:00\" \/>\n<meta property=\"og:image\" content=\"https:\/\/www.empathicway.pl\/online\/wp-content\/uploads\/2018\/03\/Wyzwanie-Jedna-rzecz-dziennie-dla-Twojego-zwiazku-Empathic-Way-Online-NVC-Porozumienie-bez-Przemocy-Magdalena-Malinowska-Berggren.png\" \/>\n\t<meta property=\"og:image:width\" content=\"1080\" \/>\n\t<meta property=\"og:image:height\" content=\"1080\" \/>\n\t<meta property=\"og:image:type\" content=\"image\/png\" \/>\n<meta name=\"twitter:card\" content=\"summary_large_image\" \/>\n<meta name=\"twitter:label1\" content=\"Szacowany czas czytania\" \/>\n\t<meta name=\"twitter:data1\" content=\"2 minuty\" \/>\n<script type=\"application\/ld+json\" class=\"yoast-schema-graph\">{\"@context\":\"https:\/\/schema.org\",\"@graph\":[{\"@type\":\"WebPage\",\"@id\":\"https:\/\/www.empathicway.pl\/online\/produkt\/wyzwanie-jedna-rzecz-dziennie-dla-twojego-zwiazku\/\",\"url\":\"https:\/\/www.empathicway.pl\/online\/produkt\/wyzwanie-jedna-rzecz-dziennie-dla-twojego-zwiazku\/\",\"name\":\"Wyzwanie \u201eJedna rzecz dziennie dla Twojego zwi\u0105zku\u201d - Empathic Way Online | Porozumienie bez Przemocy w praktyce\",\"isPartOf\":{\"@id\":\"https:\/\/www.empathicway.pl\/online\/#website\"},\"primaryImageOfPage\":{\"@id\":\"https:\/\/www.empathicway.pl\/online\/produkt\/wyzwanie-jedna-rzecz-dziennie-dla-twojego-zwiazku\/#primaryimage\"},\"image\":{\"@id\":\"https:\/\/www.empathicway.pl\/online\/produkt\/wyzwanie-jedna-rzecz-dziennie-dla-twojego-zwiazku\/#primaryimage\"},\"thumbnailUrl\":\"https:\/\/www.empathicway.pl\/online\/wp-content\/uploads\/2018\/03\/Wyzwanie-Jedna-rzecz-dziennie-dla-Twojego-zwiazku-Empathic-Way-Online-NVC-Porozumienie-bez-Przemocy-Magdalena-Malinowska-Berggren.png\",\"datePublished\":\"2018-03-13T16:59:29+00:00\",\"dateModified\":\"2023-10-12T09:45:13+00:00\",\"description\":\"Jedna rzecz dziennie dla Twojego zwi\u0105zku przez 7 dni to niewiele. Podejmiesz wyzwanie? Zainwestuj 15 minut dziennie i miej wspania\u0142\u0105 relacj\u0119!\",\"breadcrumb\":{\"@id\":\"https:\/\/www.empathicway.pl\/online\/produkt\/wyzwanie-jedna-rzecz-dziennie-dla-twojego-zwiazku\/#breadcrumb\"},\"inLanguage\":\"pl-PL\",\"potentialAction\":[{\"@type\":\"ReadAction\",\"target\":[\"https:\/\/www.empathicway.pl\/online\/produkt\/wyzwanie-jedna-rzecz-dziennie-dla-twojego-zwiazku\/\"]}]},{\"@type\":\"ImageObject\",\"inLanguage\":\"pl-PL\",\"@id\":\"https:\/\/www.empathicway.pl\/online\/produkt\/wyzwanie-jedna-rzecz-dziennie-dla-twojego-zwiazku\/#primaryimage\",\"url\":\"https:\/\/www.empathicway.pl\/online\/wp-content\/uploads\/2018\/03\/Wyzwanie-Jedna-rzecz-dziennie-dla-Twojego-zwiazku-Empathic-Way-Online-NVC-Porozumienie-bez-Przemocy-Magdalena-Malinowska-Berggren.png\",\"contentUrl\":\"https:\/\/www.empathicway.pl\/online\/wp-content\/uploads\/2018\/03\/Wyzwanie-Jedna-rzecz-dziennie-dla-Twojego-zwiazku-Empathic-Way-Online-NVC-Porozumienie-bez-Przemocy-Magdalena-Malinowska-Berggren.png\",\"width\":1080,\"height\":1080,\"caption\":\"Wyzwanie Jedna rzecz dziennie dla Twojego zwi\u0105zku Empathic Way Magdalena Malinowska-Berggren\"},{\"@type\":\"BreadcrumbList\",\"@id\":\"https:\/\/www.empathicway.pl\/online\/produkt\/wyzwanie-jedna-rzecz-dziennie-dla-twojego-zwiazku\/#breadcrumb\",\"itemListElement\":[{\"@type\":\"ListItem\",\"position\":1,\"name\":\"Strona g\u0142\u00f3wna\",\"item\":\"https:\/\/www.empathicway.pl\/online\/\"},{\"@type\":\"ListItem\",\"position\":2,\"name\":\"Sklep\",\"item\":\"https:\/\/www.empathicway.pl\/online\/sklep\/\"},{\"@type\":\"ListItem\",\"position\":3,\"name\":\"Wyzwanie \u201eJedna rzecz dziennie dla Twojego zwi\u0105zku\u201d\"}]},{\"@type\":\"WebSite\",\"@id\":\"https:\/\/www.empathicway.pl\/online\/#website\",\"url\":\"https:\/\/www.empathicway.pl\/online\/\",\"name\":\"Empathic Way Online | Komunikacja empatyczna krok po kroku\",\"description\":\"Platforma szkoleniowa Empathic Way\",\"publisher\":{\"@id\":\"https:\/\/www.empathicway.pl\/online\/#organization\"},\"potentialAction\":[{\"@type\":\"SearchAction\",\"target\":{\"@type\":\"EntryPoint\",\"urlTemplate\":\"https:\/\/www.empathicway.pl\/online\/?s={search_term_string}\"},\"query-input\":{\"@type\":\"PropertyValueSpecification\",\"valueRequired\":true,\"valueName\":\"search_term_string\"}}],\"inLanguage\":\"pl-PL\"},{\"@type\":\"Organization\",\"@id\":\"https:\/\/www.empathicway.pl\/online\/#organization\",\"name\":\"Empathic Way\",\"url\":\"https:\/\/www.empathicway.pl\/online\/\",\"logo\":{\"@type\":\"ImageObject\",\"inLanguage\":\"pl-PL\",\"@id\":\"https:\/\/www.empathicway.pl\/online\/#\/schema\/logo\/image\/\",\"url\":\"https:\/\/www.empathicway.pl\/online\/wp-content\/uploads\/2017\/10\/Empathic-Way-Online-logo-www.png\",\"contentUrl\":\"https:\/\/www.empathicway.pl\/online\/wp-content\/uploads\/2017\/10\/Empathic-Way-Online-logo-www.png\",\"width\":2892,\"height\":657,\"caption\":\"Empathic Way\"},\"image\":{\"@id\":\"https:\/\/www.empathicway.pl\/online\/#\/schema\/logo\/image\/\"},\"sameAs\":[\"https:\/\/www.facebook.com\/empathicwaypl\/\"]}]}<\/script>\n<!-- \/ Yoast SEO plugin. -->","yoast_head_json":{"title":"Wyzwanie \u201eJedna rzecz dziennie dla Twojego zwi\u0105zku\u201d - Empathic Way Online | Porozumienie bez Przemocy w praktyce","description":"Jedna rzecz dziennie dla Twojego zwi\u0105zku przez 7 dni to niewiele. Podejmiesz wyzwanie? Zainwestuj 15 minut dziennie i miej wspania\u0142\u0105 relacj\u0119!","robots":{"index":"index","follow":"follow","max-snippet":"max-snippet:-1","max-image-preview":"max-image-preview:large","max-video-preview":"max-video-preview:-1"},"canonical":"https:\/\/www.empathicway.pl\/online\/produkt\/wyzwanie-jedna-rzecz-dziennie-dla-twojego-zwiazku\/","og_locale":"pl_PL","og_type":"article","og_title":"Wyzwanie \u201eJedna rzecz dziennie dla Twojego zwi\u0105zku\u201d - Empathic Way Online | Porozumienie bez Przemocy w praktyce","og_description":"Jedna rzecz dziennie dla Twojego zwi\u0105zku przez 7 dni to niewiele. Podejmiesz wyzwanie? Zainwestuj 15 minut dziennie i miej wspania\u0142\u0105 relacj\u0119!","og_url":"https:\/\/www.empathicway.pl\/online\/produkt\/wyzwanie-jedna-rzecz-dziennie-dla-twojego-zwiazku\/","og_site_name":"Empathic Way Online | Porozumienie bez Przemocy w praktyce","article_publisher":"https:\/\/www.facebook.com\/empathicwaypl\/","article_modified_time":"2023-10-12T09:45:13+00:00","og_image":[{"width":1080,"height":1080,"url":"https:\/\/www.empathicway.pl\/online\/wp-content\/uploads\/2018\/03\/Wyzwanie-Jedna-rzecz-dziennie-dla-Twojego-zwiazku-Empathic-Way-Online-NVC-Porozumienie-bez-Przemocy-Magdalena-Malinowska-Berggren.png","type":"image\/png"}],"twitter_card":"summary_large_image","twitter_misc":{"Szacowany czas czytania":"2 minuty"},"schema":{"@context":"https:\/\/schema.org","@graph":[{"@type":"WebPage","@id":"https:\/\/www.empathicway.pl\/online\/produkt\/wyzwanie-jedna-rzecz-dziennie-dla-twojego-zwiazku\/","url":"https:\/\/www.empathicway.pl\/online\/produkt\/wyzwanie-jedna-rzecz-dziennie-dla-twojego-zwiazku\/","name":"Wyzwanie \u201eJedna rzecz dziennie dla Twojego zwi\u0105zku\u201d - Empathic Way Online | Porozumienie bez Przemocy w praktyce","isPartOf":{"@id":"https:\/\/www.empathicway.pl\/online\/#website"},"primaryImageOfPage":{"@id":"https:\/\/www.empathicway.pl\/online\/produkt\/wyzwanie-jedna-rzecz-dziennie-dla-twojego-zwiazku\/#primaryimage"},"image":{"@id":"https:\/\/www.empathicway.pl\/online\/produkt\/wyzwanie-jedna-rzecz-dziennie-dla-twojego-zwiazku\/#primaryimage"},"thumbnailUrl":"https:\/\/www.empathicway.pl\/online\/wp-content\/uploads\/2018\/03\/Wyzwanie-Jedna-rzecz-dziennie-dla-Twojego-zwiazku-Empathic-Way-Online-NVC-Porozumienie-bez-Przemocy-Magdalena-Malinowska-Berggren.png","datePublished":"2018-03-13T16:59:29+00:00","dateModified":"2023-10-12T09:45:13+00:00","description":"Jedna rzecz dziennie dla Twojego zwi\u0105zku przez 7 dni to niewiele. Podejmiesz wyzwanie? Zainwestuj 15 minut dziennie i miej wspania\u0142\u0105 relacj\u0119!","breadcrumb":{"@id":"https:\/\/www.empathicway.pl\/online\/produkt\/wyzwanie-jedna-rzecz-dziennie-dla-twojego-zwiazku\/#breadcrumb"},"inLanguage":"pl-PL","potentialAction":[{"@type":"ReadAction","target":["https:\/\/www.empathicway.pl\/online\/produkt\/wyzwanie-jedna-rzecz-dziennie-dla-twojego-zwiazku\/"]}]},{"@type":"ImageObject","inLanguage":"pl-PL","@id":"https:\/\/www.empathicway.pl\/online\/produkt\/wyzwanie-jedna-rzecz-dziennie-dla-twojego-zwiazku\/#primaryimage","url":"https:\/\/www.empathicway.pl\/online\/wp-content\/uploads\/2018\/03\/Wyzwanie-Jedna-rzecz-dziennie-dla-Twojego-zwiazku-Empathic-Way-Online-NVC-Porozumienie-bez-Przemocy-Magdalena-Malinowska-Berggren.png","contentUrl":"https:\/\/www.empathicway.pl\/online\/wp-content\/uploads\/2018\/03\/Wyzwanie-Jedna-rzecz-dziennie-dla-Twojego-zwiazku-Empathic-Way-Online-NVC-Porozumienie-bez-Przemocy-Magdalena-Malinowska-Berggren.png","width":1080,"height":1080,"caption":"Wyzwanie Jedna rzecz dziennie dla Twojego zwi\u0105zku Empathic Way Magdalena Malinowska-Berggren"},{"@type":"BreadcrumbList","@id":"https:\/\/www.empathicway.pl\/online\/produkt\/wyzwanie-jedna-rzecz-dziennie-dla-twojego-zwiazku\/#breadcrumb","itemListElement":[{"@type":"ListItem","position":1,"name":"Strona g\u0142\u00f3wna","item":"https:\/\/www.empathicway.pl\/online\/"},{"@type":"ListItem","position":2,"name":"Sklep","item":"https:\/\/www.empathicway.pl\/online\/sklep\/"},{"@type":"ListItem","position":3,"name":"Wyzwanie \u201eJedna rzecz dziennie dla Twojego zwi\u0105zku\u201d"}]},{"@type":"WebSite","@id":"https:\/\/www.empathicway.pl\/online\/#website","url":"https:\/\/www.empathicway.pl\/online\/","name":"Empathic Way Online | Komunikacja empatyczna krok po kroku","description":"Platforma szkoleniowa Empathic Way","publisher":{"@id":"https:\/\/www.empathicway.pl\/online\/#organization"},"potentialAction":[{"@type":"SearchAction","target":{"@type":"EntryPoint","urlTemplate":"https:\/\/www.empathicway.pl\/online\/?s={search_term_string}"},"query-input":{"@type":"PropertyValueSpecification","valueRequired":true,"valueName":"search_term_string"}}],"inLanguage":"pl-PL"},{"@type":"Organization","@id":"https:\/\/www.empathicway.pl\/online\/#organization","name":"Empathic Way","url":"https:\/\/www.empathicway.pl\/online\/","logo":{"@type":"ImageObject","inLanguage":"pl-PL","@id":"https:\/\/www.empathicway.pl\/online\/#\/schema\/logo\/image\/","url":"https:\/\/www.empathicway.pl\/online\/wp-content\/uploads\/2017\/10\/Empathic-Way-Online-logo-www.png","contentUrl":"https:\/\/www.empathicway.pl\/online\/wp-content\/uploads\/2017\/10\/Empathic-Way-Online-logo-www.png","width":2892,"height":657,"caption":"Empathic Way"},"image":{"@id":"https:\/\/www.empathicway.pl\/online\/#\/schema\/logo\/image\/"},"sameAs":["https:\/\/www.facebook.com\/empathicwaypl\/"]}]}},"_links":{"self":[{"href":"https:\/\/www.empathicway.pl\/online\/wp-json\/wp\/v2\/product\/4661","targetHints":{"allow":["GET"]}}],"collection":[{"href":"https:\/\/www.empathicway.pl\/online\/wp-json\/wp\/v2\/product"}],"about":[{"href":"https:\/\/www.empathicway.pl\/online\/wp-json\/wp\/v2\/types\/product"}],"version-history":[{"count":1,"href":"https:\/\/www.empathicway.pl\/online\/wp-json\/wp\/v2\/product\/4661\/revisions"}],"predecessor-version":[{"id":7497,"href":"https:\/\/www.empathicway.pl\/online\/wp-json\/wp\/v2\/product\/4661\/revisions\/7497"}],"wp:featuredmedia":[{"embeddable":true,"href":"https:\/\/www.empathicway.pl\/online\/wp-json\/wp\/v2\/media\/7496"}],"wp:attachment":[{"href":"https:\/\/www.empathicway.pl\/online\/wp-json\/wp\/v2\/media?parent=4661"}],"wp:term":[{"taxonomy":"product_brand","embeddable":true,"href":"https:\/\/www.empathicway.pl\/online\/wp-json\/wp\/v2\/product_brand?post=4661"},{"taxonomy":"product_cat","embeddable":true,"href":"https:\/\/www.empathicway.pl\/online\/wp-json\/wp\/v2\/product_cat?post=4661"},{"taxonomy":"product_tag","embeddable":true,"href":"https:\/\/www.empathicway.pl\/online\/wp-json\/wp\/v2\/product_tag?post=4661"}],"curies":[{"name":"wp","href":"https:\/\/api.w.org\/{rel}","templated":true}]}}