{"id":5067,"date":"2021-09-05T20:11:45","date_gmt":"2021-09-05T18:11:45","guid":{"rendered":"https:\/\/www.empathicway.pl\/online\/?post_type=product&#038;p=5067"},"modified":"2023-10-12T11:39:24","modified_gmt":"2023-10-12T09:39:24","slug":"wyzwanie-jedna-rzecz-dziennie-dla-twoich-potrzeb","status":"publish","type":"product","link":"https:\/\/www.empathicway.pl\/online\/produkt\/wyzwanie-jedna-rzecz-dziennie-dla-twoich-potrzeb\/","title":{"rendered":"Wyzwanie \u201eJedna rzecz dziennie dla Twoich potrzeb\u201d"},"content":{"rendered":"<h5>7-dniowe <strong>wyzwanie online<\/strong> dotycz\u0105ce nazywania i zaspokajania swoich potrzeb<\/h5>\n<p>&#8212;&#8212;&#8212;&#8212;&#8212;&#8212;&#8212;&#8212;&#8211;<\/p>\n<h4>Skup si\u0119 na swoich potrzebach przez 7 dni<\/h4>\n<ul>\n<li>Czy zdarza si\u0119, \u017ce dbasz o potrzeby innych <strong>kosztem siebie<\/strong> i masz ju\u017c tego serdecznie do\u015b\u0107, zw\u0142aszcza \u017ce i tak prawie nikt tego nie zauwa\u017ca?<\/li>\n<li>Mo\u017ce chcesz wreszcie zaj\u0105\u0107 si\u0119 sob\u0105, jednak ci\u0105gle jest tyle<strong> wa\u017cniejszych spraw<\/strong> do ogarni\u0119cia, tyle <strong>oczekiwa\u0144<\/strong> innych os\u00f3b do spe\u0142nienia, wi\u0119c raz za razem spychasz swoje potrzeby na dalszy plan?<\/li>\n<li>A mo\u017ce po prostu <strong>ciekawi\u0105<\/strong> Ci\u0119 potrzeby i chcesz si\u0119 im lepiej przyjrze\u0107?<\/li>\n<\/ul>\n<p>Je\u015bli cho\u0107 raz odpowiedzia\u0142e\u015b\/odpowiedzia\u0142a\u015b \u201etak\u201d, to wyzwanie jest dla Ciebie!<\/p>\n<p>&nbsp;<\/p>\n<h4><strong>O potrzebach<\/strong><\/h4>\n<p>Czy wiesz, \u017ce potrzeby wszystkich ludzi na \u015bwiecie s\u0105 <strong>uniwersalne<\/strong>? Co wi\u0119cej, potrzeby wszystkich s\u0105 <strong>tak samo wa\u017cne<\/strong> \u2013 zar\u00f3wno potrzeby Twoich <strong>najbli\u017cszych<\/strong>, jak i <strong>Twoje<\/strong>! Je\u015bli <strong>zapominasz o sobie<\/strong>, mo\u017ce by\u0107 Ci trudno wspiera\u0107 innych z rado\u015bci\u0105 i jako\u015bci\u0105, na kt\u00f3rej Ci zale\u017cy. <strong>Niezaspokojone potrzeby<\/strong> b\u0119d\u0105 dawa\u0142y Ci o sobie zna\u0107 w najmniej spodziewanych momentach \u2013 czasem jako wybuchy z\u0142o\u015bci, czasem jako przemo\u017cny smutek, czasem jako niedotrzymywanie obietnic, a czasem jako brak cierpliwo\u015bci i zrozumienia dla innych.<\/p>\n<p>&nbsp;<\/p>\n<h4><strong>Podczas wyzwania:<\/strong><\/h4>\n<p>\u2013 zaczniesz dba\u0107 o sw\u00f3j <strong>dobrostan psychiczny<\/strong> i <strong>fizyczny<\/strong> z wi\u0119ksz\u0105 uwa\u017cno\u015bci\u0105;<\/p>\n<p>\u2013 przyjrzysz si\u0119 r\u00f3\u017cnym <strong>grupom swoich potrzeb<\/strong> i zastanowisz si\u0119, jakie <strong>strategie<\/strong> mog\u0105 je zaspokoi\u0107;<\/p>\n<p>\u2013 dowiesz si\u0119, czym s\u0105 potrzeby z punktu widzenia <strong>Porozumienia bez Przemocy<\/strong> (NVC);<\/p>\n<p>\u2013 po\u0107wiczysz <strong>nazywanie<\/strong> tego, co jest dla Ciebie w danej chwili <strong>wa\u017cne<\/strong>;<\/p>\n<p>\u2013 pomog\u0119 Ci dostrzec <strong>pi\u0119kno <\/strong>Twoich potrzeb, by zajmowanie si\u0119 nimi sta\u0142o si\u0119 <strong>przyjemno\u015bci\u0105<\/strong>.<\/p>\n<p>&nbsp;<\/p>\n<h4><strong>Inspiracja i wsparcie<\/strong><\/h4>\n<p>To\u00a07-dniowe wyzwanie\u00a0ma na celu zainspirowa\u0107 Ci\u0119 do wzi\u0119cia odpowiedzialno\u015bci za swoje potrzeby i wypr\u00f3bowania\u00a0nowego podej\u015bcia do pragnie\u0144 i t\u0119sknot. Je\u015bli to zrobisz, jest du\u017ca szansa, \u017ce Twoje \u017cycie i relacje z innymi nabior\u0105 rumie\u0144c\u00f3w oraz przynios\u0105 wi\u0119cej rado\u015bci i poczucia sensu.<\/p>\n<p>&nbsp;<\/p>\n<h4><strong>Do kogo skierowane jest to wyzwanie?<\/strong><\/h4>\n<p>Zapraszam osoby, kt\u00f3re:<\/p>\n<p>\u2013 lubi\u0105 wyzwania\u00a0oraz s\u0105 otwarte na\u00a0pr\u00f3bowanie\u00a0nowych rzeczy;<\/p>\n<p>\u2013 s\u0105 zdecydowane wygospodarowa\u0107 dla siebie przynajmniej 15 minut dziennie przez siedem kolejnych dni;<\/p>\n<p>\u2013 chc\u0105 nawi\u0105za\u0107 lepszy kontakt ze swoimi potrzebami i zacz\u0105\u0107 na serio si\u0119 nimi zajmowa\u0107;<\/p>\n<p>\u2013 maj\u0105 trudno\u015b\u0107 w stawianiu swoich potrzeb na r\u00f3wni z potrzebami innych os\u00f3b;<\/p>\n<p>\u2013 t\u0119skni\u0105 za r\u00f3wnowag\u0105 i poczuciem spe\u0142nienia.<\/p>\n<p>Nie czekaj kolejny rok, by zaj\u0105\u0107 si\u0119 swoimi potrzebami \u2013 do\u0142\u0105cz do wyzwania i zr\u00f3b to teraz!<\/p>\n<p><em>Zainwestuj 15 minut dziennie w siebie i obserwuj zachodz\u0105ce w Twoim \u017cyciu zmiany!<\/em><\/p>\n<p>&nbsp;<\/p>\n<h4><strong>Na czym polega wyzwanie?<\/strong><\/h4>\n<p>Do wyzwania mo\u017cesz do\u0142\u0105czy\u0107 w ka\u017cdej chwili. Codziennie przez<strong>\u00a07 dni<\/strong>\u00a0otrzymasz proste zadanie \u2013 dost\u0119pne na specjalnej\u00a0<strong>platformie online<\/strong>. Jego wykonanie zajmie oko\u0142o\u00a0<strong>15 minut<\/strong>.<\/p>\n<p>Ka\u017cde \u0107wiczenie pomy\u015blane jest tak, by\u00a0<strong>\u0142atwo<\/strong>\u00a0by\u0142o\u00a0<strong>wprowadzi\u0107 je w \u017cycie<\/strong>. Zr\u00f3b je i zapisz swoje refleksje w dzienniku, kt\u00f3rego kolejne strony otrzymasz ka\u017cdego dnia.<\/p>\n<p>Do Twojej dyspozycji jest te\u017c\u00a0<strong>zamkni\u0119ta grupa<\/strong>\u00a0na Facebooku.<\/p>\n<p>&nbsp;<\/p>\n<p><strong>Cena:<\/strong><\/p>\n<p>39 z\u0142<\/p>\n<p>&nbsp;<\/p>\n<p><strong>Otrzymujesz:<\/strong><\/p>\n<p>\u2013 <strong>7 PDF\u00f3w<\/strong> z teori\u0105 i zadaniami<\/p>\n<p>\u2013 <strong>7 wiadomo\u015bci email <\/strong>przypominaj\u0105cych o kolejnym zadaniu<\/p>\n<p>\u2013 Nieograniczony dost\u0119p do <strong>platformy online<\/strong> (minimum na rok)<\/p>\n<p>\u2013 <strong>Wsparcie<\/strong> w zamkni\u0119tej grupie na Facebooku<\/p>\n<p>\u2013 <strong>BONUS:<\/strong> nagranie webinaru \u201ePi\u0119kno Twoich potrzeb\u201d<\/p>\n<p>&nbsp;<\/p>\n<h4><strong>FAQ<\/strong><\/h4>\n<ul>\n<li><strong>Co je\u015bli teraz nie mam czasu?<\/strong><\/li>\n<\/ul>\n<p>Ka\u017cde zadanie zajmuje jedynie oko\u0142o 15 minut, wi\u0119c zach\u0119cam, by nie odk\u0142ada\u0107 tego wyzwania na p\u00f3\u017aniej. Materia\u0142y mo\u017cesz jednak \u015bci\u0105gn\u0105\u0107 na sw\u00f3j komputer i skorzysta\u0107 z nich w dogodnym momencie.<\/p>\n<ul>\n<li><strong>Co je\u015bli zaspokajanie moich potrzeb przychodzi mi z \u0142atwo\u015bci\u0105?<\/strong><\/li>\n<\/ul>\n<p>Wspaniale! \u0141atwiej b\u0119dzie Ci wykona\u0107 zaproponowane przeze mnie \u0107wiczenia! Sprawd\u017a, mo\u017ce znajdziesz w\u015br\u00f3d nich takie praktyki, kt\u00f3re jeszcze bardziej wzbogac\u0105 Twoje \u017cycie i relacje.<\/p>\n<ul>\n<li><strong>Znam ju\u017c Porozumienie bez Przemocy, czy to wyzwanie mi si\u0119 przyda?<\/strong><\/li>\n<\/ul>\n<p>To zale\u017cy g\u0142\u00f3wnie od tego, czy wdra\u017casz Porozumienie bez Przemocy w codziennym \u017cyciu. Je\u015bli znasz NVC bardzo dobrze i stosujesz w relacjach z innymi, to to wyzwanie nie jest Ci potrzebne :).<\/p>\n<p>\u2014\u2014\u2014\u2014\u2014\u2014\u2014\u2014\u2014\u2014\u2014\u2014\u2014\u2014<\/p>\n<p><strong>UWAGA:<\/strong> <strong>Tre\u015bci<\/strong> wyzwania nie b\u0119d\u0105 wysy\u0142ane mailem. Ca\u0142o\u015b\u0107 wyzwania jest dost\u0119pna na platformie. B\u0119dziesz mie\u0107 do niej dost\u0119p w dowolnym czasie i z dowolnego komputera\/telefonu minimum przez rok. Wymaga to posiadania konta na platformie (je\u015bli go nie masz, utworzy si\u0119 automatycznie przy sk\u0142adaniu zam\u00f3wienia) i zalogowania si\u0119.<\/p>\n<p>Po z\u0142o\u017ceniu zam\u00f3wienia, <strong>link do wyzwania<\/strong> b\u0119dzie dost\u0119pny w mailu potwierdzaj\u0105cym oraz na stronie <span style=\"color: #000000;\"><a href=\"https:\/\/www.empathicway.pl\/online\/moje-konto\/\"><strong>Moje konto<\/strong><\/a> po zalogowaniu si\u0119.<\/span><\/p>\n","protected":false},"excerpt":{"rendered":"<p>7-dniowe wyzwanie online dotycz\u0105ce nazywania i zaspokajania swoich potrzeb &#8212;&#8212;&#8212;&#8212;&#8212;&#8212;&#8212;&#8212;&#8211; Skup si\u0119 na swoich potrzebach przez 7 dni Czy zdarza si\u0119, \u017ce dbasz o potrzeby&hellip;<\/p>\n","protected":false},"featured_media":7488,"template":"","meta":{"_monsterinsights_skip_tracking":false,"_monsterinsights_sitenote_active":false,"_monsterinsights_sitenote_note":"","_monsterinsights_sitenote_category":0},"product_brand":[],"product_cat":[31],"product_tag":[],"class_list":{"0":"post-5067","1":"product","2":"type-product","3":"status-publish","4":"has-post-thumbnail","6":"product_cat-wyzwania-online","8":"first","9":"instock","10":"virtual","11":"sold-individually","12":"purchasable","13":"product-type-simple"},"yoast_head":"<!-- This site is optimized with the Yoast SEO plugin v27.2 - https:\/\/yoast.com\/product\/yoast-seo-wordpress\/ -->\n<title>Wyzwanie \u201eJedna rzecz dziennie dla Twoich potrzeb\u201d - Empathic Way Online | Porozumienie bez Przemocy w praktyce<\/title>\n<meta name=\"description\" content=\"Celem wyzwania Jedna rzecz dziennie dla Twoich potrzeb jest zainspirowanie Ci\u0119 do wzi\u0119cia swoich potrzeb w swoje r\u0119ce!\" \/>\n<meta name=\"robots\" content=\"index, follow, max-snippet:-1, max-image-preview:large, max-video-preview:-1\" \/>\n<link rel=\"canonical\" href=\"https:\/\/www.empathicway.pl\/online\/produkt\/wyzwanie-jedna-rzecz-dziennie-dla-twoich-potrzeb\/\" \/>\n<meta property=\"og:locale\" content=\"pl_PL\" \/>\n<meta property=\"og:type\" content=\"article\" \/>\n<meta property=\"og:title\" content=\"Wyzwanie \u201eJedna rzecz dziennie dla Twoich potrzeb\u201d - Empathic Way Online | Porozumienie bez Przemocy w praktyce\" \/>\n<meta property=\"og:description\" content=\"Celem wyzwania Jedna rzecz dziennie dla Twoich potrzeb jest zainspirowanie Ci\u0119 do wzi\u0119cia swoich potrzeb w swoje r\u0119ce!\" \/>\n<meta property=\"og:url\" content=\"https:\/\/www.empathicway.pl\/online\/produkt\/wyzwanie-jedna-rzecz-dziennie-dla-twoich-potrzeb\/\" \/>\n<meta property=\"og:site_name\" content=\"Empathic Way Online | Porozumienie bez Przemocy w praktyce\" \/>\n<meta property=\"article:publisher\" content=\"https:\/\/www.facebook.com\/empathicwaypl\/\" \/>\n<meta property=\"article:modified_time\" content=\"2023-10-12T09:39:24+00:00\" \/>\n<meta property=\"og:image\" content=\"https:\/\/www.empathicway.pl\/online\/wp-content\/uploads\/2021\/09\/Wyzwanie-online-Jedna-rzecz-dziennie-dla-Twoich-potrzeb-Empathic-Way-Online-NVC-Magdalena-Malinowska-Berggren.png\" \/>\n\t<meta property=\"og:image:width\" content=\"1080\" \/>\n\t<meta property=\"og:image:height\" content=\"1080\" \/>\n\t<meta property=\"og:image:type\" content=\"image\/png\" \/>\n<meta name=\"twitter:card\" content=\"summary_large_image\" \/>\n<meta name=\"twitter:label1\" content=\"Szacowany czas czytania\" \/>\n\t<meta name=\"twitter:data1\" content=\"4 minuty\" \/>\n<script type=\"application\/ld+json\" class=\"yoast-schema-graph\">{\"@context\":\"https:\/\/schema.org\",\"@graph\":[{\"@type\":\"WebPage\",\"@id\":\"https:\/\/www.empathicway.pl\/online\/produkt\/wyzwanie-jedna-rzecz-dziennie-dla-twoich-potrzeb\/\",\"url\":\"https:\/\/www.empathicway.pl\/online\/produkt\/wyzwanie-jedna-rzecz-dziennie-dla-twoich-potrzeb\/\",\"name\":\"Wyzwanie \u201eJedna rzecz dziennie dla Twoich potrzeb\u201d - Empathic Way Online | Porozumienie bez Przemocy w praktyce\",\"isPartOf\":{\"@id\":\"https:\/\/www.empathicway.pl\/online\/#website\"},\"primaryImageOfPage\":{\"@id\":\"https:\/\/www.empathicway.pl\/online\/produkt\/wyzwanie-jedna-rzecz-dziennie-dla-twoich-potrzeb\/#primaryimage\"},\"image\":{\"@id\":\"https:\/\/www.empathicway.pl\/online\/produkt\/wyzwanie-jedna-rzecz-dziennie-dla-twoich-potrzeb\/#primaryimage\"},\"thumbnailUrl\":\"https:\/\/www.empathicway.pl\/online\/wp-content\/uploads\/2021\/09\/Wyzwanie-online-Jedna-rzecz-dziennie-dla-Twoich-potrzeb-Empathic-Way-Online-NVC-Magdalena-Malinowska-Berggren.png\",\"datePublished\":\"2021-09-05T18:11:45+00:00\",\"dateModified\":\"2023-10-12T09:39:24+00:00\",\"description\":\"Celem wyzwania Jedna rzecz dziennie dla Twoich potrzeb jest zainspirowanie Ci\u0119 do wzi\u0119cia swoich potrzeb w swoje r\u0119ce!\",\"breadcrumb\":{\"@id\":\"https:\/\/www.empathicway.pl\/online\/produkt\/wyzwanie-jedna-rzecz-dziennie-dla-twoich-potrzeb\/#breadcrumb\"},\"inLanguage\":\"pl-PL\",\"potentialAction\":[{\"@type\":\"ReadAction\",\"target\":[\"https:\/\/www.empathicway.pl\/online\/produkt\/wyzwanie-jedna-rzecz-dziennie-dla-twoich-potrzeb\/\"]}]},{\"@type\":\"ImageObject\",\"inLanguage\":\"pl-PL\",\"@id\":\"https:\/\/www.empathicway.pl\/online\/produkt\/wyzwanie-jedna-rzecz-dziennie-dla-twoich-potrzeb\/#primaryimage\",\"url\":\"https:\/\/www.empathicway.pl\/online\/wp-content\/uploads\/2021\/09\/Wyzwanie-online-Jedna-rzecz-dziennie-dla-Twoich-potrzeb-Empathic-Way-Online-NVC-Magdalena-Malinowska-Berggren.png\",\"contentUrl\":\"https:\/\/www.empathicway.pl\/online\/wp-content\/uploads\/2021\/09\/Wyzwanie-online-Jedna-rzecz-dziennie-dla-Twoich-potrzeb-Empathic-Way-Online-NVC-Magdalena-Malinowska-Berggren.png\",\"width\":1080,\"height\":1080,\"caption\":\"Wyzwanie Jedna rzecz dziennie dla Twoich potrzeb\"},{\"@type\":\"BreadcrumbList\",\"@id\":\"https:\/\/www.empathicway.pl\/online\/produkt\/wyzwanie-jedna-rzecz-dziennie-dla-twoich-potrzeb\/#breadcrumb\",\"itemListElement\":[{\"@type\":\"ListItem\",\"position\":1,\"name\":\"Strona g\u0142\u00f3wna\",\"item\":\"https:\/\/www.empathicway.pl\/online\/\"},{\"@type\":\"ListItem\",\"position\":2,\"name\":\"Sklep\",\"item\":\"https:\/\/www.empathicway.pl\/online\/sklep\/\"},{\"@type\":\"ListItem\",\"position\":3,\"name\":\"Wyzwanie \u201eJedna rzecz dziennie dla Twoich potrzeb\u201d\"}]},{\"@type\":\"WebSite\",\"@id\":\"https:\/\/www.empathicway.pl\/online\/#website\",\"url\":\"https:\/\/www.empathicway.pl\/online\/\",\"name\":\"Empathic Way Online | Komunikacja empatyczna krok po kroku\",\"description\":\"Platforma szkoleniowa Empathic Way\",\"publisher\":{\"@id\":\"https:\/\/www.empathicway.pl\/online\/#organization\"},\"potentialAction\":[{\"@type\":\"SearchAction\",\"target\":{\"@type\":\"EntryPoint\",\"urlTemplate\":\"https:\/\/www.empathicway.pl\/online\/?s={search_term_string}\"},\"query-input\":{\"@type\":\"PropertyValueSpecification\",\"valueRequired\":true,\"valueName\":\"search_term_string\"}}],\"inLanguage\":\"pl-PL\"},{\"@type\":\"Organization\",\"@id\":\"https:\/\/www.empathicway.pl\/online\/#organization\",\"name\":\"Empathic Way\",\"url\":\"https:\/\/www.empathicway.pl\/online\/\",\"logo\":{\"@type\":\"ImageObject\",\"inLanguage\":\"pl-PL\",\"@id\":\"https:\/\/www.empathicway.pl\/online\/#\/schema\/logo\/image\/\",\"url\":\"https:\/\/www.empathicway.pl\/online\/wp-content\/uploads\/2017\/10\/Empathic-Way-Online-logo-www.png\",\"contentUrl\":\"https:\/\/www.empathicway.pl\/online\/wp-content\/uploads\/2017\/10\/Empathic-Way-Online-logo-www.png\",\"width\":2892,\"height\":657,\"caption\":\"Empathic Way\"},\"image\":{\"@id\":\"https:\/\/www.empathicway.pl\/online\/#\/schema\/logo\/image\/\"},\"sameAs\":[\"https:\/\/www.facebook.com\/empathicwaypl\/\"]}]}<\/script>\n<!-- \/ Yoast SEO plugin. -->","yoast_head_json":{"title":"Wyzwanie \u201eJedna rzecz dziennie dla Twoich potrzeb\u201d - Empathic Way Online | Porozumienie bez Przemocy w praktyce","description":"Celem wyzwania Jedna rzecz dziennie dla Twoich potrzeb jest zainspirowanie Ci\u0119 do wzi\u0119cia swoich potrzeb w swoje r\u0119ce!","robots":{"index":"index","follow":"follow","max-snippet":"max-snippet:-1","max-image-preview":"max-image-preview:large","max-video-preview":"max-video-preview:-1"},"canonical":"https:\/\/www.empathicway.pl\/online\/produkt\/wyzwanie-jedna-rzecz-dziennie-dla-twoich-potrzeb\/","og_locale":"pl_PL","og_type":"article","og_title":"Wyzwanie \u201eJedna rzecz dziennie dla Twoich potrzeb\u201d - Empathic Way Online | Porozumienie bez Przemocy w praktyce","og_description":"Celem wyzwania Jedna rzecz dziennie dla Twoich potrzeb jest zainspirowanie Ci\u0119 do wzi\u0119cia swoich potrzeb w swoje r\u0119ce!","og_url":"https:\/\/www.empathicway.pl\/online\/produkt\/wyzwanie-jedna-rzecz-dziennie-dla-twoich-potrzeb\/","og_site_name":"Empathic Way Online | Porozumienie bez Przemocy w praktyce","article_publisher":"https:\/\/www.facebook.com\/empathicwaypl\/","article_modified_time":"2023-10-12T09:39:24+00:00","og_image":[{"width":1080,"height":1080,"url":"https:\/\/www.empathicway.pl\/online\/wp-content\/uploads\/2021\/09\/Wyzwanie-online-Jedna-rzecz-dziennie-dla-Twoich-potrzeb-Empathic-Way-Online-NVC-Magdalena-Malinowska-Berggren.png","type":"image\/png"}],"twitter_card":"summary_large_image","twitter_misc":{"Szacowany czas czytania":"4 minuty"},"schema":{"@context":"https:\/\/schema.org","@graph":[{"@type":"WebPage","@id":"https:\/\/www.empathicway.pl\/online\/produkt\/wyzwanie-jedna-rzecz-dziennie-dla-twoich-potrzeb\/","url":"https:\/\/www.empathicway.pl\/online\/produkt\/wyzwanie-jedna-rzecz-dziennie-dla-twoich-potrzeb\/","name":"Wyzwanie \u201eJedna rzecz dziennie dla Twoich potrzeb\u201d - Empathic Way Online | Porozumienie bez Przemocy w praktyce","isPartOf":{"@id":"https:\/\/www.empathicway.pl\/online\/#website"},"primaryImageOfPage":{"@id":"https:\/\/www.empathicway.pl\/online\/produkt\/wyzwanie-jedna-rzecz-dziennie-dla-twoich-potrzeb\/#primaryimage"},"image":{"@id":"https:\/\/www.empathicway.pl\/online\/produkt\/wyzwanie-jedna-rzecz-dziennie-dla-twoich-potrzeb\/#primaryimage"},"thumbnailUrl":"https:\/\/www.empathicway.pl\/online\/wp-content\/uploads\/2021\/09\/Wyzwanie-online-Jedna-rzecz-dziennie-dla-Twoich-potrzeb-Empathic-Way-Online-NVC-Magdalena-Malinowska-Berggren.png","datePublished":"2021-09-05T18:11:45+00:00","dateModified":"2023-10-12T09:39:24+00:00","description":"Celem wyzwania Jedna rzecz dziennie dla Twoich potrzeb jest zainspirowanie Ci\u0119 do wzi\u0119cia swoich potrzeb w swoje r\u0119ce!","breadcrumb":{"@id":"https:\/\/www.empathicway.pl\/online\/produkt\/wyzwanie-jedna-rzecz-dziennie-dla-twoich-potrzeb\/#breadcrumb"},"inLanguage":"pl-PL","potentialAction":[{"@type":"ReadAction","target":["https:\/\/www.empathicway.pl\/online\/produkt\/wyzwanie-jedna-rzecz-dziennie-dla-twoich-potrzeb\/"]}]},{"@type":"ImageObject","inLanguage":"pl-PL","@id":"https:\/\/www.empathicway.pl\/online\/produkt\/wyzwanie-jedna-rzecz-dziennie-dla-twoich-potrzeb\/#primaryimage","url":"https:\/\/www.empathicway.pl\/online\/wp-content\/uploads\/2021\/09\/Wyzwanie-online-Jedna-rzecz-dziennie-dla-Twoich-potrzeb-Empathic-Way-Online-NVC-Magdalena-Malinowska-Berggren.png","contentUrl":"https:\/\/www.empathicway.pl\/online\/wp-content\/uploads\/2021\/09\/Wyzwanie-online-Jedna-rzecz-dziennie-dla-Twoich-potrzeb-Empathic-Way-Online-NVC-Magdalena-Malinowska-Berggren.png","width":1080,"height":1080,"caption":"Wyzwanie Jedna rzecz dziennie dla Twoich potrzeb"},{"@type":"BreadcrumbList","@id":"https:\/\/www.empathicway.pl\/online\/produkt\/wyzwanie-jedna-rzecz-dziennie-dla-twoich-potrzeb\/#breadcrumb","itemListElement":[{"@type":"ListItem","position":1,"name":"Strona g\u0142\u00f3wna","item":"https:\/\/www.empathicway.pl\/online\/"},{"@type":"ListItem","position":2,"name":"Sklep","item":"https:\/\/www.empathicway.pl\/online\/sklep\/"},{"@type":"ListItem","position":3,"name":"Wyzwanie \u201eJedna rzecz dziennie dla Twoich potrzeb\u201d"}]},{"@type":"WebSite","@id":"https:\/\/www.empathicway.pl\/online\/#website","url":"https:\/\/www.empathicway.pl\/online\/","name":"Empathic Way Online | Komunikacja empatyczna krok po kroku","description":"Platforma szkoleniowa Empathic Way","publisher":{"@id":"https:\/\/www.empathicway.pl\/online\/#organization"},"potentialAction":[{"@type":"SearchAction","target":{"@type":"EntryPoint","urlTemplate":"https:\/\/www.empathicway.pl\/online\/?s={search_term_string}"},"query-input":{"@type":"PropertyValueSpecification","valueRequired":true,"valueName":"search_term_string"}}],"inLanguage":"pl-PL"},{"@type":"Organization","@id":"https:\/\/www.empathicway.pl\/online\/#organization","name":"Empathic Way","url":"https:\/\/www.empathicway.pl\/online\/","logo":{"@type":"ImageObject","inLanguage":"pl-PL","@id":"https:\/\/www.empathicway.pl\/online\/#\/schema\/logo\/image\/","url":"https:\/\/www.empathicway.pl\/online\/wp-content\/uploads\/2017\/10\/Empathic-Way-Online-logo-www.png","contentUrl":"https:\/\/www.empathicway.pl\/online\/wp-content\/uploads\/2017\/10\/Empathic-Way-Online-logo-www.png","width":2892,"height":657,"caption":"Empathic Way"},"image":{"@id":"https:\/\/www.empathicway.pl\/online\/#\/schema\/logo\/image\/"},"sameAs":["https:\/\/www.facebook.com\/empathicwaypl\/"]}]}},"_links":{"self":[{"href":"https:\/\/www.empathicway.pl\/online\/wp-json\/wp\/v2\/product\/5067","targetHints":{"allow":["GET"]}}],"collection":[{"href":"https:\/\/www.empathicway.pl\/online\/wp-json\/wp\/v2\/product"}],"about":[{"href":"https:\/\/www.empathicway.pl\/online\/wp-json\/wp\/v2\/types\/product"}],"version-history":[{"count":1,"href":"https:\/\/www.empathicway.pl\/online\/wp-json\/wp\/v2\/product\/5067\/revisions"}],"predecessor-version":[{"id":7489,"href":"https:\/\/www.empathicway.pl\/online\/wp-json\/wp\/v2\/product\/5067\/revisions\/7489"}],"wp:featuredmedia":[{"embeddable":true,"href":"https:\/\/www.empathicway.pl\/online\/wp-json\/wp\/v2\/media\/7488"}],"wp:attachment":[{"href":"https:\/\/www.empathicway.pl\/online\/wp-json\/wp\/v2\/media?parent=5067"}],"wp:term":[{"taxonomy":"product_brand","embeddable":true,"href":"https:\/\/www.empathicway.pl\/online\/wp-json\/wp\/v2\/product_brand?post=5067"},{"taxonomy":"product_cat","embeddable":true,"href":"https:\/\/www.empathicway.pl\/online\/wp-json\/wp\/v2\/product_cat?post=5067"},{"taxonomy":"product_tag","embeddable":true,"href":"https:\/\/www.empathicway.pl\/online\/wp-json\/wp\/v2\/product_tag?post=5067"}],"curies":[{"name":"wp","href":"https:\/\/api.w.org\/{rel}","templated":true}]}}