{"id":537,"date":"2018-06-07T08:05:18","date_gmt":"2018-06-07T06:05:18","guid":{"rendered":"https:\/\/www.empathicway.pl\/online\/?post_type=product&#038;p=537"},"modified":"2018-06-09T20:51:03","modified_gmt":"2018-06-09T18:51:03","slug":"szkolenie-krotki-kurs-o-sluchaniu-warszawa","status":"publish","type":"product","link":"https:\/\/www.empathicway.pl\/online\/produkt\/szkolenie-krotki-kurs-o-sluchaniu-warszawa\/","title":{"rendered":"Szkolenie \u201eKr\u00f3tki kurs o s\u0142uchaniu\u201d \u2013 Warszawa, 10 czerwca 2018"},"content":{"rendered":"<p>Szkolenie stacjonarne w Warszawie <strong>10 czerwca 2018<\/strong> przeznaczone dla os\u00f3b zainteresowanych nauk\u0105 empatycznego s\u0142uchania.\u00a0Poka\u017c\u0119 Ci jak wielk\u0105 rol\u0119 w codziennym \u017cyciu odgrywa umiej\u0119tno\u015b\u0107 skupienia si\u0119 w pe\u0142ni na drugim cz\u0142owieku i jak to si\u0119 robi.<\/p>\n<p>&#8212;&#8212;&#8212;&#8212;&#8212;&#8212;&#8212;&#8212;<\/p>\n<p>Czy s\u0142yszysz czasem od bliskich Ci os\u00f3b, \u017ce ich\u00a0<strong>nie rozumiesz<\/strong>\u00a0i\u00a0<strong>nie s\u0142uchasz<\/strong>, cho\u0107 Tobie wydaje si\u0119 co\u015b innego?<\/p>\n<p>Przeczyta\u0142e\u015b\/przeczyta\u0142a\u015b\u00a0<strong>ksi\u0105\u017cki o Porozumieniu bez Przemocy<\/strong>\u00a0i zastanawiasz si\u0119, jak ich tre\u015b\u0107\u00a0<strong>zastosowa\u0107\u00a0<\/strong>w \u017cyciu codziennym?<\/p>\n<p>A mo\u017ce zupe\u0142nie\u00a0<strong>nie znasz<\/strong>\u00a0Porozumienia bez Przemocy, ale\u00a0t\u0119sknisz za<strong>\u00a0prawdziwymi, autentycznymi relacjami<\/strong>\u00a0i<strong>\u00a0nie wiesz jak<\/strong>\u00a0je osi\u0105gn\u0105\u0107?<strong>\u00a0\u00a0<\/strong><\/p>\n<p>Zapraszam serdecznie do udzia\u0142u w\u00a0<strong>Kr\u00f3tkim kursie o s\u0142uchaniu\u00a0<\/strong>przeznaczonym\u00a0<strong>dla os\u00f3b pocz\u0105tkuj\u0105cych<\/strong>! Poka\u017c\u0119 Ci jak wielk\u0105 rol\u0119 w codziennym \u017cyciu odgrywa umiej\u0119tno\u015b\u0107 skupienia si\u0119 w pe\u0142ni na drugim cz\u0142owieku i jak to si\u0119 robi!<\/p>\n<h4><strong>Co mo\u017ce Ci da\u0107 udzia\u0142 w tym kursie?<\/strong><\/h4>\n<ul>\n<li>Dowiesz si\u0119, jak w pe\u0142ni wys\u0142ucha\u0107 bliskie Ci osoby,\u00a0<strong>bez oceniania<\/strong>\u00a0czy krytykowania.<\/li>\n<li><strong>Po\u0107wiczysz\u00a0<\/strong>uwa\u017cne, empatyczne s\u0142uchanie oraz rozpoznawanie uczu\u0107 i potrzeb u innych os\u00f3b.<\/li>\n<li>Nawi\u0105\u017cesz kontakt ze swoimi\u00a0<strong>uczuciami<\/strong>\u00a0i\u00a0<strong>otrzymasz empati\u0119\u00a0<\/strong>oraz<strong>\u00a0wsparcie\u00a0<\/strong>w dotarciu do swoich\u00a0<strong>potrzeb<\/strong>.<\/li>\n<li><strong>Poznasz podstawy\u00a0<\/strong>Porozumienia bez Przemocy i empatycznego s\u0142uchania.<\/li>\n<li>Rozwiniesz umiej\u0119tno\u015b\u0107 nawi\u0105zywania g\u0142\u0119bokiego, prawdziwego\u00a0<strong>kontaktu\u00a0<\/strong>z innymi osobami.<\/li>\n<\/ul>\n<p>I wiele, wiele wi\u0119cej!<\/p>\n<p>Przyjd\u017a i sprawd\u017a, czy to jest co\u015b dla Ciebie!<\/p>\n<h4><strong>Zakres szkolenia obejmuje m.in.:<\/strong><\/h4>\n<ul>\n<li>podstawowe za\u0142o\u017cenia Porozumienia bez Przemocy (Nonviolent Communication \u2013 NVC) dotycz\u0105ce empatycznego s\u0142uchania;<\/li>\n<li>przedstawienie, czym jest empatia w duchu NVC;<\/li>\n<li>om\u00f3wienie barier w s\u0142uchaniu (tzw. zab\u00f3jc\u00f3w empatii);<\/li>\n<li>zapoznanie z czterema rodzajami reakcji na to, co s\u0142yszymy;<\/li>\n<li>\u0107wiczenie r\u00f3\u017cnych sposob\u00f3w empatycznego s\u0142uchania;<\/li>\n<li>nauk\u0119 zgadywania uczu\u0107 i potrzeb \u2013 \u0107wiczenia na przyk\u0142adach z \u017cycia.<\/li>\n<\/ul>\n<p>&nbsp;<\/p>\n<p>Szkolenie b\u0119dzie prowadzone w oparciu o\u00a0<em><strong>Porozumienie bez Przemocy (NVC)<\/strong><\/em>\u00a0i jest przeznaczone dla os\u00f3b, kt\u00f3re s\u0105\u00a0<strong>pocz\u0105tkuj\u0105ce<\/strong>\u00a0w tym temacie. Praca odbywa\u0107 si\u0119 b\u0119dzie na forum oraz w podgrupach i parach. Podczas prowadzenia warsztat\u00f3w stosuj\u0119 g\u0142\u00f3wnie metody aktywne, anga\u017cuj\u0105ce wszystkich uczestnik\u00f3w.<\/p>\n<h4><strong>Kiedy:<\/strong><\/h4>\n<p>10 czerwca 2018, godz. 10:00-16:30 (z przerw\u0105 na obiad)<\/p>\n<h4><strong>Gdzie:<\/strong><\/h4>\n<p>Warszawa (dok\u0142adne miejsce szkolenia przes\u0142ane zostanie drog\u0105 mailow\u0105 osobom, kt\u00f3re si\u0119 zapisz\u0105)<\/p>\n<h4><strong>Cena:<\/strong><\/h4>\n<p>Cena sugerowana: 149 z\u0142.<\/p>\n<p>Mo\u017cesz te\u017c samodzielnie zdecydowa\u0107 ile wp\u0142aci\u0107 z zakresu od\u00a0<strong>115<\/strong>\u00a0z\u0142 do\u00a0<strong>300<\/strong>\u00a0z\u0142, bior\u0105c pod uwag\u0119 swoje mo\u017cliwo\u015bci finansowe oraz to, \u017ce wp\u0142acaj\u0105c wy\u017csz\u0105 kwot\u0119\u00a0<strong>wspierasz<\/strong>\u00a0moje dzia\u0142ania.<\/p>\n<p><strong>Uwaga:<\/strong>\u00a0W ten sam weekend odb\u0119dzie si\u0119 r\u00f3wnie\u017c\u00a0<strong><a href=\"https:\/\/www.empathicway.pl\/online\/produkt\/szkolenie-wyrazanie-swoich-uczuc-i-potrzeb-warszawa\/\">szkolenie \u201eWyra\u017canie swoich uczu\u0107 i potrzeb\u201d<\/a><\/strong>\u00a0&#8211; razem stanowi\u0105 uzupe\u0142niaj\u0105ce si\u0119 wprowadzenie do Porozumienia bez Przemocy (NVC).<\/p>\n<p>Je\u015bli kwestie finansowe s\u0105 jedyn\u0105 przeszkod\u0105 w uczestniczeniu w tym szkoleniu, prosz\u0119 o kontakt, poszukamy rozwi\u0105zania.<\/p>\n<h4><strong>Zapisy:<\/strong><\/h4>\n<p>Zapisz si\u0119 przez ten sklep i zr\u00f3b przelew lub zarezerwuj swoje miejsce robi\u0105c\u00a0<strong>PRZELEW<\/strong>\u00a0na poni\u017csze konto bankowe i prze\u015blij wiadomo\u015b\u0107 na adres kontakt@empathicway.pl bym mog\u0142a Ci przes\u0142a\u0107 pozosta\u0142e szczeg\u00f3\u0142y:<\/p>\n<p>Magdalena Malinowska Empathic Way<br \/>\n53 1140 2004 0000 3602 4620 7037 (mBank)<\/p>\n<p>W tytule przelewu prosz\u0119 wpisa\u0107:\u00a0<strong>\u201eSzkolenie 10 czerwca\u201d<\/strong>\u00a0i swoje imi\u0119 i nazwisko.<\/p>\n<div class=\"\" data-block=\"true\" data-editor=\"70sh3\" data-offset-key=\"bluh6-0-0\">\n<div class=\"_1mf _1mj\" data-offset-key=\"bluh6-0-0\"><span data-offset-key=\"bluh6-0-0\">Wp\u0142ata jest jednoznaczna z rezerwacj\u0105 miejsca.\u00a0<\/span><\/div>\n<\/div>\n<p><strong>UWAGA:<\/strong>\u00a0Przy zap\u0142acie za szkolenie <strong>do 1 czerwca<\/strong>, do\u0142\u0105czam gratis\u00a0<strong><a href=\"http:\/\/online.empathicway.pl\/cztery-kroki-do-lepszej-relacji-z-innymi-i-soba\/\" target=\"_blank\" rel=\"noopener\">kurs online \u201eCztery kroki do lepszej relacji z innymi i sob\u0105\u201d<\/a><\/strong>\u00a0w Pakiecie Podstawowym (o warto\u015bci 59 z\u0142), a je\u015bli zapiszesz si\u0119 na szkolenie\u00a0<strong>9 i 10 czerwca<\/strong>\u00a0\u2013 w Pakiecie Rozszerzonym (warto\u015b\u0107 179 z\u0142).<\/p>\n<h4><strong>Kontakt:<\/strong><\/h4>\n<p>Je\u015bli masz pytania lub potrzebujesz wi\u0119cej szczeg\u00f3\u0142owych informacji zach\u0119cam do kontaktu mailowego: <a href=\"mailto:kontakt@empathicway.pl\">kontakt@empathicway.pl<\/a><\/p>\n<p>&nbsp;<\/p>\n<h4><strong>Prowadz\u0105ca:<\/strong><\/h4>\n<p><img decoding=\"async\" class=\"alignleft wp-image-2178\" src=\"https:\/\/www.empathicway.pl\/wp-content\/uploads\/2017\/12\/Magdalena-Malinowska-Empathic-Way-Porozumienie-bez-Przemocy-NVC-300x300.jpg\" sizes=\"(max-width: 199px) 100vw, 199px\" srcset=\"https:\/\/www.empathicway.pl\/wp-content\/uploads\/2017\/12\/Magdalena-Malinowska-Empathic-Way-Porozumienie-bez-Przemocy-NVC-300x300.jpg 300w, https:\/\/www.empathicway.pl\/wp-content\/uploads\/2017\/12\/Magdalena-Malinowska-Empathic-Way-Porozumienie-bez-Przemocy-NVC-150x150.jpg 150w, https:\/\/www.empathicway.pl\/wp-content\/uploads\/2017\/12\/Magdalena-Malinowska-Empathic-Way-Porozumienie-bez-Przemocy-NVC-768x768.jpg 768w, https:\/\/www.empathicway.pl\/wp-content\/uploads\/2017\/12\/Magdalena-Malinowska-Empathic-Way-Porozumienie-bez-Przemocy-NVC-1024x1024.jpg 1024w, https:\/\/www.empathicway.pl\/wp-content\/uploads\/2017\/12\/Magdalena-Malinowska-Empathic-Way-Porozumienie-bez-Przemocy-NVC.jpg 1456w\" alt=\"Magdalena Malinowska Szcz\u0119\u015bliwe zwi\u0105zki - empatyczna komunikacja w relacji\" width=\"199\" height=\"199\" \/><strong>Magdalena Malinowska<\/strong>\u00a0\u2013 trenerka komunikacji, dyplomowana coach.\u00a0Wspieram w budowaniu takiego\u00a0\u017cycia i relacji, o jakich marzysz. Inspiruj\u0119 do\u00a0odkrywania w\u0142asnego potencja\u0142u\u00a0i pomagam w\u00a0skutecznym dzia\u0142aniu\u00a0w zgodzie ze sob\u0105.<\/p>\n<p>Pracuj\u0119 g\u0142\u00f3wnie z osobami, kt\u00f3re\u00a0pragn\u0105 mie\u0107 g\u0142\u0119bok\u0105 satysfakcj\u0119 z relacji z bliskimi. Chc\u0105\u00a0do\u015bwiadcza\u0107 mi\u0142o\u015bci\u00a0i \u017cycia we wszelkich jego aspektach, nie boj\u0105 si\u0119 wyzwa\u0144 oraz\u00a0maj\u0105 odwag\u0119 poznawa\u0107 siebie i innych.<\/p>\n<p>Je\u015bli jeste\u015b jedn\u0105 z takich os\u00f3b, to zapraszam na moje\u00a0warsztaty\u00a0oraz\u00a0szkolenia indywidualne\u00a0i\u00a0sesje coachingowe, podczas kt\u00f3rych\u00a0pomagam przeku\u0107 teori\u0119 w praktyk\u0119. Zach\u0119cam do\u00a0ma\u0142ych krok\u00f3w, kt\u00f3rych ostatecznym rezultatem s\u0105\u00a0namacalne efekty.<\/p>\n<p>Za\u0142o\u017cy\u0142am firm\u0119\u00a0Empathic Way, w ramach kt\u00f3rej propaguj\u0119\u00a0Porozumienie bez Przemocy (NVC)\u00a0oraz rozpowszechniam szczere i jasne wyra\u017canie siebie oraz s\u0142uchanie innych z szacunkiem i empati\u0105. Prowadz\u0119\u00a0Warszawsk\u0105 Grup\u0119 Empatii, oferuj\u0119 warsztaty grupowe oraz szkolenia indywidualne, jestem autork\u0105\u00a0kursu online\u00a0\u201eCztery kroki do lepszej relacji z innymi i sob\u0105\u201d.<\/p>\n<p>Porozumienie bez Przemocy\u00a0pozna\u0142am w 2010 roku i \u201eprzepad\u0142am\u201d na zawsze.\u00a0Uko\u0144czy\u0142am\u00a0nast\u0119puj\u0105ce\u00a0szko\u0142y i szkolenia: psychologia stosunk\u00f3w mi\u0119dzykulturowych\u00a0w SWPS w Warszawie, roczna\u00a0Szko\u0142a Treningu i Warsztatu Psychologicznego\u00a0w O\u015brodku Edukacji i Pomocy Psychologicznej INTRA, trzyletnia\u00a0Szko\u0142a Trener\u00f3w Komunikacji opartej na Empatii\u00a0w Dojrzewalni R\u00f3\u017c, szkolenie\u00a0\u201eCoaching oparty na potrzebach\u201d\u00a0prowadzone przez\u00a0Pernille Plantener z Danii, kt\u00f3ra jest akredytowanym coachem\u00a0PCC ICF\u00a0oraz\u00a0Coaching for Transformation, studia podyplomowe\u00a0Life Coaching Start Up w Collegium Civitas (ACSTH).\u00a0Trenerki i trenerzy, od kt\u00f3rych uczy\u0142am si\u0119\u00a0Porozumienia bez Przemocy\u00a0to\u00a0m.in.: Miki Kashtan, Yoram Mosenzon, Roxy Manning, Sabine Geiger, Kay Rung, Joanna M\u0142ynarz, Lucyna Wieczorek, Ewa Or\u0142owska, Pernille Plantener, Towe Widstrand, Shona Cameron i Deborah Bellamy.<\/p>\n<p>Wi\u0119cej informacji:\u00a0<a href=\"https:\/\/www.empathicway.pl\/\">www.empathicway.pl<\/a>,<a href=\"https:\/\/www.facebook.com\/empathicwaypl\/\">https:\/\/www.facebook.com\/empathicwaypl\/<\/a><\/p>\n<p><a href=\"mailto:kontakt@empathicway.pl\">kontakt@empathicway.pl<\/a><\/p>\n<p>&nbsp;<\/p>\n<h4><strong>Co o mnie napisali uczestnicy ostatnich szkole\u0144, kt\u00f3re prowadzi\u0142am?<\/strong><\/h4>\n<p>\u2013 \u201eWzi\u0119\u0142am udzia\u0142 w szkoleniu \u201cWyra\u017canie swoich uczu\u0107 i potrzeb\u201d chc\u0105c polepszy\u0107 swoj\u0105 relacj\u0119 ze sob\u0105, ze swoimi bliskimi i najbli\u017cszym otoczeniem. Na szkoleniu pozna\u0142am teori\u0119 NVC oraz mia\u0142am mo\u017cliwo\u015b\u0107 wzi\u0105\u0107 udzia\u0142 w praktycznych \u0107wiczeniach\u201d Katarzyna Zawodzi\u0144ska<\/p>\n<p>\u2013 \u201eRekomenduj\u0119 to szkolenie nie tylko pocz\u0105tkuj\u0105cym w NVC. Warsztatowa forma pozwala si\u0119 rozwija\u0107 i by\u0107 sprawniejszym w codziennym stosowaniu NVC\u201d Julita<\/p>\n<p>\u2013 \u201eNauczy\u0142am si\u0119 nie interpretowa\u0107, ocenia\u0107 i radzi\u0107, ale wys\u0142ucha\u0107 w pierwszej kolejno\u015bci\u201d<\/p>\n<p>\u2013 \u201eTroch\u0119 zbyt wcze\u015bnie o tym m\u00f3wi\u0107, ale jestem pozytywnie nastawiona do wypr\u00f3bowywania w praktyce poznanych metod. S\u0105 ju\u017c pierwsze sukcesy\u201d<\/p>\n<p>\u2013 \u201ePog\u0142\u0119bi\u0142am refleksj\u0119 o mojej postawie, przyjrza\u0142am si\u0119 aspektom, kt\u00f3re mnie niepokoi\u0142y. Ch\u0119tnie wezm\u0119 udzia\u0142 w kolejnych spotkaniach.\u201d<\/p>\n","protected":false},"excerpt":{"rendered":"<p>Szkolenie stacjonarne w Warszawie 10 czerwca 2018 przeznaczone dla os\u00f3b zainteresowanych nauk\u0105 empatycznego s\u0142uchania.\u00a0Poka\u017c\u0119 Ci jak wielk\u0105 rol\u0119 w codziennym \u017cyciu odgrywa umiej\u0119tno\u015b\u0107 skupienia si\u0119&hellip;<\/p>\n","protected":false},"featured_media":0,"template":"","meta":{"_monsterinsights_skip_tracking":false,"_monsterinsights_sitenote_active":false,"_monsterinsights_sitenote_note":"","_monsterinsights_sitenote_category":0},"product_brand":[],"product_cat":[37],"product_tag":[],"class_list":{"0":"post-537","1":"product","2":"type-product","3":"status-publish","5":"product_cat-szkolenia-stacjonarne","7":"first","8":"outofstock","9":"sold-individually","10":"shipping-taxable","11":"purchasable","12":"product-type-simple"},"yoast_head":"<!-- This site is optimized with the Yoast SEO plugin v27.2 - https:\/\/yoast.com\/product\/yoast-seo-wordpress\/ -->\n<title>Szkolenie \u201eKr\u00f3tki kurs o s\u0142uchaniu\u201d \u2013 Warszawa, 10 czerwca 2018 - Empathic Way Online | Porozumienie bez Przemocy w praktyce<\/title>\n<meta name=\"description\" content=\"Szkolenie stacjonarne &quot;Kr\u00f3tki kurs o s\u0142uchaniu&quot; w Warszawie 10 czerwca 2018 przeznaczone dla os\u00f3b zainteresowanych nauk\u0105 empatycznego s\u0142uchania.\u00a0Poka\u017c\u0119 Ci jak wielk\u0105 rol\u0119 w codziennym \u017cyciu odgrywa umiej\u0119tno\u015b\u0107 skupienia si\u0119 w pe\u0142ni na drugim cz\u0142owieku i jak to si\u0119 robi.\" \/>\n<meta name=\"robots\" content=\"index, follow, max-snippet:-1, max-image-preview:large, max-video-preview:-1\" \/>\n<link rel=\"canonical\" href=\"https:\/\/www.empathicway.pl\/online\/produkt\/szkolenie-krotki-kurs-o-sluchaniu-warszawa\/\" \/>\n<meta property=\"og:locale\" content=\"pl_PL\" \/>\n<meta property=\"og:type\" content=\"article\" \/>\n<meta property=\"og:title\" content=\"Szkolenie \u201eKr\u00f3tki kurs o s\u0142uchaniu\u201d \u2013 Warszawa, 10 czerwca 2018 - Empathic Way Online | Porozumienie bez Przemocy w praktyce\" \/>\n<meta property=\"og:description\" content=\"Szkolenie stacjonarne &quot;Kr\u00f3tki kurs o s\u0142uchaniu&quot; w Warszawie 10 czerwca 2018 przeznaczone dla os\u00f3b zainteresowanych nauk\u0105 empatycznego s\u0142uchania.\u00a0Poka\u017c\u0119 Ci jak wielk\u0105 rol\u0119 w codziennym \u017cyciu odgrywa umiej\u0119tno\u015b\u0107 skupienia si\u0119 w pe\u0142ni na drugim cz\u0142owieku i jak to si\u0119 robi.\" \/>\n<meta property=\"og:url\" content=\"https:\/\/www.empathicway.pl\/online\/produkt\/szkolenie-krotki-kurs-o-sluchaniu-warszawa\/\" \/>\n<meta property=\"og:site_name\" content=\"Empathic Way Online | Porozumienie bez Przemocy w praktyce\" \/>\n<meta property=\"article:publisher\" content=\"https:\/\/www.facebook.com\/empathicwaypl\/\" \/>\n<meta property=\"article:modified_time\" content=\"2018-06-09T18:51:03+00:00\" \/>\n<meta property=\"og:image\" content=\"https:\/\/www.empathicway.pl\/wp-content\/uploads\/2017\/12\/Magdalena-Malinowska-Empathic-Way-Porozumienie-bez-Przemocy-NVC-300x300.jpg\" \/>\n<meta name=\"twitter:card\" content=\"summary_large_image\" \/>\n<meta name=\"twitter:label1\" content=\"Szacowany czas czytania\" \/>\n\t<meta name=\"twitter:data1\" content=\"5 minut\" \/>\n<script type=\"application\/ld+json\" class=\"yoast-schema-graph\">{\"@context\":\"https:\/\/schema.org\",\"@graph\":[{\"@type\":\"WebPage\",\"@id\":\"https:\/\/www.empathicway.pl\/online\/produkt\/szkolenie-krotki-kurs-o-sluchaniu-warszawa\/\",\"url\":\"https:\/\/www.empathicway.pl\/online\/produkt\/szkolenie-krotki-kurs-o-sluchaniu-warszawa\/\",\"name\":\"Szkolenie \u201eKr\u00f3tki kurs o s\u0142uchaniu\u201d \u2013 Warszawa, 10 czerwca 2018 - Empathic Way Online | Porozumienie bez Przemocy w praktyce\",\"isPartOf\":{\"@id\":\"https:\/\/www.empathicway.pl\/online\/#website\"},\"primaryImageOfPage\":{\"@id\":\"https:\/\/www.empathicway.pl\/online\/produkt\/szkolenie-krotki-kurs-o-sluchaniu-warszawa\/#primaryimage\"},\"image\":{\"@id\":\"https:\/\/www.empathicway.pl\/online\/produkt\/szkolenie-krotki-kurs-o-sluchaniu-warszawa\/#primaryimage\"},\"thumbnailUrl\":\"https:\/\/www.empathicway.pl\/wp-content\/uploads\/2017\/12\/Magdalena-Malinowska-Empathic-Way-Porozumienie-bez-Przemocy-NVC-300x300.jpg\",\"datePublished\":\"2018-06-07T06:05:18+00:00\",\"dateModified\":\"2018-06-09T18:51:03+00:00\",\"description\":\"Szkolenie stacjonarne \\\"Kr\u00f3tki kurs o s\u0142uchaniu\\\" w Warszawie 10 czerwca 2018 przeznaczone dla os\u00f3b zainteresowanych nauk\u0105 empatycznego s\u0142uchania.\u00a0Poka\u017c\u0119 Ci jak wielk\u0105 rol\u0119 w codziennym \u017cyciu odgrywa umiej\u0119tno\u015b\u0107 skupienia si\u0119 w pe\u0142ni na drugim cz\u0142owieku i jak to si\u0119 robi.\",\"breadcrumb\":{\"@id\":\"https:\/\/www.empathicway.pl\/online\/produkt\/szkolenie-krotki-kurs-o-sluchaniu-warszawa\/#breadcrumb\"},\"inLanguage\":\"pl-PL\",\"potentialAction\":[{\"@type\":\"ReadAction\",\"target\":[\"https:\/\/www.empathicway.pl\/online\/produkt\/szkolenie-krotki-kurs-o-sluchaniu-warszawa\/\"]}]},{\"@type\":\"ImageObject\",\"inLanguage\":\"pl-PL\",\"@id\":\"https:\/\/www.empathicway.pl\/online\/produkt\/szkolenie-krotki-kurs-o-sluchaniu-warszawa\/#primaryimage\",\"url\":\"https:\/\/www.empathicway.pl\/wp-content\/uploads\/2017\/12\/Magdalena-Malinowska-Empathic-Way-Porozumienie-bez-Przemocy-NVC-300x300.jpg\",\"contentUrl\":\"https:\/\/www.empathicway.pl\/wp-content\/uploads\/2017\/12\/Magdalena-Malinowska-Empathic-Way-Porozumienie-bez-Przemocy-NVC-300x300.jpg\"},{\"@type\":\"BreadcrumbList\",\"@id\":\"https:\/\/www.empathicway.pl\/online\/produkt\/szkolenie-krotki-kurs-o-sluchaniu-warszawa\/#breadcrumb\",\"itemListElement\":[{\"@type\":\"ListItem\",\"position\":1,\"name\":\"Strona g\u0142\u00f3wna\",\"item\":\"https:\/\/www.empathicway.pl\/online\/\"},{\"@type\":\"ListItem\",\"position\":2,\"name\":\"Sklep\",\"item\":\"https:\/\/www.empathicway.pl\/online\/sklep\/\"},{\"@type\":\"ListItem\",\"position\":3,\"name\":\"Szkolenie \u201eKr\u00f3tki kurs o s\u0142uchaniu\u201d \u2013 Warszawa, 10 czerwca 2018\"}]},{\"@type\":\"WebSite\",\"@id\":\"https:\/\/www.empathicway.pl\/online\/#website\",\"url\":\"https:\/\/www.empathicway.pl\/online\/\",\"name\":\"Empathic Way Online | Komunikacja empatyczna krok po kroku\",\"description\":\"Platforma szkoleniowa Empathic Way\",\"publisher\":{\"@id\":\"https:\/\/www.empathicway.pl\/online\/#organization\"},\"potentialAction\":[{\"@type\":\"SearchAction\",\"target\":{\"@type\":\"EntryPoint\",\"urlTemplate\":\"https:\/\/www.empathicway.pl\/online\/?s={search_term_string}\"},\"query-input\":{\"@type\":\"PropertyValueSpecification\",\"valueRequired\":true,\"valueName\":\"search_term_string\"}}],\"inLanguage\":\"pl-PL\"},{\"@type\":\"Organization\",\"@id\":\"https:\/\/www.empathicway.pl\/online\/#organization\",\"name\":\"Empathic Way\",\"url\":\"https:\/\/www.empathicway.pl\/online\/\",\"logo\":{\"@type\":\"ImageObject\",\"inLanguage\":\"pl-PL\",\"@id\":\"https:\/\/www.empathicway.pl\/online\/#\/schema\/logo\/image\/\",\"url\":\"https:\/\/www.empathicway.pl\/online\/wp-content\/uploads\/2017\/10\/Empathic-Way-Online-logo-www.png\",\"contentUrl\":\"https:\/\/www.empathicway.pl\/online\/wp-content\/uploads\/2017\/10\/Empathic-Way-Online-logo-www.png\",\"width\":2892,\"height\":657,\"caption\":\"Empathic Way\"},\"image\":{\"@id\":\"https:\/\/www.empathicway.pl\/online\/#\/schema\/logo\/image\/\"},\"sameAs\":[\"https:\/\/www.facebook.com\/empathicwaypl\/\"]}]}<\/script>\n<!-- \/ Yoast SEO plugin. -->","yoast_head_json":{"title":"Szkolenie \u201eKr\u00f3tki kurs o s\u0142uchaniu\u201d \u2013 Warszawa, 10 czerwca 2018 - Empathic Way Online | Porozumienie bez Przemocy w praktyce","description":"Szkolenie stacjonarne \"Kr\u00f3tki kurs o s\u0142uchaniu\" w Warszawie 10 czerwca 2018 przeznaczone dla os\u00f3b zainteresowanych nauk\u0105 empatycznego s\u0142uchania.\u00a0Poka\u017c\u0119 Ci jak wielk\u0105 rol\u0119 w codziennym \u017cyciu odgrywa umiej\u0119tno\u015b\u0107 skupienia si\u0119 w pe\u0142ni na drugim cz\u0142owieku i jak to si\u0119 robi.","robots":{"index":"index","follow":"follow","max-snippet":"max-snippet:-1","max-image-preview":"max-image-preview:large","max-video-preview":"max-video-preview:-1"},"canonical":"https:\/\/www.empathicway.pl\/online\/produkt\/szkolenie-krotki-kurs-o-sluchaniu-warszawa\/","og_locale":"pl_PL","og_type":"article","og_title":"Szkolenie \u201eKr\u00f3tki kurs o s\u0142uchaniu\u201d \u2013 Warszawa, 10 czerwca 2018 - Empathic Way Online | Porozumienie bez Przemocy w praktyce","og_description":"Szkolenie stacjonarne \"Kr\u00f3tki kurs o s\u0142uchaniu\" w Warszawie 10 czerwca 2018 przeznaczone dla os\u00f3b zainteresowanych nauk\u0105 empatycznego s\u0142uchania.\u00a0Poka\u017c\u0119 Ci jak wielk\u0105 rol\u0119 w codziennym \u017cyciu odgrywa umiej\u0119tno\u015b\u0107 skupienia si\u0119 w pe\u0142ni na drugim cz\u0142owieku i jak to si\u0119 robi.","og_url":"https:\/\/www.empathicway.pl\/online\/produkt\/szkolenie-krotki-kurs-o-sluchaniu-warszawa\/","og_site_name":"Empathic Way Online | Porozumienie bez Przemocy w praktyce","article_publisher":"https:\/\/www.facebook.com\/empathicwaypl\/","article_modified_time":"2018-06-09T18:51:03+00:00","og_image":[{"url":"https:\/\/www.empathicway.pl\/wp-content\/uploads\/2017\/12\/Magdalena-Malinowska-Empathic-Way-Porozumienie-bez-Przemocy-NVC-300x300.jpg","type":"","width":"","height":""}],"twitter_card":"summary_large_image","twitter_misc":{"Szacowany czas czytania":"5 minut"},"schema":{"@context":"https:\/\/schema.org","@graph":[{"@type":"WebPage","@id":"https:\/\/www.empathicway.pl\/online\/produkt\/szkolenie-krotki-kurs-o-sluchaniu-warszawa\/","url":"https:\/\/www.empathicway.pl\/online\/produkt\/szkolenie-krotki-kurs-o-sluchaniu-warszawa\/","name":"Szkolenie \u201eKr\u00f3tki kurs o s\u0142uchaniu\u201d \u2013 Warszawa, 10 czerwca 2018 - Empathic Way Online | Porozumienie bez Przemocy w praktyce","isPartOf":{"@id":"https:\/\/www.empathicway.pl\/online\/#website"},"primaryImageOfPage":{"@id":"https:\/\/www.empathicway.pl\/online\/produkt\/szkolenie-krotki-kurs-o-sluchaniu-warszawa\/#primaryimage"},"image":{"@id":"https:\/\/www.empathicway.pl\/online\/produkt\/szkolenie-krotki-kurs-o-sluchaniu-warszawa\/#primaryimage"},"thumbnailUrl":"https:\/\/www.empathicway.pl\/wp-content\/uploads\/2017\/12\/Magdalena-Malinowska-Empathic-Way-Porozumienie-bez-Przemocy-NVC-300x300.jpg","datePublished":"2018-06-07T06:05:18+00:00","dateModified":"2018-06-09T18:51:03+00:00","description":"Szkolenie stacjonarne \"Kr\u00f3tki kurs o s\u0142uchaniu\" w Warszawie 10 czerwca 2018 przeznaczone dla os\u00f3b zainteresowanych nauk\u0105 empatycznego s\u0142uchania.\u00a0Poka\u017c\u0119 Ci jak wielk\u0105 rol\u0119 w codziennym \u017cyciu odgrywa umiej\u0119tno\u015b\u0107 skupienia si\u0119 w pe\u0142ni na drugim cz\u0142owieku i jak to si\u0119 robi.","breadcrumb":{"@id":"https:\/\/www.empathicway.pl\/online\/produkt\/szkolenie-krotki-kurs-o-sluchaniu-warszawa\/#breadcrumb"},"inLanguage":"pl-PL","potentialAction":[{"@type":"ReadAction","target":["https:\/\/www.empathicway.pl\/online\/produkt\/szkolenie-krotki-kurs-o-sluchaniu-warszawa\/"]}]},{"@type":"ImageObject","inLanguage":"pl-PL","@id":"https:\/\/www.empathicway.pl\/online\/produkt\/szkolenie-krotki-kurs-o-sluchaniu-warszawa\/#primaryimage","url":"https:\/\/www.empathicway.pl\/wp-content\/uploads\/2017\/12\/Magdalena-Malinowska-Empathic-Way-Porozumienie-bez-Przemocy-NVC-300x300.jpg","contentUrl":"https:\/\/www.empathicway.pl\/wp-content\/uploads\/2017\/12\/Magdalena-Malinowska-Empathic-Way-Porozumienie-bez-Przemocy-NVC-300x300.jpg"},{"@type":"BreadcrumbList","@id":"https:\/\/www.empathicway.pl\/online\/produkt\/szkolenie-krotki-kurs-o-sluchaniu-warszawa\/#breadcrumb","itemListElement":[{"@type":"ListItem","position":1,"name":"Strona g\u0142\u00f3wna","item":"https:\/\/www.empathicway.pl\/online\/"},{"@type":"ListItem","position":2,"name":"Sklep","item":"https:\/\/www.empathicway.pl\/online\/sklep\/"},{"@type":"ListItem","position":3,"name":"Szkolenie \u201eKr\u00f3tki kurs o s\u0142uchaniu\u201d \u2013 Warszawa, 10 czerwca 2018"}]},{"@type":"WebSite","@id":"https:\/\/www.empathicway.pl\/online\/#website","url":"https:\/\/www.empathicway.pl\/online\/","name":"Empathic Way Online | Komunikacja empatyczna krok po kroku","description":"Platforma szkoleniowa Empathic Way","publisher":{"@id":"https:\/\/www.empathicway.pl\/online\/#organization"},"potentialAction":[{"@type":"SearchAction","target":{"@type":"EntryPoint","urlTemplate":"https:\/\/www.empathicway.pl\/online\/?s={search_term_string}"},"query-input":{"@type":"PropertyValueSpecification","valueRequired":true,"valueName":"search_term_string"}}],"inLanguage":"pl-PL"},{"@type":"Organization","@id":"https:\/\/www.empathicway.pl\/online\/#organization","name":"Empathic Way","url":"https:\/\/www.empathicway.pl\/online\/","logo":{"@type":"ImageObject","inLanguage":"pl-PL","@id":"https:\/\/www.empathicway.pl\/online\/#\/schema\/logo\/image\/","url":"https:\/\/www.empathicway.pl\/online\/wp-content\/uploads\/2017\/10\/Empathic-Way-Online-logo-www.png","contentUrl":"https:\/\/www.empathicway.pl\/online\/wp-content\/uploads\/2017\/10\/Empathic-Way-Online-logo-www.png","width":2892,"height":657,"caption":"Empathic Way"},"image":{"@id":"https:\/\/www.empathicway.pl\/online\/#\/schema\/logo\/image\/"},"sameAs":["https:\/\/www.facebook.com\/empathicwaypl\/"]}]}},"_links":{"self":[{"href":"https:\/\/www.empathicway.pl\/online\/wp-json\/wp\/v2\/product\/537","targetHints":{"allow":["GET"]}}],"collection":[{"href":"https:\/\/www.empathicway.pl\/online\/wp-json\/wp\/v2\/product"}],"about":[{"href":"https:\/\/www.empathicway.pl\/online\/wp-json\/wp\/v2\/types\/product"}],"version-history":[{"count":0,"href":"https:\/\/www.empathicway.pl\/online\/wp-json\/wp\/v2\/product\/537\/revisions"}],"wp:attachment":[{"href":"https:\/\/www.empathicway.pl\/online\/wp-json\/wp\/v2\/media?parent=537"}],"wp:term":[{"taxonomy":"product_brand","embeddable":true,"href":"https:\/\/www.empathicway.pl\/online\/wp-json\/wp\/v2\/product_brand?post=537"},{"taxonomy":"product_cat","embeddable":true,"href":"https:\/\/www.empathicway.pl\/online\/wp-json\/wp\/v2\/product_cat?post=537"},{"taxonomy":"product_tag","embeddable":true,"href":"https:\/\/www.empathicway.pl\/online\/wp-json\/wp\/v2\/product_tag?post=537"}],"curies":[{"name":"wp","href":"https:\/\/api.w.org\/{rel}","templated":true}]}}