{"id":677,"date":"2024-06-14T05:55:56","date_gmt":"2024-06-14T03:55:56","guid":{"rendered":"https:\/\/www.empathicway.pl\/online\/?post_type=product&#038;p=677"},"modified":"2024-07-01T17:34:29","modified_gmt":"2024-07-01T15:34:29","slug":"kurs-online-cztery-kroki-do-lepszej-relacji-z-innymi-i-soba","status":"publish","type":"product","link":"https:\/\/www.empathicway.pl\/online\/produkt\/kurs-online-cztery-kroki-do-lepszej-relacji-z-innymi-i-soba\/","title":{"rendered":"Kurs online \u201eCztery kroki do lepszej relacji z innymi i sob\u0105\u201d"},"content":{"rendered":"<h5>15-dniowy kurs online, podczas kt\u00f3rego w\u00a0prosty\u00a0i\u00a0przyjemny\u00a0spos\u00f3b\u00a0poznasz <strong>podstawy Porozumienia bez Przemocy (NVC)<\/strong>. Do\u0142\u0105cz ju\u017c dzi\u015b!<\/h5>\n<p>&#8212;&#8212;&#8212;&#8212;&#8212;&#8212;&#8212;&#8212;<\/p>\n<p><b>Czujesz frustracj\u0119, gdy my\u015blisz o relacjach, w kt\u00f3rych jeste\u015b?<\/b><\/p>\n<p><b>Masz wra\u017cenie, \u017ce powinny wygl\u0105da\u0107 zupe\u0142nie inaczej, ale nie wiesz, jak to osi\u0105gn\u0105\u0107?<\/b><\/p>\n<p>Poznaj\u00a0<b>podstawy empatycznej komunikacji<\/b>, zastosuj je w praktyce przy moim wsparciu i\u00a0<b>dokonaj zmian\u00a0<\/b>na lepsze w Twoich relacjach z innymi!<\/p>\n<p>Nie trzeba wiele, by zamiast ci\u0105gle si\u0119 k\u0142\u00f3ci\u0107, oskar\u017ca\u0107, doszukiwa\u0107 z\u0142ych intencji, czy obra\u017ca\u0107 si\u0119 &#8220;bez powodu&#8221;, zacz\u0105\u0107 do\u015bwiadcza\u0107\u00a0<b>harmonii, blisko\u015bci, spokoju i \u0142atwo\u015bci<\/b>.<\/p>\n<p><b>Cz\u0119sto wystarcz\u0105 cztery kroki\u2026<\/b><\/p>\n<p>We\u017a udzia\u0142 w tym\u00a0<b>kursie online<\/b>, wprowad\u017a\u00a0<b>drobne zmiany<\/b>\u00a0ju\u017c pierwszego dnia i zaobserwuj co si\u0119 stanie!<\/p>\n<h4><b><strong>Informacje praktyczne:<\/strong><\/b><\/h4>\n<ul>\n<li>Kurs sk\u0142ada si\u0119 z <b>15 modu\u0142\u00f3w <\/b>zawieraj\u0105cych dawk\u0119 teorii oraz PDFy z \u0107wiczeniami.<\/li>\n<li>Prac\u0119 z kursem mo\u017cesz rozpocz\u0105\u0107 <strong>od razu<\/strong> po jego zakupie.<\/li>\n<li>Dost\u0119p do materia\u0142\u00f3w na platformie online b\u0119dziesz mie\u0107 przez <b>minimum rok<\/b>\u00a0od zakupu kursu.<\/li>\n<li>Masz <b>moje wsparcie<\/b> w zamkni\u0119tej grupie na Facebooku.<\/li>\n<\/ul>\n<h4><b>W ramach tego kursu otrzymasz:<\/b><\/h4>\n<p><b>&#8211; 15 modu\u0142\u00f3w<\/b><\/p>\n<p>Kurs sk\u0142ada si\u0119 z 15 modu\u0142\u00f3w zawieraj\u0105cych dawk\u0119 teorii oraz<strong> PDFy z \u0107wiczeniami<\/strong> (1 dzie\u0144 &#8211; 1 modu\u0142)<\/p>\n<p><b>&#8211; 15 wiadomo\u015bci e-mail<\/b><\/p>\n<p>Bezpo\u015brednio na swoj\u0105 skrzynk\u0119 otrzymasz wiadomo\u015b\u0107 przypominaj\u0105c\u0105 o kolejnych modu\u0142ach (je\u015bli potwierdzisz subskrypcj\u0119 maili)<\/p>\n<p><b>&#8211; Platforma online<\/b><\/p>\n<p>Otrzymasz minimum roczny dost\u0119p do platformy online z materia\u0142ami, na kt\u00f3rej b\u0119dziesz m\u00f3c odznacza\u0107 swoje post\u0119py<\/p>\n<p><b>&#8211; Wsparcie w grupie na Facebooku<\/b><\/p>\n<p>B\u0119dziesz mie\u0107 mo\u017cliwo\u015b\u0107 bezpo\u015bredniego kontaktu ze mn\u0105 i innymi uczestnikami w grupie na Facebooku<\/p>\n<p>\u2014\u2014\u2014\u2014\u2014\u2014\u2014\u2014\u2014\u2014\u2014\u2014\u2014\u2014<\/p>\n<p><strong>UWAGA:<\/strong> <strong>Tre\u015bci<\/strong> <strong>kursu<\/strong> nie b\u0119d\u0105 wysy\u0142ane mailem.\u00a0Ca\u0142o\u015b\u0107 kursu jest dost\u0119pna na platformie. Masz do niej dost\u0119p w dowolnym czasie i z dowolnego komputera\/telefonu. Wymaga to posiadania konta na platformie (utworzy si\u0119 samodzielnie przy sk\u0142adaniu zam\u00f3wienia) i zalogowania si\u0119.<\/p>\n<p>Po z\u0142o\u017ceniu zam\u00f3wienia, <strong>link do kursu\u00a0<\/strong>b\u0119dzie dost\u0119pny w mailu potwierdzaj\u0105cym oraz na stronie <span style=\"color: #000000;\"><a href=\"https:\/\/www.empathicway.pl\/online\/moje-konto\/\"><strong>Moje konto<\/strong><\/a> po zalogowaniu si\u0119.<\/span><\/p>\n","protected":false},"excerpt":{"rendered":"<p>15-dniowy kurs online, podczas kt\u00f3rego w\u00a0prosty\u00a0i\u00a0przyjemny\u00a0spos\u00f3b\u00a0poznasz podstawy Porozumienia bez Przemocy (NVC). Do\u0142\u0105cz ju\u017c dzi\u015b! &#8212;&#8212;&#8212;&#8212;&#8212;&#8212;&#8212;&#8212; Czujesz frustracj\u0119, gdy my\u015blisz o relacjach, w kt\u00f3rych jeste\u015b? Masz&hellip;<\/p>\n","protected":false},"featured_media":7486,"template":"","meta":{"_monsterinsights_skip_tracking":false,"_monsterinsights_sitenote_active":false,"_monsterinsights_sitenote_note":"","_monsterinsights_sitenote_category":0},"product_brand":[],"product_cat":[50],"product_tag":[],"class_list":{"0":"post-677","1":"product","2":"type-product","3":"status-publish","4":"has-post-thumbnail","6":"product_cat-kursy-online","8":"first","9":"instock","10":"featured","11":"downloadable","12":"virtual","13":"purchasable","14":"product-type-simple"},"yoast_head":"<!-- This site is optimized with the Yoast SEO plugin v27.2 - https:\/\/yoast.com\/product\/yoast-seo-wordpress\/ -->\n<title>Kurs online \u201eCztery kroki do lepszej relacji z innymi i sob\u0105\u201d - Empathic Way Online | Porozumienie bez Przemocy w praktyce<\/title>\n<meta name=\"description\" content=\"Kurs online Cztery kroki do lepszej relacji z innymi i sob\u0105 to 15 modu\u0142\u00f3w, dzi\u0119ki kt\u00f3rym poznasz podstawy Porozumienia bez Przemocy NVC.\" \/>\n<meta name=\"robots\" content=\"index, follow, max-snippet:-1, max-image-preview:large, max-video-preview:-1\" \/>\n<link rel=\"canonical\" href=\"https:\/\/www.empathicway.pl\/online\/produkt\/kurs-online-cztery-kroki-do-lepszej-relacji-z-innymi-i-soba\/\" \/>\n<meta property=\"og:locale\" content=\"pl_PL\" \/>\n<meta property=\"og:type\" content=\"article\" \/>\n<meta property=\"og:title\" content=\"Kurs online \u201eCztery kroki do lepszej relacji z innymi i sob\u0105\u201d - Empathic Way Online | Porozumienie bez Przemocy w praktyce\" \/>\n<meta property=\"og:description\" content=\"Kurs online Cztery kroki do lepszej relacji z innymi i sob\u0105 to 15 modu\u0142\u00f3w, dzi\u0119ki kt\u00f3rym poznasz podstawy Porozumienia bez Przemocy NVC.\" \/>\n<meta property=\"og:url\" content=\"https:\/\/www.empathicway.pl\/online\/produkt\/kurs-online-cztery-kroki-do-lepszej-relacji-z-innymi-i-soba\/\" \/>\n<meta property=\"og:site_name\" content=\"Empathic Way Online | Porozumienie bez Przemocy w praktyce\" \/>\n<meta property=\"article:publisher\" content=\"https:\/\/www.facebook.com\/empathicwaypl\/\" \/>\n<meta property=\"article:modified_time\" content=\"2024-07-01T15:34:29+00:00\" \/>\n<meta property=\"og:image\" content=\"https:\/\/www.empathicway.pl\/online\/wp-content\/uploads\/2022\/04\/Kurs-online-Cztery-kroki-do-lepszej-relacji-z-innymi-i-soba-Porozumienie-bez-Przemocy-NVC-Empathic-Way-Online-Magdalena-Malinowska-Berggren.png\" \/>\n\t<meta property=\"og:image:width\" content=\"1080\" \/>\n\t<meta property=\"og:image:height\" content=\"1080\" \/>\n\t<meta property=\"og:image:type\" content=\"image\/png\" \/>\n<meta name=\"twitter:card\" content=\"summary_large_image\" \/>\n<meta name=\"twitter:label1\" content=\"Szacowany czas czytania\" \/>\n\t<meta name=\"twitter:data1\" content=\"2 minuty\" \/>\n<script type=\"application\/ld+json\" class=\"yoast-schema-graph\">{\"@context\":\"https:\/\/schema.org\",\"@graph\":[{\"@type\":\"WebPage\",\"@id\":\"https:\/\/www.empathicway.pl\/online\/produkt\/kurs-online-cztery-kroki-do-lepszej-relacji-z-innymi-i-soba\/\",\"url\":\"https:\/\/www.empathicway.pl\/online\/produkt\/kurs-online-cztery-kroki-do-lepszej-relacji-z-innymi-i-soba\/\",\"name\":\"Kurs online \u201eCztery kroki do lepszej relacji z innymi i sob\u0105\u201d - Empathic Way Online | Porozumienie bez Przemocy w praktyce\",\"isPartOf\":{\"@id\":\"https:\/\/www.empathicway.pl\/online\/#website\"},\"primaryImageOfPage\":{\"@id\":\"https:\/\/www.empathicway.pl\/online\/produkt\/kurs-online-cztery-kroki-do-lepszej-relacji-z-innymi-i-soba\/#primaryimage\"},\"image\":{\"@id\":\"https:\/\/www.empathicway.pl\/online\/produkt\/kurs-online-cztery-kroki-do-lepszej-relacji-z-innymi-i-soba\/#primaryimage\"},\"thumbnailUrl\":\"https:\/\/www.empathicway.pl\/online\/wp-content\/uploads\/2022\/04\/Kurs-online-Cztery-kroki-do-lepszej-relacji-z-innymi-i-soba-Porozumienie-bez-Przemocy-NVC-Empathic-Way-Online-Magdalena-Malinowska-Berggren.png\",\"datePublished\":\"2024-06-14T03:55:56+00:00\",\"dateModified\":\"2024-07-01T15:34:29+00:00\",\"description\":\"Kurs online Cztery kroki do lepszej relacji z innymi i sob\u0105 to 15 modu\u0142\u00f3w, dzi\u0119ki kt\u00f3rym poznasz podstawy Porozumienia bez Przemocy NVC.\",\"breadcrumb\":{\"@id\":\"https:\/\/www.empathicway.pl\/online\/produkt\/kurs-online-cztery-kroki-do-lepszej-relacji-z-innymi-i-soba\/#breadcrumb\"},\"inLanguage\":\"pl-PL\",\"potentialAction\":[{\"@type\":\"ReadAction\",\"target\":[\"https:\/\/www.empathicway.pl\/online\/produkt\/kurs-online-cztery-kroki-do-lepszej-relacji-z-innymi-i-soba\/\"]}]},{\"@type\":\"ImageObject\",\"inLanguage\":\"pl-PL\",\"@id\":\"https:\/\/www.empathicway.pl\/online\/produkt\/kurs-online-cztery-kroki-do-lepszej-relacji-z-innymi-i-soba\/#primaryimage\",\"url\":\"https:\/\/www.empathicway.pl\/online\/wp-content\/uploads\/2022\/04\/Kurs-online-Cztery-kroki-do-lepszej-relacji-z-innymi-i-soba-Porozumienie-bez-Przemocy-NVC-Empathic-Way-Online-Magdalena-Malinowska-Berggren.png\",\"contentUrl\":\"https:\/\/www.empathicway.pl\/online\/wp-content\/uploads\/2022\/04\/Kurs-online-Cztery-kroki-do-lepszej-relacji-z-innymi-i-soba-Porozumienie-bez-Przemocy-NVC-Empathic-Way-Online-Magdalena-Malinowska-Berggren.png\",\"width\":1080,\"height\":1080,\"caption\":\"Kurs online Cztery kroki do lepszej relacji z innymi i sob\u0105 Kurs online NVC Kursy i wyzwania\"},{\"@type\":\"BreadcrumbList\",\"@id\":\"https:\/\/www.empathicway.pl\/online\/produkt\/kurs-online-cztery-kroki-do-lepszej-relacji-z-innymi-i-soba\/#breadcrumb\",\"itemListElement\":[{\"@type\":\"ListItem\",\"position\":1,\"name\":\"Strona g\u0142\u00f3wna\",\"item\":\"https:\/\/www.empathicway.pl\/online\/\"},{\"@type\":\"ListItem\",\"position\":2,\"name\":\"Sklep\",\"item\":\"https:\/\/www.empathicway.pl\/online\/sklep\/\"},{\"@type\":\"ListItem\",\"position\":3,\"name\":\"Kurs online \u201eCztery kroki do lepszej relacji z innymi i sob\u0105\u201d\"}]},{\"@type\":\"WebSite\",\"@id\":\"https:\/\/www.empathicway.pl\/online\/#website\",\"url\":\"https:\/\/www.empathicway.pl\/online\/\",\"name\":\"Empathic Way Online | Komunikacja empatyczna krok po kroku\",\"description\":\"Platforma szkoleniowa Empathic Way\",\"publisher\":{\"@id\":\"https:\/\/www.empathicway.pl\/online\/#organization\"},\"potentialAction\":[{\"@type\":\"SearchAction\",\"target\":{\"@type\":\"EntryPoint\",\"urlTemplate\":\"https:\/\/www.empathicway.pl\/online\/?s={search_term_string}\"},\"query-input\":{\"@type\":\"PropertyValueSpecification\",\"valueRequired\":true,\"valueName\":\"search_term_string\"}}],\"inLanguage\":\"pl-PL\"},{\"@type\":\"Organization\",\"@id\":\"https:\/\/www.empathicway.pl\/online\/#organization\",\"name\":\"Empathic Way\",\"url\":\"https:\/\/www.empathicway.pl\/online\/\",\"logo\":{\"@type\":\"ImageObject\",\"inLanguage\":\"pl-PL\",\"@id\":\"https:\/\/www.empathicway.pl\/online\/#\/schema\/logo\/image\/\",\"url\":\"https:\/\/www.empathicway.pl\/online\/wp-content\/uploads\/2017\/10\/Empathic-Way-Online-logo-www.png\",\"contentUrl\":\"https:\/\/www.empathicway.pl\/online\/wp-content\/uploads\/2017\/10\/Empathic-Way-Online-logo-www.png\",\"width\":2892,\"height\":657,\"caption\":\"Empathic Way\"},\"image\":{\"@id\":\"https:\/\/www.empathicway.pl\/online\/#\/schema\/logo\/image\/\"},\"sameAs\":[\"https:\/\/www.facebook.com\/empathicwaypl\/\"]}]}<\/script>\n<!-- \/ Yoast SEO plugin. -->","yoast_head_json":{"title":"Kurs online \u201eCztery kroki do lepszej relacji z innymi i sob\u0105\u201d - Empathic Way Online | Porozumienie bez Przemocy w praktyce","description":"Kurs online Cztery kroki do lepszej relacji z innymi i sob\u0105 to 15 modu\u0142\u00f3w, dzi\u0119ki kt\u00f3rym poznasz podstawy Porozumienia bez Przemocy NVC.","robots":{"index":"index","follow":"follow","max-snippet":"max-snippet:-1","max-image-preview":"max-image-preview:large","max-video-preview":"max-video-preview:-1"},"canonical":"https:\/\/www.empathicway.pl\/online\/produkt\/kurs-online-cztery-kroki-do-lepszej-relacji-z-innymi-i-soba\/","og_locale":"pl_PL","og_type":"article","og_title":"Kurs online \u201eCztery kroki do lepszej relacji z innymi i sob\u0105\u201d - Empathic Way Online | Porozumienie bez Przemocy w praktyce","og_description":"Kurs online Cztery kroki do lepszej relacji z innymi i sob\u0105 to 15 modu\u0142\u00f3w, dzi\u0119ki kt\u00f3rym poznasz podstawy Porozumienia bez Przemocy NVC.","og_url":"https:\/\/www.empathicway.pl\/online\/produkt\/kurs-online-cztery-kroki-do-lepszej-relacji-z-innymi-i-soba\/","og_site_name":"Empathic Way Online | Porozumienie bez Przemocy w praktyce","article_publisher":"https:\/\/www.facebook.com\/empathicwaypl\/","article_modified_time":"2024-07-01T15:34:29+00:00","og_image":[{"width":1080,"height":1080,"url":"https:\/\/www.empathicway.pl\/online\/wp-content\/uploads\/2022\/04\/Kurs-online-Cztery-kroki-do-lepszej-relacji-z-innymi-i-soba-Porozumienie-bez-Przemocy-NVC-Empathic-Way-Online-Magdalena-Malinowska-Berggren.png","type":"image\/png"}],"twitter_card":"summary_large_image","twitter_misc":{"Szacowany czas czytania":"2 minuty"},"schema":{"@context":"https:\/\/schema.org","@graph":[{"@type":"WebPage","@id":"https:\/\/www.empathicway.pl\/online\/produkt\/kurs-online-cztery-kroki-do-lepszej-relacji-z-innymi-i-soba\/","url":"https:\/\/www.empathicway.pl\/online\/produkt\/kurs-online-cztery-kroki-do-lepszej-relacji-z-innymi-i-soba\/","name":"Kurs online \u201eCztery kroki do lepszej relacji z innymi i sob\u0105\u201d - Empathic Way Online | Porozumienie bez Przemocy w praktyce","isPartOf":{"@id":"https:\/\/www.empathicway.pl\/online\/#website"},"primaryImageOfPage":{"@id":"https:\/\/www.empathicway.pl\/online\/produkt\/kurs-online-cztery-kroki-do-lepszej-relacji-z-innymi-i-soba\/#primaryimage"},"image":{"@id":"https:\/\/www.empathicway.pl\/online\/produkt\/kurs-online-cztery-kroki-do-lepszej-relacji-z-innymi-i-soba\/#primaryimage"},"thumbnailUrl":"https:\/\/www.empathicway.pl\/online\/wp-content\/uploads\/2022\/04\/Kurs-online-Cztery-kroki-do-lepszej-relacji-z-innymi-i-soba-Porozumienie-bez-Przemocy-NVC-Empathic-Way-Online-Magdalena-Malinowska-Berggren.png","datePublished":"2024-06-14T03:55:56+00:00","dateModified":"2024-07-01T15:34:29+00:00","description":"Kurs online Cztery kroki do lepszej relacji z innymi i sob\u0105 to 15 modu\u0142\u00f3w, dzi\u0119ki kt\u00f3rym poznasz podstawy Porozumienia bez Przemocy NVC.","breadcrumb":{"@id":"https:\/\/www.empathicway.pl\/online\/produkt\/kurs-online-cztery-kroki-do-lepszej-relacji-z-innymi-i-soba\/#breadcrumb"},"inLanguage":"pl-PL","potentialAction":[{"@type":"ReadAction","target":["https:\/\/www.empathicway.pl\/online\/produkt\/kurs-online-cztery-kroki-do-lepszej-relacji-z-innymi-i-soba\/"]}]},{"@type":"ImageObject","inLanguage":"pl-PL","@id":"https:\/\/www.empathicway.pl\/online\/produkt\/kurs-online-cztery-kroki-do-lepszej-relacji-z-innymi-i-soba\/#primaryimage","url":"https:\/\/www.empathicway.pl\/online\/wp-content\/uploads\/2022\/04\/Kurs-online-Cztery-kroki-do-lepszej-relacji-z-innymi-i-soba-Porozumienie-bez-Przemocy-NVC-Empathic-Way-Online-Magdalena-Malinowska-Berggren.png","contentUrl":"https:\/\/www.empathicway.pl\/online\/wp-content\/uploads\/2022\/04\/Kurs-online-Cztery-kroki-do-lepszej-relacji-z-innymi-i-soba-Porozumienie-bez-Przemocy-NVC-Empathic-Way-Online-Magdalena-Malinowska-Berggren.png","width":1080,"height":1080,"caption":"Kurs online Cztery kroki do lepszej relacji z innymi i sob\u0105 Kurs online NVC Kursy i wyzwania"},{"@type":"BreadcrumbList","@id":"https:\/\/www.empathicway.pl\/online\/produkt\/kurs-online-cztery-kroki-do-lepszej-relacji-z-innymi-i-soba\/#breadcrumb","itemListElement":[{"@type":"ListItem","position":1,"name":"Strona g\u0142\u00f3wna","item":"https:\/\/www.empathicway.pl\/online\/"},{"@type":"ListItem","position":2,"name":"Sklep","item":"https:\/\/www.empathicway.pl\/online\/sklep\/"},{"@type":"ListItem","position":3,"name":"Kurs online \u201eCztery kroki do lepszej relacji z innymi i sob\u0105\u201d"}]},{"@type":"WebSite","@id":"https:\/\/www.empathicway.pl\/online\/#website","url":"https:\/\/www.empathicway.pl\/online\/","name":"Empathic Way Online | Komunikacja empatyczna krok po kroku","description":"Platforma szkoleniowa Empathic Way","publisher":{"@id":"https:\/\/www.empathicway.pl\/online\/#organization"},"potentialAction":[{"@type":"SearchAction","target":{"@type":"EntryPoint","urlTemplate":"https:\/\/www.empathicway.pl\/online\/?s={search_term_string}"},"query-input":{"@type":"PropertyValueSpecification","valueRequired":true,"valueName":"search_term_string"}}],"inLanguage":"pl-PL"},{"@type":"Organization","@id":"https:\/\/www.empathicway.pl\/online\/#organization","name":"Empathic Way","url":"https:\/\/www.empathicway.pl\/online\/","logo":{"@type":"ImageObject","inLanguage":"pl-PL","@id":"https:\/\/www.empathicway.pl\/online\/#\/schema\/logo\/image\/","url":"https:\/\/www.empathicway.pl\/online\/wp-content\/uploads\/2017\/10\/Empathic-Way-Online-logo-www.png","contentUrl":"https:\/\/www.empathicway.pl\/online\/wp-content\/uploads\/2017\/10\/Empathic-Way-Online-logo-www.png","width":2892,"height":657,"caption":"Empathic Way"},"image":{"@id":"https:\/\/www.empathicway.pl\/online\/#\/schema\/logo\/image\/"},"sameAs":["https:\/\/www.facebook.com\/empathicwaypl\/"]}]}},"_links":{"self":[{"href":"https:\/\/www.empathicway.pl\/online\/wp-json\/wp\/v2\/product\/677","targetHints":{"allow":["GET"]}}],"collection":[{"href":"https:\/\/www.empathicway.pl\/online\/wp-json\/wp\/v2\/product"}],"about":[{"href":"https:\/\/www.empathicway.pl\/online\/wp-json\/wp\/v2\/types\/product"}],"version-history":[{"count":11,"href":"https:\/\/www.empathicway.pl\/online\/wp-json\/wp\/v2\/product\/677\/revisions"}],"predecessor-version":[{"id":8228,"href":"https:\/\/www.empathicway.pl\/online\/wp-json\/wp\/v2\/product\/677\/revisions\/8228"}],"wp:featuredmedia":[{"embeddable":true,"href":"https:\/\/www.empathicway.pl\/online\/wp-json\/wp\/v2\/media\/7486"}],"wp:attachment":[{"href":"https:\/\/www.empathicway.pl\/online\/wp-json\/wp\/v2\/media?parent=677"}],"wp:term":[{"taxonomy":"product_brand","embeddable":true,"href":"https:\/\/www.empathicway.pl\/online\/wp-json\/wp\/v2\/product_brand?post=677"},{"taxonomy":"product_cat","embeddable":true,"href":"https:\/\/www.empathicway.pl\/online\/wp-json\/wp\/v2\/product_cat?post=677"},{"taxonomy":"product_tag","embeddable":true,"href":"https:\/\/www.empathicway.pl\/online\/wp-json\/wp\/v2\/product_tag?post=677"}],"curies":[{"name":"wp","href":"https:\/\/api.w.org\/{rel}","templated":true}]}}