{"id":8037,"date":"2024-05-22T12:51:22","date_gmt":"2024-05-22T10:51:22","guid":{"rendered":"https:\/\/www.empathicway.pl\/online\/?post_type=product&#038;p=8037"},"modified":"2025-07-19T14:39:52","modified_gmt":"2025-07-19T12:39:52","slug":"wprowadzenie-do-porozumienia-bez-przemocy-nvc-webinar","status":"publish","type":"product","link":"https:\/\/www.empathicway.pl\/online\/produkt\/wprowadzenie-do-porozumienia-bez-przemocy-nvc-webinar\/","title":{"rendered":"Wprowadzenie do Porozumienia bez Przemocy (NVC) \u2013 nagranie webinaru"},"content":{"rendered":"<p>Z czym <strong>kojarzy<\/strong> Ci si\u0119 \u201ePorozumienie bez Przemocy\u201d? Z empati\u0105, wzajemnym zrozumieniem i j\u0119zykiem pozbawionym ocen, czy mo\u017ce ze sztuczno\u015bci\u0105, naiwno\u015bci\u0105 lub s\u0142abo\u015bci\u0105?<\/p>\n<p>Mo\u017ce od razu przychodz\u0105 Ci do g\u0142owy my\u015bli, \u017ce nie jest to co\u015b dla Ciebie, bo przecie\u017c <strong>nie stosujesz przemocy<\/strong>?<\/p>\n<p>A mo\u017ce idea relacji opartych na <strong>otwarto\u015bci<\/strong> i <strong>autentyczno\u015bci<\/strong> Ci\u0119 poci\u0105ga, ale wydaje Ci si\u0119 <strong>trudna w realizacji<\/strong> i nie wiesz <strong>od czego zacz\u0105\u0107<\/strong>?<\/p>\n<p>Je\u015bli <strong>dopiero co natrafi\u0142e\u015b\/natrafi\u0142a\u015b <\/strong>na Porozumienie bez Przemocy (NVC) Marshalla B. Rosenberga i chcesz si\u0119 dowiedzie\u0107, <strong>o co w nim tak naprawd\u0119 chodzi<\/strong>, to zapraszam do obejrzenia tego webinaru. B\u0119dzie on te\u017c pomocny, je\u015bli <strong>przeczyta\u0142e\u015b\/przeczyta\u0142a\u015b ju\u017c kilka ksi\u0105\u017cek\/artyku\u0142\u00f3w<\/strong>, ale nadal nie wszystko jest <strong>jasne<\/strong>.<\/p>\n<p>&nbsp;<\/p>\n<p><strong>Dzi\u0119ki temu webinarowi:<\/strong><\/p>\n<p>&#8211; poznasz <strong>podstawy Porozumienia bez Przemocy<\/strong> stworzonego przez Marshalla B. Rosenberga;<\/p>\n<p>&#8211; dowiesz si\u0119, <strong>jak NVC mo\u017ce wspiera\u0107 Twoje relacje<\/strong> (zar\u00f3wno prywatne, jak i zawodowe) i w jakich <strong>obszarach<\/strong> mo\u017cesz je zastosowa\u0107;<\/p>\n<p>&#8211; <strong>sprawdzisz<\/strong>, czy to podej\u015bcie do komunikacji jest Ci bliskie i dowiesz si\u0119, jakie <strong>kolejne kroki<\/strong> mo\u017cesz podj\u0105\u0107, by lepiej dogadywa\u0107 si\u0119 w innymi.<\/p>\n<p>&nbsp;<\/p>\n<p><strong>Informacje praktyczne<\/strong><\/p>\n<ul>\n<li><strong>Czas trwania webinaru:<\/strong> 69 minut<\/li>\n<li><strong>Cena:<\/strong> 49 z\u0142<\/li>\n<li>Opr\u00f3cz <strong>dost\u0119pu do nagrania<\/strong> otrzymasz plik <strong>PDF<\/strong>\u00a0z\u00a0<strong>prezentacj\u0105<\/strong>.<\/li>\n<li>Nagranie jest dost\u0119pne na <strong>platformie online<\/strong> Empathic Way. B\u0119dziesz mie\u0107 do niej dost\u0119p w dowolnym czasie i z dowolnego komputera\/telefonu minimum przez rok. Wymaga to posiadania konta na platformie (je\u015bli go nie masz, utworzy si\u0119 automatycznie przy sk\u0142adaniu zam\u00f3wienia) i <strong>zalogowania si\u0119<\/strong>.<\/li>\n<li>Po z\u0142o\u017ceniu zam\u00f3wienia, <strong>link do nagrania <\/strong>b\u0119dzie dost\u0119pny w mailu potwierdzaj\u0105cym oraz na stronie\u00a0<span style=\"color: #000000;\"><a href=\"https:\/\/www.empathicway.pl\/online\/moje-konto\/\"><strong>Moje konto<\/strong><\/a> po zalogowaniu si\u0119.<\/span><\/li>\n<li><strong>Nie ma mo\u017cliwo\u015bci pobrania<\/strong> wideo na sw\u00f3j komputer.<\/li>\n<\/ul>\n<p><strong>\u00a0<\/strong><\/p>\n<p><strong>Prowadz\u0105ca:<\/strong><\/p>\n<p><strong><span class=\"et_pb_image_wrap \"><img decoding=\"async\" class=\"wp-image-693 alignleft\" title=\"Magdalena-Malinowska-Empathic-Way-Europe-Online-Nonviolent-Communication-NVC\" src=\"https:\/\/online.empathicway.pl\/wp-content\/uploads\/2021\/04\/Magdalena-Malinowska-Empathic-Way-Europe-Online-Nonviolent-Communication-NVC.jpg\" sizes=\"(min-width: 0px) and (max-width: 480px) 480px, (min-width: 481px) 511px, 100vw\" srcset=\"https:\/\/online.empathicway.pl\/wp-content\/uploads\/2021\/04\/Magdalena-Malinowska-Empathic-Way-Europe-Online-Nonviolent-Communication-NVC.jpg 511w, https:\/\/online.empathicway.pl\/wp-content\/uploads\/2021\/04\/Magdalena-Malinowska-Empathic-Way-Europe-Online-Nonviolent-Communication-NVC-480x480.jpg 480w\" alt=\"Magdalena Malinowska Empathic Way\" width=\"212\" height=\"212\" \/><\/span>Magdalena Malinowska-Berggren<\/strong><\/p>\n<p>Jestem certyfikowan\u0105 trenerk\u0105 Porozumienia bez Przemocy (certyfikat CNVC, USA). Wspieram w budowaniu satysfakcjonuj\u0105cego \u017cycia i dobrych relacji, prywatnych i zawodowych, poprzez szkolenia indywidualne i grupowe pog\u0142\u0119biaj\u0105ce umiej\u0119tno\u015b\u0107 skutecznej komunikacji. Inspiruj\u0119 do szczerego dawania informacji zwrotnych oraz otwarto\u015bci na perspektyw\u0119 innych os\u00f3b. Prowadz\u0119 firm\u0119\u00a0Empathic Way (www.empathicway.pl), w ramach kt\u00f3rej pomagam we wdra\u017caniu Porozumienia bez Przemocy (NVC) w firmach, organizacjach pozarz\u0105dowych oraz w relacjach z bliskimi. Wsp\u00f3\u0142tworz\u0119 tak\u017ce\u00a0Empathic Way Europe (www.empathiceurope.com), kt\u00f3re szerzy NVC po angielsku na ca\u0142ym \u015bwiecie.<\/p>\n<p>Pracuj\u0119 g\u0142\u00f3wnie z osobami, kt\u00f3re pragn\u0105 czerpa\u0107 rado\u015b\u0107 i spe\u0142nienie z autentycznych kontakt\u00f3w z innymi. Chc\u0105 do\u015bwiadcza\u0107 \u017cycia we wszelkich jego aspektach, nie boj\u0105 si\u0119 wyzwa\u0144 oraz maj\u0105 odwag\u0119 poznawa\u0107 siebie i innych.<\/p>\n<p>Je\u015bli jeste\u015b jedn\u0105 z takich os\u00f3b, to zapraszam na szkolenia, podczas kt\u00f3rych pomog\u0119 przeku\u0107 teori\u0119 w praktyk\u0119. Zach\u0119cam do ma\u0142ych krok\u00f3w, kt\u00f3rych ostatecznym rezultatem s\u0105 namacalne efekty.<\/p>\n<p>Strona: <a href=\"http:\/\/www.empathicway.pl\/\">www.empathicway.pl<\/a><\/p>\n","protected":false},"excerpt":{"rendered":"<p>Z czym kojarzy Ci si\u0119 \u201ePorozumienie bez Przemocy\u201d? Z empati\u0105, wzajemnym zrozumieniem i j\u0119zykiem pozbawionym ocen, czy mo\u017ce ze sztuczno\u015bci\u0105, naiwno\u015bci\u0105 lub s\u0142abo\u015bci\u0105? Mo\u017ce od&hellip;<\/p>\n","protected":false},"featured_media":8172,"template":"","meta":{"_monsterinsights_skip_tracking":false,"_monsterinsights_sitenote_active":false,"_monsterinsights_sitenote_note":"","_monsterinsights_sitenote_category":0},"product_brand":[],"product_cat":[92],"product_tag":[],"class_list":{"0":"post-8037","1":"product","2":"type-product","3":"status-publish","4":"has-post-thumbnail","6":"product_cat-webinary","8":"first","9":"instock","10":"downloadable","11":"virtual","12":"purchasable","13":"product-type-simple"},"yoast_head":"<!-- This site is optimized with the Yoast SEO plugin v27.2 - https:\/\/yoast.com\/product\/yoast-seo-wordpress\/ -->\n<title>Wprowadzenie do Porozumienia bez Przemocy (NVC) \u2013 nagranie webinaru - Empathic Way Online | Porozumienie bez Przemocy w praktyce<\/title>\n<meta name=\"description\" content=\"Chcesz si\u0119 dowiedzie\u0107, czym jest komunikacja empatyczna? Zapraszam do obejrzenia webinaru Wprowadzenie do Porozumienia bez Przemocy (NVC).\" \/>\n<meta name=\"robots\" content=\"index, follow, max-snippet:-1, max-image-preview:large, max-video-preview:-1\" \/>\n<link rel=\"canonical\" href=\"https:\/\/www.empathicway.pl\/online\/produkt\/wprowadzenie-do-porozumienia-bez-przemocy-nvc-webinar\/\" \/>\n<meta property=\"og:locale\" content=\"pl_PL\" \/>\n<meta property=\"og:type\" content=\"article\" \/>\n<meta property=\"og:title\" content=\"Wprowadzenie do Porozumienia bez Przemocy (NVC) \u2013 nagranie webinaru - Empathic Way Online | Porozumienie bez Przemocy w praktyce\" \/>\n<meta property=\"og:description\" content=\"Chcesz si\u0119 dowiedzie\u0107, czym jest komunikacja empatyczna? Zapraszam do obejrzenia webinaru Wprowadzenie do Porozumienia bez Przemocy (NVC).\" \/>\n<meta property=\"og:url\" content=\"https:\/\/www.empathicway.pl\/online\/produkt\/wprowadzenie-do-porozumienia-bez-przemocy-nvc-webinar\/\" \/>\n<meta property=\"og:site_name\" content=\"Empathic Way Online | Porozumienie bez Przemocy w praktyce\" \/>\n<meta property=\"article:publisher\" content=\"https:\/\/www.facebook.com\/empathicwaypl\/\" \/>\n<meta property=\"article:modified_time\" content=\"2025-07-19T12:39:52+00:00\" \/>\n<meta property=\"og:image\" content=\"https:\/\/www.empathicway.pl\/online\/wp-content\/uploads\/2024\/04\/Wprowadzenie-do-Porozumienia-bez-Przemocy-Nagranie-Webinaru-Empathic-Way-Online.png\" \/>\n\t<meta property=\"og:image:width\" content=\"1080\" \/>\n\t<meta property=\"og:image:height\" content=\"1080\" \/>\n\t<meta property=\"og:image:type\" content=\"image\/png\" \/>\n<meta name=\"twitter:card\" content=\"summary_large_image\" \/>\n<meta name=\"twitter:label1\" content=\"Szacowany czas czytania\" \/>\n\t<meta name=\"twitter:data1\" content=\"3 minuty\" \/>\n<script type=\"application\/ld+json\" class=\"yoast-schema-graph\">{\"@context\":\"https:\/\/schema.org\",\"@graph\":[{\"@type\":\"WebPage\",\"@id\":\"https:\/\/www.empathicway.pl\/online\/produkt\/wprowadzenie-do-porozumienia-bez-przemocy-nvc-webinar\/\",\"url\":\"https:\/\/www.empathicway.pl\/online\/produkt\/wprowadzenie-do-porozumienia-bez-przemocy-nvc-webinar\/\",\"name\":\"Wprowadzenie do Porozumienia bez Przemocy (NVC) \u2013 nagranie webinaru - Empathic Way Online | Porozumienie bez Przemocy w praktyce\",\"isPartOf\":{\"@id\":\"https:\/\/www.empathicway.pl\/online\/#website\"},\"primaryImageOfPage\":{\"@id\":\"https:\/\/www.empathicway.pl\/online\/produkt\/wprowadzenie-do-porozumienia-bez-przemocy-nvc-webinar\/#primaryimage\"},\"image\":{\"@id\":\"https:\/\/www.empathicway.pl\/online\/produkt\/wprowadzenie-do-porozumienia-bez-przemocy-nvc-webinar\/#primaryimage\"},\"thumbnailUrl\":\"https:\/\/www.empathicway.pl\/online\/wp-content\/uploads\/2024\/04\/Wprowadzenie-do-Porozumienia-bez-Przemocy-Nagranie-Webinaru-Empathic-Way-Online.png\",\"datePublished\":\"2024-05-22T10:51:22+00:00\",\"dateModified\":\"2025-07-19T12:39:52+00:00\",\"description\":\"Chcesz si\u0119 dowiedzie\u0107, czym jest komunikacja empatyczna? Zapraszam do obejrzenia webinaru Wprowadzenie do Porozumienia bez Przemocy (NVC).\",\"breadcrumb\":{\"@id\":\"https:\/\/www.empathicway.pl\/online\/produkt\/wprowadzenie-do-porozumienia-bez-przemocy-nvc-webinar\/#breadcrumb\"},\"inLanguage\":\"pl-PL\",\"potentialAction\":[{\"@type\":\"ReadAction\",\"target\":[\"https:\/\/www.empathicway.pl\/online\/produkt\/wprowadzenie-do-porozumienia-bez-przemocy-nvc-webinar\/\"]}]},{\"@type\":\"ImageObject\",\"inLanguage\":\"pl-PL\",\"@id\":\"https:\/\/www.empathicway.pl\/online\/produkt\/wprowadzenie-do-porozumienia-bez-przemocy-nvc-webinar\/#primaryimage\",\"url\":\"https:\/\/www.empathicway.pl\/online\/wp-content\/uploads\/2024\/04\/Wprowadzenie-do-Porozumienia-bez-Przemocy-Nagranie-Webinaru-Empathic-Way-Online.png\",\"contentUrl\":\"https:\/\/www.empathicway.pl\/online\/wp-content\/uploads\/2024\/04\/Wprowadzenie-do-Porozumienia-bez-Przemocy-Nagranie-Webinaru-Empathic-Way-Online.png\",\"width\":1080,\"height\":1080,\"caption\":\"Wprowadzenie do Porozumienia bez Przemocy (NVC) \u2013 nagranie webinaru\"},{\"@type\":\"BreadcrumbList\",\"@id\":\"https:\/\/www.empathicway.pl\/online\/produkt\/wprowadzenie-do-porozumienia-bez-przemocy-nvc-webinar\/#breadcrumb\",\"itemListElement\":[{\"@type\":\"ListItem\",\"position\":1,\"name\":\"Strona g\u0142\u00f3wna\",\"item\":\"https:\/\/www.empathicway.pl\/online\/\"},{\"@type\":\"ListItem\",\"position\":2,\"name\":\"Sklep\",\"item\":\"https:\/\/www.empathicway.pl\/online\/sklep\/\"},{\"@type\":\"ListItem\",\"position\":3,\"name\":\"Wprowadzenie do Porozumienia bez Przemocy (NVC) \u2013 nagranie webinaru\"}]},{\"@type\":\"WebSite\",\"@id\":\"https:\/\/www.empathicway.pl\/online\/#website\",\"url\":\"https:\/\/www.empathicway.pl\/online\/\",\"name\":\"Empathic Way Online | Komunikacja empatyczna krok po kroku\",\"description\":\"Platforma szkoleniowa Empathic Way\",\"publisher\":{\"@id\":\"https:\/\/www.empathicway.pl\/online\/#organization\"},\"potentialAction\":[{\"@type\":\"SearchAction\",\"target\":{\"@type\":\"EntryPoint\",\"urlTemplate\":\"https:\/\/www.empathicway.pl\/online\/?s={search_term_string}\"},\"query-input\":{\"@type\":\"PropertyValueSpecification\",\"valueRequired\":true,\"valueName\":\"search_term_string\"}}],\"inLanguage\":\"pl-PL\"},{\"@type\":\"Organization\",\"@id\":\"https:\/\/www.empathicway.pl\/online\/#organization\",\"name\":\"Empathic Way\",\"url\":\"https:\/\/www.empathicway.pl\/online\/\",\"logo\":{\"@type\":\"ImageObject\",\"inLanguage\":\"pl-PL\",\"@id\":\"https:\/\/www.empathicway.pl\/online\/#\/schema\/logo\/image\/\",\"url\":\"https:\/\/www.empathicway.pl\/online\/wp-content\/uploads\/2017\/10\/Empathic-Way-Online-logo-www.png\",\"contentUrl\":\"https:\/\/www.empathicway.pl\/online\/wp-content\/uploads\/2017\/10\/Empathic-Way-Online-logo-www.png\",\"width\":2892,\"height\":657,\"caption\":\"Empathic Way\"},\"image\":{\"@id\":\"https:\/\/www.empathicway.pl\/online\/#\/schema\/logo\/image\/\"},\"sameAs\":[\"https:\/\/www.facebook.com\/empathicwaypl\/\"]}]}<\/script>\n<!-- \/ Yoast SEO plugin. -->","yoast_head_json":{"title":"Wprowadzenie do Porozumienia bez Przemocy (NVC) \u2013 nagranie webinaru - Empathic Way Online | Porozumienie bez Przemocy w praktyce","description":"Chcesz si\u0119 dowiedzie\u0107, czym jest komunikacja empatyczna? Zapraszam do obejrzenia webinaru Wprowadzenie do Porozumienia bez Przemocy (NVC).","robots":{"index":"index","follow":"follow","max-snippet":"max-snippet:-1","max-image-preview":"max-image-preview:large","max-video-preview":"max-video-preview:-1"},"canonical":"https:\/\/www.empathicway.pl\/online\/produkt\/wprowadzenie-do-porozumienia-bez-przemocy-nvc-webinar\/","og_locale":"pl_PL","og_type":"article","og_title":"Wprowadzenie do Porozumienia bez Przemocy (NVC) \u2013 nagranie webinaru - Empathic Way Online | Porozumienie bez Przemocy w praktyce","og_description":"Chcesz si\u0119 dowiedzie\u0107, czym jest komunikacja empatyczna? Zapraszam do obejrzenia webinaru Wprowadzenie do Porozumienia bez Przemocy (NVC).","og_url":"https:\/\/www.empathicway.pl\/online\/produkt\/wprowadzenie-do-porozumienia-bez-przemocy-nvc-webinar\/","og_site_name":"Empathic Way Online | Porozumienie bez Przemocy w praktyce","article_publisher":"https:\/\/www.facebook.com\/empathicwaypl\/","article_modified_time":"2025-07-19T12:39:52+00:00","og_image":[{"width":1080,"height":1080,"url":"https:\/\/www.empathicway.pl\/online\/wp-content\/uploads\/2024\/04\/Wprowadzenie-do-Porozumienia-bez-Przemocy-Nagranie-Webinaru-Empathic-Way-Online.png","type":"image\/png"}],"twitter_card":"summary_large_image","twitter_misc":{"Szacowany czas czytania":"3 minuty"},"schema":{"@context":"https:\/\/schema.org","@graph":[{"@type":"WebPage","@id":"https:\/\/www.empathicway.pl\/online\/produkt\/wprowadzenie-do-porozumienia-bez-przemocy-nvc-webinar\/","url":"https:\/\/www.empathicway.pl\/online\/produkt\/wprowadzenie-do-porozumienia-bez-przemocy-nvc-webinar\/","name":"Wprowadzenie do Porozumienia bez Przemocy (NVC) \u2013 nagranie webinaru - Empathic Way Online | Porozumienie bez Przemocy w praktyce","isPartOf":{"@id":"https:\/\/www.empathicway.pl\/online\/#website"},"primaryImageOfPage":{"@id":"https:\/\/www.empathicway.pl\/online\/produkt\/wprowadzenie-do-porozumienia-bez-przemocy-nvc-webinar\/#primaryimage"},"image":{"@id":"https:\/\/www.empathicway.pl\/online\/produkt\/wprowadzenie-do-porozumienia-bez-przemocy-nvc-webinar\/#primaryimage"},"thumbnailUrl":"https:\/\/www.empathicway.pl\/online\/wp-content\/uploads\/2024\/04\/Wprowadzenie-do-Porozumienia-bez-Przemocy-Nagranie-Webinaru-Empathic-Way-Online.png","datePublished":"2024-05-22T10:51:22+00:00","dateModified":"2025-07-19T12:39:52+00:00","description":"Chcesz si\u0119 dowiedzie\u0107, czym jest komunikacja empatyczna? Zapraszam do obejrzenia webinaru Wprowadzenie do Porozumienia bez Przemocy (NVC).","breadcrumb":{"@id":"https:\/\/www.empathicway.pl\/online\/produkt\/wprowadzenie-do-porozumienia-bez-przemocy-nvc-webinar\/#breadcrumb"},"inLanguage":"pl-PL","potentialAction":[{"@type":"ReadAction","target":["https:\/\/www.empathicway.pl\/online\/produkt\/wprowadzenie-do-porozumienia-bez-przemocy-nvc-webinar\/"]}]},{"@type":"ImageObject","inLanguage":"pl-PL","@id":"https:\/\/www.empathicway.pl\/online\/produkt\/wprowadzenie-do-porozumienia-bez-przemocy-nvc-webinar\/#primaryimage","url":"https:\/\/www.empathicway.pl\/online\/wp-content\/uploads\/2024\/04\/Wprowadzenie-do-Porozumienia-bez-Przemocy-Nagranie-Webinaru-Empathic-Way-Online.png","contentUrl":"https:\/\/www.empathicway.pl\/online\/wp-content\/uploads\/2024\/04\/Wprowadzenie-do-Porozumienia-bez-Przemocy-Nagranie-Webinaru-Empathic-Way-Online.png","width":1080,"height":1080,"caption":"Wprowadzenie do Porozumienia bez Przemocy (NVC) \u2013 nagranie webinaru"},{"@type":"BreadcrumbList","@id":"https:\/\/www.empathicway.pl\/online\/produkt\/wprowadzenie-do-porozumienia-bez-przemocy-nvc-webinar\/#breadcrumb","itemListElement":[{"@type":"ListItem","position":1,"name":"Strona g\u0142\u00f3wna","item":"https:\/\/www.empathicway.pl\/online\/"},{"@type":"ListItem","position":2,"name":"Sklep","item":"https:\/\/www.empathicway.pl\/online\/sklep\/"},{"@type":"ListItem","position":3,"name":"Wprowadzenie do Porozumienia bez Przemocy (NVC) \u2013 nagranie webinaru"}]},{"@type":"WebSite","@id":"https:\/\/www.empathicway.pl\/online\/#website","url":"https:\/\/www.empathicway.pl\/online\/","name":"Empathic Way Online | Komunikacja empatyczna krok po kroku","description":"Platforma szkoleniowa Empathic Way","publisher":{"@id":"https:\/\/www.empathicway.pl\/online\/#organization"},"potentialAction":[{"@type":"SearchAction","target":{"@type":"EntryPoint","urlTemplate":"https:\/\/www.empathicway.pl\/online\/?s={search_term_string}"},"query-input":{"@type":"PropertyValueSpecification","valueRequired":true,"valueName":"search_term_string"}}],"inLanguage":"pl-PL"},{"@type":"Organization","@id":"https:\/\/www.empathicway.pl\/online\/#organization","name":"Empathic Way","url":"https:\/\/www.empathicway.pl\/online\/","logo":{"@type":"ImageObject","inLanguage":"pl-PL","@id":"https:\/\/www.empathicway.pl\/online\/#\/schema\/logo\/image\/","url":"https:\/\/www.empathicway.pl\/online\/wp-content\/uploads\/2017\/10\/Empathic-Way-Online-logo-www.png","contentUrl":"https:\/\/www.empathicway.pl\/online\/wp-content\/uploads\/2017\/10\/Empathic-Way-Online-logo-www.png","width":2892,"height":657,"caption":"Empathic Way"},"image":{"@id":"https:\/\/www.empathicway.pl\/online\/#\/schema\/logo\/image\/"},"sameAs":["https:\/\/www.facebook.com\/empathicwaypl\/"]}]}},"_links":{"self":[{"href":"https:\/\/www.empathicway.pl\/online\/wp-json\/wp\/v2\/product\/8037","targetHints":{"allow":["GET"]}}],"collection":[{"href":"https:\/\/www.empathicway.pl\/online\/wp-json\/wp\/v2\/product"}],"about":[{"href":"https:\/\/www.empathicway.pl\/online\/wp-json\/wp\/v2\/types\/product"}],"version-history":[{"count":4,"href":"https:\/\/www.empathicway.pl\/online\/wp-json\/wp\/v2\/product\/8037\/revisions"}],"predecessor-version":[{"id":8194,"href":"https:\/\/www.empathicway.pl\/online\/wp-json\/wp\/v2\/product\/8037\/revisions\/8194"}],"wp:featuredmedia":[{"embeddable":true,"href":"https:\/\/www.empathicway.pl\/online\/wp-json\/wp\/v2\/media\/8172"}],"wp:attachment":[{"href":"https:\/\/www.empathicway.pl\/online\/wp-json\/wp\/v2\/media?parent=8037"}],"wp:term":[{"taxonomy":"product_brand","embeddable":true,"href":"https:\/\/www.empathicway.pl\/online\/wp-json\/wp\/v2\/product_brand?post=8037"},{"taxonomy":"product_cat","embeddable":true,"href":"https:\/\/www.empathicway.pl\/online\/wp-json\/wp\/v2\/product_cat?post=8037"},{"taxonomy":"product_tag","embeddable":true,"href":"https:\/\/www.empathicway.pl\/online\/wp-json\/wp\/v2\/product_tag?post=8037"}],"curies":[{"name":"wp","href":"https:\/\/api.w.org\/{rel}","templated":true}]}}