{"id":8888,"date":"2025-04-02T19:24:57","date_gmt":"2025-04-02T17:24:57","guid":{"rendered":"https:\/\/www.empathicway.pl\/online\/?post_type=product&#038;p=8888"},"modified":"2025-07-19T15:01:57","modified_gmt":"2025-07-19T13:01:57","slug":"praktyka-nazywania-swoich-uczuc-interaktywny-webinar","status":"publish","type":"product","link":"https:\/\/www.empathicway.pl\/online\/produkt\/praktyka-nazywania-swoich-uczuc-interaktywny-webinar\/","title":{"rendered":"Praktyka nazywania swoich uczu\u0107 \u2013 nagranie webinaru"},"content":{"rendered":"<p>Wiesz, \u017ce co\u015b czujesz, ale trudno Ci znale\u017a\u0107 s\u0142owa, by te uczucia opisa\u0107?<\/p>\n<p>Szukasz sposob\u00f3w, by \u0142atwiej rozpoznawa\u0107 co si\u0119 w Tobie dzieje?<\/p>\n<p>Serdecznie zapraszam do obejrzenia <strong>webinaru<\/strong>, podczas kt\u00f3rego pokazuj\u0119 <strong>kilka narz\u0119dzi<\/strong>, kt\u00f3re wespr\u0105 Ci\u0119 w <strong>zwi\u0119kszaniu \u015bwiadomo\u015bci w\u0142asnych uczu\u0107<\/strong>. Przy okazji rozbudujesz te\u017c sw\u00f3j <strong>s\u0142ownik uczu\u0107<\/strong>, dzi\u0119ki czemu z wi\u0119ksz\u0105 precyzj\u0105 b\u0119dziesz w stanie m\u00f3wi\u0107 o tym, jak si\u0119 masz.<\/p>\n<p><strong>O webinarze<\/strong><\/p>\n<p>To nie jest klasyczny webinar, podczas kt\u00f3rego ja m\u00f3wi\u0119 a Ty s\u0142uchasz.<\/p>\n<p>Przedstawiam <strong>minimum teorii<\/strong>, prezentuj\u0119 r\u00f3\u017cne <strong>narz\u0119dzia<\/strong> a Ty wszystkie \u0107wiczenia robisz <strong>samodzielnie<\/strong> korzystaj\u0105c z do\u0142\u0105czonego <strong>zeszytu \u0107wicze\u0144<\/strong>.<\/p>\n<p><strong>Co otrzymujesz?<\/strong><\/p>\n<p>&#8211; Dost\u0119p do<strong> nagrania webinaru<\/strong> trwaj\u0105cego 58 minut, kt\u00f3ry odby\u0142 si\u0119 28 kwietnia 2025.<\/p>\n<p>&#8211; <strong>Zeszyt \u0107wicze\u0144<\/strong> z omawianymi narz\u0119dziami, w kt\u00f3rym mo\u017cesz robi\u0107 notatki.<\/p>\n<p>&#8211; PDF z <strong>prezentacj\u0105<\/strong>.<\/p>\n<p><strong>Bonus<\/strong><\/p>\n<p>Jako bonus otrzymujesz dost\u0119p do nagrania webinaru <strong>\u201eCzym s\u0105 uczucia i co nam daj\u0105?\u201d.<\/strong><\/p>\n<p>Podczas tego webinaru dog\u0142\u0119bnie omawiam czym s\u0105 <strong>uczucia<\/strong> i czym r\u00f3\u017cni\u0105 si\u0119 od tzw. <strong>uczu\u0107 rzekomych<\/strong>. Dowiesz si\u0119 tak\u017ce jak odczytywa\u0107 ich przes\u0142anie oraz czemu warto si\u0119 ze wszystkimi uczuciami zaprzyja\u017ani\u0107.<\/p>\n<p>Warto\u015b\u0107 bonusu to <strong>49 z\u0142<\/strong>.<\/p>\n<p>&nbsp;<\/p>\n<p><strong>Informacje praktyczne<\/strong><\/p>\n<ul>\n<li><strong>Czas trwania webinaru:<\/strong> 58 minut<\/li>\n<li><strong>Cena:<\/strong> 69 z\u0142<\/li>\n<li>Nagranie jest dost\u0119pne na <strong>platformie online<\/strong> Empathic Way. B\u0119dziesz mie\u0107 do niej dost\u0119p w dowolnym czasie i z dowolnego komputera\/telefonu minimum przez rok. Wymaga to posiadania konta na platformie (je\u015bli go nie masz, utworzy si\u0119 automatycznie przy sk\u0142adaniu zam\u00f3wienia) i <strong>zalogowania si\u0119<\/strong>.<\/li>\n<li>Po z\u0142o\u017ceniu zam\u00f3wienia, <strong>link do nagrania <\/strong>b\u0119dzie dost\u0119pny w mailu potwierdzaj\u0105cym oraz na stronie\u00a0<span style=\"color: #000000;\"><a href=\"https:\/\/www.empathicway.pl\/online\/moje-konto\/\"><strong>Moje konto<\/strong><\/a> po zalogowaniu si\u0119.<\/span><\/li>\n<li><strong>Nie ma mo\u017cliwo\u015bci pobrania<\/strong> wideo na sw\u00f3j komputer.<\/li>\n<\/ul>\n<p><strong>Kontakt<\/strong><\/p>\n<p>Je\u015bli masz pytania, napisz na <a href=\"mailto:kontakt@empathicway.pl\">kontakt@empathicway.pl<\/a><\/p>\n<p><strong>Prowadz\u0105ca:<\/strong><\/p>\n<p><strong><a href=\"https:\/\/www.empathicway.pl\/online\/wp-content\/uploads\/2018\/06\/Magdalena-Malinowska-Empathic-Way-Porozumienie-bez-Przemocy-NVC.jpg\"><img decoding=\"async\" class=\"wp-image-1487 alignleft\" src=\"https:\/\/www.empathicway.pl\/online\/wp-content\/uploads\/2018\/06\/Magdalena-Malinowska-Empathic-Way-Porozumienie-bez-Przemocy-NVC.jpg\" alt=\"Magdalena Malinowska-Berggren Empathic Way NVC online\" width=\"188\" height=\"188\" srcset=\"https:\/\/www.empathicway.pl\/online\/wp-content\/uploads\/2018\/06\/Magdalena-Malinowska-Empathic-Way-Porozumienie-bez-Przemocy-NVC.jpg 1259w, https:\/\/www.empathicway.pl\/online\/wp-content\/uploads\/2018\/06\/Magdalena-Malinowska-Empathic-Way-Porozumienie-bez-Przemocy-NVC-300x300.jpg 300w, https:\/\/www.empathicway.pl\/online\/wp-content\/uploads\/2018\/06\/Magdalena-Malinowska-Empathic-Way-Porozumienie-bez-Przemocy-NVC-100x100.jpg 100w, https:\/\/www.empathicway.pl\/online\/wp-content\/uploads\/2018\/06\/Magdalena-Malinowska-Empathic-Way-Porozumienie-bez-Przemocy-NVC-600x600.jpg 600w, https:\/\/www.empathicway.pl\/online\/wp-content\/uploads\/2018\/06\/Magdalena-Malinowska-Empathic-Way-Porozumienie-bez-Przemocy-NVC-150x150.jpg 150w, https:\/\/www.empathicway.pl\/online\/wp-content\/uploads\/2018\/06\/Magdalena-Malinowska-Empathic-Way-Porozumienie-bez-Przemocy-NVC-768x768.jpg 768w, https:\/\/www.empathicway.pl\/online\/wp-content\/uploads\/2018\/06\/Magdalena-Malinowska-Empathic-Way-Porozumienie-bez-Przemocy-NVC-1024x1024.jpg 1024w, https:\/\/www.empathicway.pl\/online\/wp-content\/uploads\/2018\/06\/Magdalena-Malinowska-Empathic-Way-Porozumienie-bez-Przemocy-NVC-800x800.jpg 800w\" sizes=\"(max-width: 188px) 100vw, 188px\" \/><\/a>Magdalena Malinowska-Berggren<\/strong><\/p>\n<p>Jestem certyfikowan\u0105 trenerk\u0105 Porozumienia bez Przemocy (certyfikat CNVC, USA). Wspieram w budowaniu satysfakcjonuj\u0105cego \u017cycia i dobrych relacji, prywatnych i zawodowych, poprzez szkolenia indywidualne i grupowe pog\u0142\u0119biaj\u0105ce umiej\u0119tno\u015b\u0107 skutecznej komunikacji. Inspiruj\u0119 do szczerego dawania informacji zwrotnych oraz otwarto\u015bci na perspektyw\u0119 innych os\u00f3b. Prowadz\u0119 firm\u0119\u00a0Empathic Way (www.empathicway.pl), w ramach kt\u00f3rej pomagam we wdra\u017caniu Porozumienia bez Przemocy (NVC) w firmach, organizacjach pozarz\u0105dowych oraz w relacjach z bliskimi. Wsp\u00f3\u0142tworz\u0119 tak\u017ce\u00a0Empathic Way Europe (www.empathiceurope.com), kt\u00f3re szerzy NVC po angielsku na ca\u0142ym \u015bwiecie.<\/p>\n<p>Pracuj\u0119 g\u0142\u00f3wnie z osobami, kt\u00f3re pragn\u0105 czerpa\u0107 rado\u015b\u0107 i spe\u0142nienie z autentycznych kontakt\u00f3w z innymi. Chc\u0105 do\u015bwiadcza\u0107 \u017cycia we wszelkich jego aspektach, nie boj\u0105 si\u0119 wyzwa\u0144 oraz maj\u0105 odwag\u0119 poznawa\u0107 siebie i innych.<\/p>\n<p>Je\u015bli jeste\u015b jedn\u0105 z takich os\u00f3b, to zapraszam na szkolenia, podczas kt\u00f3rych pomog\u0119 przeku\u0107 teori\u0119 w praktyk\u0119. Zach\u0119cam do ma\u0142ych krok\u00f3w, kt\u00f3rych ostatecznym rezultatem s\u0105 namacalne efekty.<\/p>\n<p>Strona: <a href=\"http:\/\/www.empathicway.pl\/\">www.empathicway.pl<\/a><\/p>\n","protected":false},"excerpt":{"rendered":"<p>Wiesz, \u017ce co\u015b czujesz, ale trudno Ci znale\u017a\u0107 s\u0142owa, by te uczucia opisa\u0107? Szukasz sposob\u00f3w, by \u0142atwiej rozpoznawa\u0107 co si\u0119 w Tobie dzieje? Serdecznie zapraszam&hellip;<\/p>\n","protected":false},"featured_media":9146,"template":"","meta":{"_monsterinsights_skip_tracking":false,"_monsterinsights_sitenote_active":false,"_monsterinsights_sitenote_note":"","_monsterinsights_sitenote_category":0},"product_brand":[],"product_cat":[92],"product_tag":[],"class_list":{"0":"post-8888","1":"product","2":"type-product","3":"status-publish","4":"has-post-thumbnail","6":"product_cat-webinary","8":"first","9":"instock","10":"downloadable","11":"virtual","12":"sold-individually","13":"purchasable","14":"product-type-simple"},"yoast_head":"<!-- This site is optimized with the Yoast SEO plugin v27.2 - https:\/\/yoast.com\/product\/yoast-seo-wordpress\/ -->\n<title>Praktyka nazywania swoich uczu\u0107 \u2013 nagranie webinaru - Empathic Way Online | Porozumienie bez Przemocy w praktyce<\/title>\n<meta name=\"description\" content=\"Wiesz, \u017ce co\u015b czujesz, ale trudno Ci znale\u017a\u0107 s\u0142owa, by te uczucia opisa\u0107? Praktyka nazywania swoich uczu\u0107 to co\u015b dla Ciebie. Zapraszam!\" \/>\n<meta name=\"robots\" content=\"index, follow, max-snippet:-1, max-image-preview:large, max-video-preview:-1\" \/>\n<link rel=\"canonical\" href=\"https:\/\/www.empathicway.pl\/online\/produkt\/praktyka-nazywania-swoich-uczuc-interaktywny-webinar\/\" \/>\n<meta property=\"og:locale\" content=\"pl_PL\" \/>\n<meta property=\"og:type\" content=\"article\" \/>\n<meta property=\"og:title\" content=\"Praktyka nazywania swoich uczu\u0107 \u2013 nagranie webinaru - Empathic Way Online | Porozumienie bez Przemocy w praktyce\" \/>\n<meta property=\"og:description\" content=\"Wiesz, \u017ce co\u015b czujesz, ale trudno Ci znale\u017a\u0107 s\u0142owa, by te uczucia opisa\u0107? Praktyka nazywania swoich uczu\u0107 to co\u015b dla Ciebie. Zapraszam!\" \/>\n<meta property=\"og:url\" content=\"https:\/\/www.empathicway.pl\/online\/produkt\/praktyka-nazywania-swoich-uczuc-interaktywny-webinar\/\" \/>\n<meta property=\"og:site_name\" content=\"Empathic Way Online | Porozumienie bez Przemocy w praktyce\" \/>\n<meta property=\"article:publisher\" content=\"https:\/\/www.facebook.com\/empathicwaypl\/\" \/>\n<meta property=\"article:modified_time\" content=\"2025-07-19T13:01:57+00:00\" \/>\n<meta property=\"og:image\" content=\"https:\/\/www.empathicway.pl\/online\/wp-content\/uploads\/2025\/04\/Praktyka-nazywania-swoich-uczuc-Webinar-interaktywny-nagranie.png\" \/>\n\t<meta property=\"og:image:width\" content=\"1080\" \/>\n\t<meta property=\"og:image:height\" content=\"1080\" \/>\n\t<meta property=\"og:image:type\" content=\"image\/png\" \/>\n<meta name=\"twitter:card\" content=\"summary_large_image\" \/>\n<meta name=\"twitter:label1\" content=\"Szacowany czas czytania\" \/>\n\t<meta name=\"twitter:data1\" content=\"3 minuty\" \/>\n<script type=\"application\/ld+json\" class=\"yoast-schema-graph\">{\"@context\":\"https:\/\/schema.org\",\"@graph\":[{\"@type\":\"WebPage\",\"@id\":\"https:\/\/www.empathicway.pl\/online\/produkt\/praktyka-nazywania-swoich-uczuc-interaktywny-webinar\/\",\"url\":\"https:\/\/www.empathicway.pl\/online\/produkt\/praktyka-nazywania-swoich-uczuc-interaktywny-webinar\/\",\"name\":\"Praktyka nazywania swoich uczu\u0107 \u2013 nagranie webinaru - Empathic Way Online | Porozumienie bez Przemocy w praktyce\",\"isPartOf\":{\"@id\":\"https:\/\/www.empathicway.pl\/online\/#website\"},\"primaryImageOfPage\":{\"@id\":\"https:\/\/www.empathicway.pl\/online\/produkt\/praktyka-nazywania-swoich-uczuc-interaktywny-webinar\/#primaryimage\"},\"image\":{\"@id\":\"https:\/\/www.empathicway.pl\/online\/produkt\/praktyka-nazywania-swoich-uczuc-interaktywny-webinar\/#primaryimage\"},\"thumbnailUrl\":\"https:\/\/www.empathicway.pl\/online\/wp-content\/uploads\/2025\/04\/Praktyka-nazywania-swoich-uczuc-Webinar-interaktywny-nagranie.png\",\"datePublished\":\"2025-04-02T17:24:57+00:00\",\"dateModified\":\"2025-07-19T13:01:57+00:00\",\"description\":\"Wiesz, \u017ce co\u015b czujesz, ale trudno Ci znale\u017a\u0107 s\u0142owa, by te uczucia opisa\u0107? Praktyka nazywania swoich uczu\u0107 to co\u015b dla Ciebie. Zapraszam!\",\"breadcrumb\":{\"@id\":\"https:\/\/www.empathicway.pl\/online\/produkt\/praktyka-nazywania-swoich-uczuc-interaktywny-webinar\/#breadcrumb\"},\"inLanguage\":\"pl-PL\",\"potentialAction\":[{\"@type\":\"ReadAction\",\"target\":[\"https:\/\/www.empathicway.pl\/online\/produkt\/praktyka-nazywania-swoich-uczuc-interaktywny-webinar\/\"]}]},{\"@type\":\"ImageObject\",\"inLanguage\":\"pl-PL\",\"@id\":\"https:\/\/www.empathicway.pl\/online\/produkt\/praktyka-nazywania-swoich-uczuc-interaktywny-webinar\/#primaryimage\",\"url\":\"https:\/\/www.empathicway.pl\/online\/wp-content\/uploads\/2025\/04\/Praktyka-nazywania-swoich-uczuc-Webinar-interaktywny-nagranie.png\",\"contentUrl\":\"https:\/\/www.empathicway.pl\/online\/wp-content\/uploads\/2025\/04\/Praktyka-nazywania-swoich-uczuc-Webinar-interaktywny-nagranie.png\",\"width\":1080,\"height\":1080,\"caption\":\"Praktyka nazywania swoich uczu\u0107 \u2013 interaktywny webinar NVC\"},{\"@type\":\"BreadcrumbList\",\"@id\":\"https:\/\/www.empathicway.pl\/online\/produkt\/praktyka-nazywania-swoich-uczuc-interaktywny-webinar\/#breadcrumb\",\"itemListElement\":[{\"@type\":\"ListItem\",\"position\":1,\"name\":\"Strona g\u0142\u00f3wna\",\"item\":\"https:\/\/www.empathicway.pl\/online\/\"},{\"@type\":\"ListItem\",\"position\":2,\"name\":\"Sklep\",\"item\":\"https:\/\/www.empathicway.pl\/online\/sklep\/\"},{\"@type\":\"ListItem\",\"position\":3,\"name\":\"Praktyka nazywania swoich uczu\u0107 \u2013 nagranie webinaru\"}]},{\"@type\":\"WebSite\",\"@id\":\"https:\/\/www.empathicway.pl\/online\/#website\",\"url\":\"https:\/\/www.empathicway.pl\/online\/\",\"name\":\"Empathic Way Online | Komunikacja empatyczna krok po kroku\",\"description\":\"Platforma szkoleniowa Empathic Way\",\"publisher\":{\"@id\":\"https:\/\/www.empathicway.pl\/online\/#organization\"},\"potentialAction\":[{\"@type\":\"SearchAction\",\"target\":{\"@type\":\"EntryPoint\",\"urlTemplate\":\"https:\/\/www.empathicway.pl\/online\/?s={search_term_string}\"},\"query-input\":{\"@type\":\"PropertyValueSpecification\",\"valueRequired\":true,\"valueName\":\"search_term_string\"}}],\"inLanguage\":\"pl-PL\"},{\"@type\":\"Organization\",\"@id\":\"https:\/\/www.empathicway.pl\/online\/#organization\",\"name\":\"Empathic Way\",\"url\":\"https:\/\/www.empathicway.pl\/online\/\",\"logo\":{\"@type\":\"ImageObject\",\"inLanguage\":\"pl-PL\",\"@id\":\"https:\/\/www.empathicway.pl\/online\/#\/schema\/logo\/image\/\",\"url\":\"https:\/\/www.empathicway.pl\/online\/wp-content\/uploads\/2017\/10\/Empathic-Way-Online-logo-www.png\",\"contentUrl\":\"https:\/\/www.empathicway.pl\/online\/wp-content\/uploads\/2017\/10\/Empathic-Way-Online-logo-www.png\",\"width\":2892,\"height\":657,\"caption\":\"Empathic Way\"},\"image\":{\"@id\":\"https:\/\/www.empathicway.pl\/online\/#\/schema\/logo\/image\/\"},\"sameAs\":[\"https:\/\/www.facebook.com\/empathicwaypl\/\"]}]}<\/script>\n<!-- \/ Yoast SEO plugin. -->","yoast_head_json":{"title":"Praktyka nazywania swoich uczu\u0107 \u2013 nagranie webinaru - Empathic Way Online | Porozumienie bez Przemocy w praktyce","description":"Wiesz, \u017ce co\u015b czujesz, ale trudno Ci znale\u017a\u0107 s\u0142owa, by te uczucia opisa\u0107? Praktyka nazywania swoich uczu\u0107 to co\u015b dla Ciebie. Zapraszam!","robots":{"index":"index","follow":"follow","max-snippet":"max-snippet:-1","max-image-preview":"max-image-preview:large","max-video-preview":"max-video-preview:-1"},"canonical":"https:\/\/www.empathicway.pl\/online\/produkt\/praktyka-nazywania-swoich-uczuc-interaktywny-webinar\/","og_locale":"pl_PL","og_type":"article","og_title":"Praktyka nazywania swoich uczu\u0107 \u2013 nagranie webinaru - Empathic Way Online | Porozumienie bez Przemocy w praktyce","og_description":"Wiesz, \u017ce co\u015b czujesz, ale trudno Ci znale\u017a\u0107 s\u0142owa, by te uczucia opisa\u0107? Praktyka nazywania swoich uczu\u0107 to co\u015b dla Ciebie. Zapraszam!","og_url":"https:\/\/www.empathicway.pl\/online\/produkt\/praktyka-nazywania-swoich-uczuc-interaktywny-webinar\/","og_site_name":"Empathic Way Online | Porozumienie bez Przemocy w praktyce","article_publisher":"https:\/\/www.facebook.com\/empathicwaypl\/","article_modified_time":"2025-07-19T13:01:57+00:00","og_image":[{"width":1080,"height":1080,"url":"https:\/\/www.empathicway.pl\/online\/wp-content\/uploads\/2025\/04\/Praktyka-nazywania-swoich-uczuc-Webinar-interaktywny-nagranie.png","type":"image\/png"}],"twitter_card":"summary_large_image","twitter_misc":{"Szacowany czas czytania":"3 minuty"},"schema":{"@context":"https:\/\/schema.org","@graph":[{"@type":"WebPage","@id":"https:\/\/www.empathicway.pl\/online\/produkt\/praktyka-nazywania-swoich-uczuc-interaktywny-webinar\/","url":"https:\/\/www.empathicway.pl\/online\/produkt\/praktyka-nazywania-swoich-uczuc-interaktywny-webinar\/","name":"Praktyka nazywania swoich uczu\u0107 \u2013 nagranie webinaru - Empathic Way Online | Porozumienie bez Przemocy w praktyce","isPartOf":{"@id":"https:\/\/www.empathicway.pl\/online\/#website"},"primaryImageOfPage":{"@id":"https:\/\/www.empathicway.pl\/online\/produkt\/praktyka-nazywania-swoich-uczuc-interaktywny-webinar\/#primaryimage"},"image":{"@id":"https:\/\/www.empathicway.pl\/online\/produkt\/praktyka-nazywania-swoich-uczuc-interaktywny-webinar\/#primaryimage"},"thumbnailUrl":"https:\/\/www.empathicway.pl\/online\/wp-content\/uploads\/2025\/04\/Praktyka-nazywania-swoich-uczuc-Webinar-interaktywny-nagranie.png","datePublished":"2025-04-02T17:24:57+00:00","dateModified":"2025-07-19T13:01:57+00:00","description":"Wiesz, \u017ce co\u015b czujesz, ale trudno Ci znale\u017a\u0107 s\u0142owa, by te uczucia opisa\u0107? Praktyka nazywania swoich uczu\u0107 to co\u015b dla Ciebie. Zapraszam!","breadcrumb":{"@id":"https:\/\/www.empathicway.pl\/online\/produkt\/praktyka-nazywania-swoich-uczuc-interaktywny-webinar\/#breadcrumb"},"inLanguage":"pl-PL","potentialAction":[{"@type":"ReadAction","target":["https:\/\/www.empathicway.pl\/online\/produkt\/praktyka-nazywania-swoich-uczuc-interaktywny-webinar\/"]}]},{"@type":"ImageObject","inLanguage":"pl-PL","@id":"https:\/\/www.empathicway.pl\/online\/produkt\/praktyka-nazywania-swoich-uczuc-interaktywny-webinar\/#primaryimage","url":"https:\/\/www.empathicway.pl\/online\/wp-content\/uploads\/2025\/04\/Praktyka-nazywania-swoich-uczuc-Webinar-interaktywny-nagranie.png","contentUrl":"https:\/\/www.empathicway.pl\/online\/wp-content\/uploads\/2025\/04\/Praktyka-nazywania-swoich-uczuc-Webinar-interaktywny-nagranie.png","width":1080,"height":1080,"caption":"Praktyka nazywania swoich uczu\u0107 \u2013 interaktywny webinar NVC"},{"@type":"BreadcrumbList","@id":"https:\/\/www.empathicway.pl\/online\/produkt\/praktyka-nazywania-swoich-uczuc-interaktywny-webinar\/#breadcrumb","itemListElement":[{"@type":"ListItem","position":1,"name":"Strona g\u0142\u00f3wna","item":"https:\/\/www.empathicway.pl\/online\/"},{"@type":"ListItem","position":2,"name":"Sklep","item":"https:\/\/www.empathicway.pl\/online\/sklep\/"},{"@type":"ListItem","position":3,"name":"Praktyka nazywania swoich uczu\u0107 \u2013 nagranie webinaru"}]},{"@type":"WebSite","@id":"https:\/\/www.empathicway.pl\/online\/#website","url":"https:\/\/www.empathicway.pl\/online\/","name":"Empathic Way Online | Komunikacja empatyczna krok po kroku","description":"Platforma szkoleniowa Empathic Way","publisher":{"@id":"https:\/\/www.empathicway.pl\/online\/#organization"},"potentialAction":[{"@type":"SearchAction","target":{"@type":"EntryPoint","urlTemplate":"https:\/\/www.empathicway.pl\/online\/?s={search_term_string}"},"query-input":{"@type":"PropertyValueSpecification","valueRequired":true,"valueName":"search_term_string"}}],"inLanguage":"pl-PL"},{"@type":"Organization","@id":"https:\/\/www.empathicway.pl\/online\/#organization","name":"Empathic Way","url":"https:\/\/www.empathicway.pl\/online\/","logo":{"@type":"ImageObject","inLanguage":"pl-PL","@id":"https:\/\/www.empathicway.pl\/online\/#\/schema\/logo\/image\/","url":"https:\/\/www.empathicway.pl\/online\/wp-content\/uploads\/2017\/10\/Empathic-Way-Online-logo-www.png","contentUrl":"https:\/\/www.empathicway.pl\/online\/wp-content\/uploads\/2017\/10\/Empathic-Way-Online-logo-www.png","width":2892,"height":657,"caption":"Empathic Way"},"image":{"@id":"https:\/\/www.empathicway.pl\/online\/#\/schema\/logo\/image\/"},"sameAs":["https:\/\/www.facebook.com\/empathicwaypl\/"]}]}},"_links":{"self":[{"href":"https:\/\/www.empathicway.pl\/online\/wp-json\/wp\/v2\/product\/8888","targetHints":{"allow":["GET"]}}],"collection":[{"href":"https:\/\/www.empathicway.pl\/online\/wp-json\/wp\/v2\/product"}],"about":[{"href":"https:\/\/www.empathicway.pl\/online\/wp-json\/wp\/v2\/types\/product"}],"version-history":[{"count":5,"href":"https:\/\/www.empathicway.pl\/online\/wp-json\/wp\/v2\/product\/8888\/revisions"}],"predecessor-version":[{"id":9148,"href":"https:\/\/www.empathicway.pl\/online\/wp-json\/wp\/v2\/product\/8888\/revisions\/9148"}],"wp:featuredmedia":[{"embeddable":true,"href":"https:\/\/www.empathicway.pl\/online\/wp-json\/wp\/v2\/media\/9146"}],"wp:attachment":[{"href":"https:\/\/www.empathicway.pl\/online\/wp-json\/wp\/v2\/media?parent=8888"}],"wp:term":[{"taxonomy":"product_brand","embeddable":true,"href":"https:\/\/www.empathicway.pl\/online\/wp-json\/wp\/v2\/product_brand?post=8888"},{"taxonomy":"product_cat","embeddable":true,"href":"https:\/\/www.empathicway.pl\/online\/wp-json\/wp\/v2\/product_cat?post=8888"},{"taxonomy":"product_tag","embeddable":true,"href":"https:\/\/www.empathicway.pl\/online\/wp-json\/wp\/v2\/product_tag?post=8888"}],"curies":[{"name":"wp","href":"https:\/\/api.w.org\/{rel}","templated":true}]}}