{"id":9629,"date":"2026-04-16T14:32:15","date_gmt":"2026-04-16T12:32:15","guid":{"rendered":"https:\/\/www.empathicway.pl\/online\/?post_type=product&#038;p=9629"},"modified":"2026-04-16T16:11:10","modified_gmt":"2026-04-16T14:11:10","slug":"mniej-ocen-wiecej-kontaktu-spotkanie-z-lukaszem-bielinskim","status":"publish","type":"product","link":"https:\/\/www.empathicway.pl\/online\/produkt\/mniej-ocen-wiecej-kontaktu-spotkanie-z-lukaszem-bielinskim\/","title":{"rendered":"Mniej ocen, wi\u0119cej kontaktu &#8211; spotkanie z \u0141ukaszem Bieli\u0144skim"},"content":{"rendered":"<p><span style=\"font-weight: 400;\">W rozmowie z certyfikowanym trenerem NVC, \u0141ukaszem Bieli\u0144skim, przyjrzymy si\u0119 jednemu z kluczowych rozr\u00f3\u017cnie\u0144 NVC, jakim s\u0105 Obserwacje vs Interpretacje.<\/span><\/p>\n<p><span style=\"font-weight: 400;\">Podczas rozmowy poruszymy nast\u0119puj\u0105ce tematy:<\/span><\/p>\n<ol>\n<li style=\"font-weight: 400;\" aria-level=\"1\"><span style=\"font-weight: 400;\">Czy umiej\u0119tno\u015b\u0107 odr\u00f3\u017cniania obserwacji od interpretacji mo\u017ce nas wspiera\u0107 w unikaniu pu\u0142apek my\u015blenia?<\/span><\/li>\n<li style=\"font-weight: 400;\" aria-level=\"1\"><span style=\"font-weight: 400;\">Jak trening odr\u00f3\u017cniania obserwacji od interpretacji mo\u017ce pom\u00f3c zwi\u0119ksza\u0107 elastyczno\u015b\u0107 psychologiczn\u0105, empati\u0119 oraz regulowa\u0107 emocje?\u00a0<\/span><\/li>\n<li style=\"font-weight: 400;\" aria-level=\"1\"><span style=\"font-weight: 400;\">Dlaczego w\u0142\u0105czenie j\u0119zyka obserwacji do swojej codziennej komunikacji mo\u017ce zmniejszy\u0107 szanse na nieporozumienia oraz eskalacj\u0119 konflikt\u00f3w z innymi lud\u017ami?<\/span><\/li>\n<li style=\"font-weight: 400;\" aria-level=\"1\"><span style=\"font-weight: 400;\">Jak praktykowa\u0107 umiej\u0119tno\u015b\u0107 odr\u00f3\u017cniania obserwacji od interpretacji?\u00a0<\/span><\/li>\n<\/ol>\n<p>&nbsp;<\/p>\n<h4><strong>Informacje praktyczne<\/strong><\/h4>\n<ul>\n<li><strong>Kiedy: 24 kwietnia 2026 o godzinie 10:00<\/strong><\/li>\n<li><strong>Koszt:<\/strong> Webinar organizowany jest dla subskrybent\u00f3w Portalu Empathic Way. Je\u015bli nie ma Ci\u0119 jeszcze w Portalu, a chcesz wzi\u0105\u0107 w nim udzia\u0142, wykup miesi\u0119czn\u0105 subskrypcj\u0119, kt\u00f3ra kosztuje w tej chwili 77 z\u0142 (mo\u017cesz skorzysta\u0107 z okresu pr\u00f3bnego &#8211; <strong>14 dni za 14 z\u0142<\/strong>). Szczeg\u00f3\u0142y: <a href=\"https:\/\/portal.empathicway.pl\/next\/public\/catalog\/product\/platforma-subskrypcyjna-nvc\"><strong>https:\/\/portal.empathicway.pl\/next\/public\/catalog\/product\/platforma-subskrypcyjna-nvc<\/strong><\/a><\/li>\n<li><strong>Jak:<\/strong>\u00a0Spotkamy si\u0119 przy u\u017cyciu aplikacji ZOOM, kt\u00f3ra umo\u017cliwia wszystkim uczestnikom widzenie si\u0119 i s\u0142yszenie. Aby wzi\u0105\u0107 udzia\u0142, potrzebny Ci b\u0119dzie komputer\/smartfon z dost\u0119pem do internetu, kamer\u0105 i mikrofonem. Przygotuj sobie r\u00f3wnie\u017c co\u015b do pisania. Link do spotkania oraz instrukcj\u0119, jak do niego do\u0142\u0105czy\u0107, otrzymasz po zapisaniu si\u0119 na ten webinar (sprawd\u017a SPAM i folder OFERTY!).<\/li>\n<li><strong>Nagrywanie:<\/strong> To spotkanie b\u0119dzie nagrywane i udost\u0119pnione wy\u0142\u0105cznie osobom, kt\u00f3re maj\u0105 wykupiony dost\u0119p do Portalu Empathic Way. Je\u015bli nie chcesz by\u0107 na nagraniu, miej wy\u0142\u0105czon\u0105 kamer\u0119 i mikrofon przez ca\u0142y czas trwania webinaru. Jednocze\u015bnie bardzo zach\u0119camy do zadawania pyta\u0144 i dzielenia si\u0119 swoimi refleksjami. To spotkanie jest dla Ciebie!<\/li>\n<li><strong>Zapisy: <a href=\"https:\/\/portal.empathicway.pl\/next\/public\/catalog\/product\/platforma-subskrypcyjna-nvc\">https:\/\/portal.empathicway.pl\/next\/public\/catalog\/product\/platforma-subskrypcyjna-nvc<\/a><\/strong><\/li>\n<\/ul>\n<h4><\/h4>\n<h4><strong><span class=\"html-span xexx8yu xyri2b x18d9i69 x1c1uobl x1hl2dhg x16tdsg8 x1vvkbs x3nfvp2 x1j61x8r x1fcty0u xdj266r xat24cr xm2jcoa x1mpyi22 xxymvpz xlup9mm x1kky2od\"><img decoding=\"async\" class=\"xz74otr x15mokao x1ga7v0g x16uus16 xbiv7yw\" src=\"https:\/\/static.xx.fbcdn.net\/images\/emoji.php\/v9\/t92\/2\/16\/1f539.png\" alt=\"\ud83d\udd39\" width=\"16\" height=\"16\" \/> <\/span>Go\u015b\u0107:<\/strong><\/h4>\n<div>\n<div class=\"author\">\n<p><b>\u0141ukasz Bieli\u0144ski<\/b><\/p>\n<p><span style=\"font-weight: 400;\">Certyfikowany trener NVC, Certyfikowany Trener Biznesu\u00a0<\/span><span style=\"font-weight: 400;\">SET, Dyplomowany Coach (SWPS), Wyk\u0142adowca na studiach\u00a0<\/span><span style=\"font-weight: 400;\">podyplomowych z NVC na Uniwersytecie Vizja, Mediator.<\/span><\/p>\n<p><span style=\"font-weight: 400;\">Uko\u0144czy\u0142 ponad 2000 h szkole\u0144 z zakresu sprzeda\u017cy, wywierania wp\u0142ywu, psychologii relacji, pracy z emocjami, skutecznej komunikacji, NLP, pracy ze stresem, rozwi\u0105zywania konflikt\u00f3w wewn\u0119trznych, efektywno\u015bci osobistej, wyst\u0105pie\u0144 publicznych, prowadzenia szkole\u0144. Od ponad 10 lat praktykuje Nonviolent Communication (NVC).<\/span><\/p>\n<p><span style=\"font-weight: 400;\">Praktyk sprzeda\u017cy od 12.2006 \u2013 bran\u017ce ubezpieczeniowa,\u00a0<\/span><span style=\"font-weight: 400;\">telekomunikacyjna i szkoleniowa.<\/span><\/p>\n<p><span style=\"font-weight: 400;\">Uko\u0144czy\u0142 studia podyplomowe Coaching i Mentoring na Wy\u017cszej Szkole Psychologii Spo\u0142ecznej w Warszawie.<\/span><\/p>\n<p><span style=\"font-weight: 400;\">Uko\u0144czy\u0142 studia magisterskie Zarz\u0105dzanie i Marketing na Akademii Leona Ko\u017ami\u0144skiego w Warszawie &#8211; specjalizacja Zarz\u0105dzanie Strategiczne.<\/span><\/p>\n<p><span style=\"font-weight: 400;\">Obecnie studiuje Psychologi\u0119 na Uniwersytecie Vizja.<\/span><\/p>\n<p><span style=\"font-weight: 400;\">Prowadzi szkolenia od 2009 roku.<\/span><\/p>\n<p><span style=\"font-weight: 400;\">Prowadzi\u0142 szkolenia i warsztaty m.in. dla Paramount, Polsat, OCHNIK, PZU \u017bycie, ING Finanse, Generali, PrudenYal, Bank BPS w Stalowej Woli, Glaxo Smith Kline, AVON, PWN, Wydawnictwo NOWA ERA, NIKON, Toyota, Codilime, MAKRO, Cardif, Innogy, BUDIMEX, CK Investments.<\/span><\/p>\n<p><span style=\"font-weight: 400;\">Prowadzi\u0142 wyst\u0105pienia i prezentacje na: Uniwersytet SWPS w Warszawie, Politechnika Warszawska, Akademia Leona Ko\u017ami\u0144skiego, Uczelnia \u0141azarskiego, Uniwersytet Warszawski, Uniwersytet Wroc\u0142awski, Akademia Finans\u00f3w i Biznesu Vistula.<\/span><\/p>\n<p><span style=\"font-weight: 400;\">Pracuje podczas sesji indywidualnych z przedsi\u0119biorcami, inwestorami, kadr\u0105 zarz\u0105dzaj\u0105c\u0105 nad ich efektywno\u015bci\u0105 osobist\u0105, emocjami, konfliktami wewn\u0119trznymi i skuteczn\u0105 komunikacj\u0105.<\/span><\/p>\n<p><span style=\"font-weight: 400;\">Jego strona internetowa: <\/span><a href=\"https:\/\/lukaszbielinski.com\/\"><span style=\"font-weight: 400;\">https:\/\/lukaszbielinski.com\/<\/span><\/a><\/p>\n<\/div>\n<h4 class=\"x14z9mp xat24cr x1lziwak x1vvkbs xtlvy1s\"><strong><span class=\"html-span xexx8yu xyri2b x18d9i69 x1c1uobl x1hl2dhg x16tdsg8 x1vvkbs x3nfvp2 x1j61x8r x1fcty0u xdj266r xat24cr xm2jcoa x1mpyi22 xxymvpz xlup9mm x1kky2od\"><img decoding=\"async\" class=\"xz74otr x15mokao x1ga7v0g x16uus16 xbiv7yw\" src=\"https:\/\/static.xx.fbcdn.net\/images\/emoji.php\/v9\/t92\/2\/16\/1f539.png\" alt=\"\ud83d\udd39\" width=\"16\" height=\"16\" \/> <\/span>Prowadz\u0105ca:<\/strong><\/h4>\n<div class=\"x14z9mp xat24cr x1lziwak x1vvkbs xtlvy1s\">\n<p><span style=\"font-weight: 400;\"><strong>Paulina Orbitowska-Fernandez<\/strong> \u2013 Towarzysz\u0119 osobom indywidualnym, parom, rodzinom, zespo\u0142om, liderkom i liderom w budowaniu relacji opartych na empatii, dialogu i porozumieniu. Prowadz\u0119 warsztaty, team coaching, sesje indywidualne. Pracuj\u0119 jako trenerka, coach\u2019ka i mentorka, mediatorka NVC, analityczka MindSonar, praktyczka Resonant Healing, nauczycielka akademicka. Wspieram r\u00f3\u017cne \u015brodowiska, w tym edukacyjne, biznesowe, medyczne, NGO\u2019sy, instytucje publiczne. Pracuj\u0119 po polsku, angielsku i hiszpa\u0144sku.<\/span><\/p>\n<\/div>\n<\/div>\n","protected":false},"excerpt":{"rendered":"<p>W rozmowie z certyfikowanym trenerem NVC, \u0141ukaszem Bieli\u0144skim, przyjrzymy si\u0119 jednemu z kluczowych rozr\u00f3\u017cnie\u0144 NVC, jakim s\u0105 Obserwacje vs Interpretacje. Podczas rozmowy poruszymy nast\u0119puj\u0105ce tematy:&hellip;<\/p>\n","protected":false},"featured_media":9630,"template":"","meta":{"_monsterinsights_skip_tracking":false,"_monsterinsights_sitenote_active":false,"_monsterinsights_sitenote_note":"","_monsterinsights_sitenote_category":0},"product_brand":[],"product_cat":[92],"product_tag":[],"class_list":{"0":"post-9629","1":"product","2":"type-product","3":"status-publish","4":"has-post-thumbnail","6":"product_cat-webinary","8":"first","9":"instock","10":"shipping-taxable","11":"product-type-external"},"yoast_head":"<!-- This site is optimized with the Yoast SEO plugin v27.2 - https:\/\/yoast.com\/product\/yoast-seo-wordpress\/ -->\n<title>Mniej ocen, wi\u0119cej kontaktu - spotkanie z \u0141ukaszem Bieli\u0144skim - Empathic Way Online | Porozumienie bez Przemocy w praktyce<\/title>\n<meta name=\"description\" content=\"Mniej ocen, wi\u0119cej kontaktu- spotkanie z \u0141ukaszem Bieli\u0144skim\" \/>\n<meta name=\"robots\" content=\"index, follow, max-snippet:-1, max-image-preview:large, max-video-preview:-1\" \/>\n<link rel=\"canonical\" href=\"https:\/\/www.empathicway.pl\/online\/produkt\/mniej-ocen-wiecej-kontaktu-spotkanie-z-lukaszem-bielinskim\/\" \/>\n<meta property=\"og:locale\" content=\"pl_PL\" \/>\n<meta property=\"og:type\" content=\"article\" \/>\n<meta property=\"og:title\" content=\"Mniej ocen, wi\u0119cej kontaktu - spotkanie z \u0141ukaszem Bieli\u0144skim - Empathic Way Online | Porozumienie bez Przemocy w praktyce\" \/>\n<meta property=\"og:description\" content=\"Mniej ocen, wi\u0119cej kontaktu- spotkanie z \u0141ukaszem Bieli\u0144skim\" \/>\n<meta property=\"og:url\" content=\"https:\/\/www.empathicway.pl\/online\/produkt\/mniej-ocen-wiecej-kontaktu-spotkanie-z-lukaszem-bielinskim\/\" \/>\n<meta property=\"og:site_name\" content=\"Empathic Way Online | Porozumienie bez Przemocy w praktyce\" \/>\n<meta property=\"article:publisher\" content=\"https:\/\/www.facebook.com\/empathicwaypl\/\" \/>\n<meta property=\"article:modified_time\" content=\"2026-04-16T14:11:10+00:00\" \/>\n<meta property=\"og:image\" content=\"https:\/\/www.empathicway.pl\/online\/wp-content\/uploads\/2026\/04\/Mniej-ocen-wiecej-kontaktu-spotkanie-z-Lukaszem-Bielinskim-w-Portalu-Empathic-Way.png\" \/>\n\t<meta property=\"og:image:width\" content=\"1200\" \/>\n\t<meta property=\"og:image:height\" content=\"1200\" \/>\n\t<meta property=\"og:image:type\" content=\"image\/png\" \/>\n<meta name=\"twitter:card\" content=\"summary_large_image\" \/>\n<meta name=\"twitter:label1\" content=\"Szacowany czas czytania\" \/>\n\t<meta name=\"twitter:data1\" content=\"4 minuty\" \/>\n<script type=\"application\/ld+json\" class=\"yoast-schema-graph\">{\"@context\":\"https:\/\/schema.org\",\"@graph\":[{\"@type\":\"WebPage\",\"@id\":\"https:\/\/www.empathicway.pl\/online\/produkt\/mniej-ocen-wiecej-kontaktu-spotkanie-z-lukaszem-bielinskim\/\",\"url\":\"https:\/\/www.empathicway.pl\/online\/produkt\/mniej-ocen-wiecej-kontaktu-spotkanie-z-lukaszem-bielinskim\/\",\"name\":\"Mniej ocen, wi\u0119cej kontaktu - spotkanie z \u0141ukaszem Bieli\u0144skim - Empathic Way Online | Porozumienie bez Przemocy w praktyce\",\"isPartOf\":{\"@id\":\"https:\/\/www.empathicway.pl\/online\/#website\"},\"primaryImageOfPage\":{\"@id\":\"https:\/\/www.empathicway.pl\/online\/produkt\/mniej-ocen-wiecej-kontaktu-spotkanie-z-lukaszem-bielinskim\/#primaryimage\"},\"image\":{\"@id\":\"https:\/\/www.empathicway.pl\/online\/produkt\/mniej-ocen-wiecej-kontaktu-spotkanie-z-lukaszem-bielinskim\/#primaryimage\"},\"thumbnailUrl\":\"https:\/\/www.empathicway.pl\/online\/wp-content\/uploads\/2026\/04\/Mniej-ocen-wiecej-kontaktu-spotkanie-z-Lukaszem-Bielinskim-w-Portalu-Empathic-Way.png\",\"datePublished\":\"2026-04-16T12:32:15+00:00\",\"dateModified\":\"2026-04-16T14:11:10+00:00\",\"description\":\"Mniej ocen, wi\u0119cej kontaktu- spotkanie z \u0141ukaszem Bieli\u0144skim\",\"breadcrumb\":{\"@id\":\"https:\/\/www.empathicway.pl\/online\/produkt\/mniej-ocen-wiecej-kontaktu-spotkanie-z-lukaszem-bielinskim\/#breadcrumb\"},\"inLanguage\":\"pl-PL\",\"potentialAction\":[{\"@type\":\"ReadAction\",\"target\":[\"https:\/\/www.empathicway.pl\/online\/produkt\/mniej-ocen-wiecej-kontaktu-spotkanie-z-lukaszem-bielinskim\/\"]}]},{\"@type\":\"ImageObject\",\"inLanguage\":\"pl-PL\",\"@id\":\"https:\/\/www.empathicway.pl\/online\/produkt\/mniej-ocen-wiecej-kontaktu-spotkanie-z-lukaszem-bielinskim\/#primaryimage\",\"url\":\"https:\/\/www.empathicway.pl\/online\/wp-content\/uploads\/2026\/04\/Mniej-ocen-wiecej-kontaktu-spotkanie-z-Lukaszem-Bielinskim-w-Portalu-Empathic-Way.png\",\"contentUrl\":\"https:\/\/www.empathicway.pl\/online\/wp-content\/uploads\/2026\/04\/Mniej-ocen-wiecej-kontaktu-spotkanie-z-Lukaszem-Bielinskim-w-Portalu-Empathic-Way.png\",\"width\":1200,\"height\":1200,\"caption\":\"Mniej ocen, wi\u0119cej kontaktu - spotkanie z \u0141ukaszem Bieli\u0144skim\"},{\"@type\":\"BreadcrumbList\",\"@id\":\"https:\/\/www.empathicway.pl\/online\/produkt\/mniej-ocen-wiecej-kontaktu-spotkanie-z-lukaszem-bielinskim\/#breadcrumb\",\"itemListElement\":[{\"@type\":\"ListItem\",\"position\":1,\"name\":\"Strona g\u0142\u00f3wna\",\"item\":\"https:\/\/www.empathicway.pl\/online\/\"},{\"@type\":\"ListItem\",\"position\":2,\"name\":\"Sklep\",\"item\":\"https:\/\/www.empathicway.pl\/online\/sklep\/\"},{\"@type\":\"ListItem\",\"position\":3,\"name\":\"Mniej ocen, wi\u0119cej kontaktu &#8211; spotkanie z \u0141ukaszem Bieli\u0144skim\"}]},{\"@type\":\"WebSite\",\"@id\":\"https:\/\/www.empathicway.pl\/online\/#website\",\"url\":\"https:\/\/www.empathicway.pl\/online\/\",\"name\":\"Empathic Way Online | Komunikacja empatyczna krok po kroku\",\"description\":\"Platforma szkoleniowa Empathic Way\",\"publisher\":{\"@id\":\"https:\/\/www.empathicway.pl\/online\/#organization\"},\"potentialAction\":[{\"@type\":\"SearchAction\",\"target\":{\"@type\":\"EntryPoint\",\"urlTemplate\":\"https:\/\/www.empathicway.pl\/online\/?s={search_term_string}\"},\"query-input\":{\"@type\":\"PropertyValueSpecification\",\"valueRequired\":true,\"valueName\":\"search_term_string\"}}],\"inLanguage\":\"pl-PL\"},{\"@type\":\"Organization\",\"@id\":\"https:\/\/www.empathicway.pl\/online\/#organization\",\"name\":\"Empathic Way\",\"url\":\"https:\/\/www.empathicway.pl\/online\/\",\"logo\":{\"@type\":\"ImageObject\",\"inLanguage\":\"pl-PL\",\"@id\":\"https:\/\/www.empathicway.pl\/online\/#\/schema\/logo\/image\/\",\"url\":\"https:\/\/www.empathicway.pl\/online\/wp-content\/uploads\/2017\/10\/Empathic-Way-Online-logo-www.png\",\"contentUrl\":\"https:\/\/www.empathicway.pl\/online\/wp-content\/uploads\/2017\/10\/Empathic-Way-Online-logo-www.png\",\"width\":2892,\"height\":657,\"caption\":\"Empathic Way\"},\"image\":{\"@id\":\"https:\/\/www.empathicway.pl\/online\/#\/schema\/logo\/image\/\"},\"sameAs\":[\"https:\/\/www.facebook.com\/empathicwaypl\/\"]}]}<\/script>\n<!-- \/ Yoast SEO plugin. -->","yoast_head_json":{"title":"Mniej ocen, wi\u0119cej kontaktu - spotkanie z \u0141ukaszem Bieli\u0144skim - Empathic Way Online | Porozumienie bez Przemocy w praktyce","description":"Mniej ocen, wi\u0119cej kontaktu- spotkanie z \u0141ukaszem Bieli\u0144skim","robots":{"index":"index","follow":"follow","max-snippet":"max-snippet:-1","max-image-preview":"max-image-preview:large","max-video-preview":"max-video-preview:-1"},"canonical":"https:\/\/www.empathicway.pl\/online\/produkt\/mniej-ocen-wiecej-kontaktu-spotkanie-z-lukaszem-bielinskim\/","og_locale":"pl_PL","og_type":"article","og_title":"Mniej ocen, wi\u0119cej kontaktu - spotkanie z \u0141ukaszem Bieli\u0144skim - Empathic Way Online | Porozumienie bez Przemocy w praktyce","og_description":"Mniej ocen, wi\u0119cej kontaktu- spotkanie z \u0141ukaszem Bieli\u0144skim","og_url":"https:\/\/www.empathicway.pl\/online\/produkt\/mniej-ocen-wiecej-kontaktu-spotkanie-z-lukaszem-bielinskim\/","og_site_name":"Empathic Way Online | Porozumienie bez Przemocy w praktyce","article_publisher":"https:\/\/www.facebook.com\/empathicwaypl\/","article_modified_time":"2026-04-16T14:11:10+00:00","og_image":[{"width":1200,"height":1200,"url":"https:\/\/www.empathicway.pl\/online\/wp-content\/uploads\/2026\/04\/Mniej-ocen-wiecej-kontaktu-spotkanie-z-Lukaszem-Bielinskim-w-Portalu-Empathic-Way.png","type":"image\/png"}],"twitter_card":"summary_large_image","twitter_misc":{"Szacowany czas czytania":"4 minuty"},"schema":{"@context":"https:\/\/schema.org","@graph":[{"@type":"WebPage","@id":"https:\/\/www.empathicway.pl\/online\/produkt\/mniej-ocen-wiecej-kontaktu-spotkanie-z-lukaszem-bielinskim\/","url":"https:\/\/www.empathicway.pl\/online\/produkt\/mniej-ocen-wiecej-kontaktu-spotkanie-z-lukaszem-bielinskim\/","name":"Mniej ocen, wi\u0119cej kontaktu - spotkanie z \u0141ukaszem Bieli\u0144skim - Empathic Way Online | Porozumienie bez Przemocy w praktyce","isPartOf":{"@id":"https:\/\/www.empathicway.pl\/online\/#website"},"primaryImageOfPage":{"@id":"https:\/\/www.empathicway.pl\/online\/produkt\/mniej-ocen-wiecej-kontaktu-spotkanie-z-lukaszem-bielinskim\/#primaryimage"},"image":{"@id":"https:\/\/www.empathicway.pl\/online\/produkt\/mniej-ocen-wiecej-kontaktu-spotkanie-z-lukaszem-bielinskim\/#primaryimage"},"thumbnailUrl":"https:\/\/www.empathicway.pl\/online\/wp-content\/uploads\/2026\/04\/Mniej-ocen-wiecej-kontaktu-spotkanie-z-Lukaszem-Bielinskim-w-Portalu-Empathic-Way.png","datePublished":"2026-04-16T12:32:15+00:00","dateModified":"2026-04-16T14:11:10+00:00","description":"Mniej ocen, wi\u0119cej kontaktu- spotkanie z \u0141ukaszem Bieli\u0144skim","breadcrumb":{"@id":"https:\/\/www.empathicway.pl\/online\/produkt\/mniej-ocen-wiecej-kontaktu-spotkanie-z-lukaszem-bielinskim\/#breadcrumb"},"inLanguage":"pl-PL","potentialAction":[{"@type":"ReadAction","target":["https:\/\/www.empathicway.pl\/online\/produkt\/mniej-ocen-wiecej-kontaktu-spotkanie-z-lukaszem-bielinskim\/"]}]},{"@type":"ImageObject","inLanguage":"pl-PL","@id":"https:\/\/www.empathicway.pl\/online\/produkt\/mniej-ocen-wiecej-kontaktu-spotkanie-z-lukaszem-bielinskim\/#primaryimage","url":"https:\/\/www.empathicway.pl\/online\/wp-content\/uploads\/2026\/04\/Mniej-ocen-wiecej-kontaktu-spotkanie-z-Lukaszem-Bielinskim-w-Portalu-Empathic-Way.png","contentUrl":"https:\/\/www.empathicway.pl\/online\/wp-content\/uploads\/2026\/04\/Mniej-ocen-wiecej-kontaktu-spotkanie-z-Lukaszem-Bielinskim-w-Portalu-Empathic-Way.png","width":1200,"height":1200,"caption":"Mniej ocen, wi\u0119cej kontaktu - spotkanie z \u0141ukaszem Bieli\u0144skim"},{"@type":"BreadcrumbList","@id":"https:\/\/www.empathicway.pl\/online\/produkt\/mniej-ocen-wiecej-kontaktu-spotkanie-z-lukaszem-bielinskim\/#breadcrumb","itemListElement":[{"@type":"ListItem","position":1,"name":"Strona g\u0142\u00f3wna","item":"https:\/\/www.empathicway.pl\/online\/"},{"@type":"ListItem","position":2,"name":"Sklep","item":"https:\/\/www.empathicway.pl\/online\/sklep\/"},{"@type":"ListItem","position":3,"name":"Mniej ocen, wi\u0119cej kontaktu &#8211; spotkanie z \u0141ukaszem Bieli\u0144skim"}]},{"@type":"WebSite","@id":"https:\/\/www.empathicway.pl\/online\/#website","url":"https:\/\/www.empathicway.pl\/online\/","name":"Empathic Way Online | Komunikacja empatyczna krok po kroku","description":"Platforma szkoleniowa Empathic Way","publisher":{"@id":"https:\/\/www.empathicway.pl\/online\/#organization"},"potentialAction":[{"@type":"SearchAction","target":{"@type":"EntryPoint","urlTemplate":"https:\/\/www.empathicway.pl\/online\/?s={search_term_string}"},"query-input":{"@type":"PropertyValueSpecification","valueRequired":true,"valueName":"search_term_string"}}],"inLanguage":"pl-PL"},{"@type":"Organization","@id":"https:\/\/www.empathicway.pl\/online\/#organization","name":"Empathic Way","url":"https:\/\/www.empathicway.pl\/online\/","logo":{"@type":"ImageObject","inLanguage":"pl-PL","@id":"https:\/\/www.empathicway.pl\/online\/#\/schema\/logo\/image\/","url":"https:\/\/www.empathicway.pl\/online\/wp-content\/uploads\/2017\/10\/Empathic-Way-Online-logo-www.png","contentUrl":"https:\/\/www.empathicway.pl\/online\/wp-content\/uploads\/2017\/10\/Empathic-Way-Online-logo-www.png","width":2892,"height":657,"caption":"Empathic Way"},"image":{"@id":"https:\/\/www.empathicway.pl\/online\/#\/schema\/logo\/image\/"},"sameAs":["https:\/\/www.facebook.com\/empathicwaypl\/"]}]}},"_links":{"self":[{"href":"https:\/\/www.empathicway.pl\/online\/wp-json\/wp\/v2\/product\/9629","targetHints":{"allow":["GET"]}}],"collection":[{"href":"https:\/\/www.empathicway.pl\/online\/wp-json\/wp\/v2\/product"}],"about":[{"href":"https:\/\/www.empathicway.pl\/online\/wp-json\/wp\/v2\/types\/product"}],"version-history":[{"count":4,"href":"https:\/\/www.empathicway.pl\/online\/wp-json\/wp\/v2\/product\/9629\/revisions"}],"predecessor-version":[{"id":9634,"href":"https:\/\/www.empathicway.pl\/online\/wp-json\/wp\/v2\/product\/9629\/revisions\/9634"}],"wp:featuredmedia":[{"embeddable":true,"href":"https:\/\/www.empathicway.pl\/online\/wp-json\/wp\/v2\/media\/9630"}],"wp:attachment":[{"href":"https:\/\/www.empathicway.pl\/online\/wp-json\/wp\/v2\/media?parent=9629"}],"wp:term":[{"taxonomy":"product_brand","embeddable":true,"href":"https:\/\/www.empathicway.pl\/online\/wp-json\/wp\/v2\/product_brand?post=9629"},{"taxonomy":"product_cat","embeddable":true,"href":"https:\/\/www.empathicway.pl\/online\/wp-json\/wp\/v2\/product_cat?post=9629"},{"taxonomy":"product_tag","embeddable":true,"href":"https:\/\/www.empathicway.pl\/online\/wp-json\/wp\/v2\/product_tag?post=9629"}],"curies":[{"name":"wp","href":"https:\/\/api.w.org\/{rel}","templated":true}]}}